{"id":186190,"date":"2025-01-10T16:35:20","date_gmt":"2025-01-10T15:35:20","guid":{"rendered":"https:\/\/tiendapadel5.com\/?post_type=product&#038;p=186190"},"modified":"2026-02-24T21:31:03","modified_gmt":"2026-02-24T20:31:03","slug":"gamecourt-2-m-ftwr-white-coreblack-lucid-red-2025","status":"publish","type":"product","link":"https:\/\/tiendapadel5.com\/en\/gamecourt-2-m-ftwr-white-coreblack-lucid-red-2025\/","title":{"rendered":"Gamecourt 2 M Ftwr White\/Coreblack\/Lucid Red 2025"},"content":{"rendered":"<h2>Zapatillas Gamecourt 2 M Ftwr White\/Coreblack\/Lucid Red 2025<\/h2>\n<p><strong>Caracter\u00edsticas:<\/strong><\/p>\n<table class=\"table table-striped table-product-dimensions table-light table-bordered- table-sm mt-3\">\n<tbody>\n<tr>\n<td class=\"font-weight-500\">1-<\/td>\n<td>Horma cl\u00e1sica<\/td>\n<\/tr>\n<tr>\n<td class=\"font-weight-500\">2-<\/td>\n<td>Cierre de cordones<\/td>\n<\/tr>\n<tr>\n<td class=\"font-weight-500\">3-<\/td>\n<td>Parte superior de malla perforada<\/td>\n<\/tr>\n<tr>\n<td class=\"font-weight-500\">4-<\/td>\n<td>Panel acolchado en el tobillo<\/td>\n<\/tr>\n<tr>\n<td class=\"font-weight-500\">5-<\/td>\n<td>Forro Textil<\/td>\n<\/tr>\n<tr>\n<td class=\"font-weight-500\">6-<\/td>\n<td>Mediasuela de EVA<\/td>\n<\/tr>\n<tr>\n<td class=\"font-weight-500\">Composici\u00f3n<\/td>\n<td>TEXTILE\/SYNTHETICS<\/td>\n<\/tr>\n<tr>\n<td class=\"font-weight-500\">Fit<\/td>\n<td>Regular<\/td>\n<\/tr>\n<\/tbody>\n<\/table>\n","protected":false},"excerpt":{"rendered":"<p>Las Zapatillas Gamecourt 2 M Ftwr White\/Coreblack\/Lucid Red 2025, dise\u00f1ada con malla ligera en la parte superior y tal\u00f3n acolchado la convierten en su mejor compa\u00f1era para sus partidos y entrenamientos.<\/p>\n","protected":false},"featured_media":186220,"comment_status":"open","ping_status":"closed","template":"","meta":{"_joinchat":[]},"pwb-brand":[28],"product_brand":[],"product_cat":[2325,2630,2327],"product_tag":[7657,9935,10486,10481,7900,10431,7856,2526,8770,2329],"class_list":{"0":"post-186190","1":"product","2":"type-product","3":"status-publish","4":"has-post-thumbnail","6":"pwb-brand-adidas-padel","7":"product_cat-sapatos-padel","8":"product_cat-sapatos-padel-adidas","9":"product_cat-sapatos-padel-homem","10":"product_tag-2-pt-pt","11":"product_tag-2025-pt-pt","12":"product_tag-coreblack","13":"product_tag-ftwr","14":"product_tag-campo-de-jogos","15":"product_tag-lucido","16":"product_tag-m-pt-pt","17":"product_tag-rede","18":"product_tag-branco-pt-pt-3","19":"product_tag-sapatos","20":"pa_talla-40-2-3-pt-pt","21":"pa_talla-41-1-3-pt-pt","22":"pa_talla-42-pt-pt","23":"pa_talla-42-2-3-pt-pt","24":"pa_talla-43-1-3-pt-pt","25":"pa_talla-44-pt-pt","26":"pa_talla-44-2-3-pt-pt","27":"pa_talla-45-1-3-pt-pt","29":"first","30":"instock","31":"sale","32":"taxable","33":"shipping-taxable","34":"purchasable","35":"product-type-variable"},"brands":[{"id":28,"name":"Adidas Padel","slug":"adidas-padel"}],"_links":{"self":[{"href":"https:\/\/tiendapadel5.com\/en\/wp-json\/wp\/v2\/product\/186190","targetHints":{"allow":["GET"]}}],"collection":[{"href":"https:\/\/tiendapadel5.com\/en\/wp-json\/wp\/v2\/product"}],"about":[{"href":"https:\/\/tiendapadel5.com\/en\/wp-json\/wp\/v2\/types\/product"}],"replies":[{"embeddable":true,"href":"https:\/\/tiendapadel5.com\/en\/wp-json\/wp\/v2\/comments?post=186190"}],"version-history":[{"count":0,"href":"https:\/\/tiendapadel5.com\/en\/wp-json\/wp\/v2\/product\/186190\/revisions"}],"wp:featuredmedia":[{"embeddable":true,"href":"https:\/\/tiendapadel5.com\/en\/wp-json\/wp\/v2\/media\/186220"}],"wp:attachment":[{"href":"https:\/\/tiendapadel5.com\/en\/wp-json\/wp\/v2\/media?parent=186190"}],"wp:term":[{"taxonomy":"pwb-brand","embeddable":true,"href":"https:\/\/tiendapadel5.com\/en\/wp-json\/wp\/v2\/pwb-brand?post=186190"},{"taxonomy":"product_brand","embeddable":true,"href":"https:\/\/tiendapadel5.com\/en\/wp-json\/wp\/v2\/product_brand?post=186190"},{"taxonomy":"product_cat","embeddable":true,"href":"https:\/\/tiendapadel5.com\/en\/wp-json\/wp\/v2\/product_cat?post=186190"},{"taxonomy":"product_tag","embeddable":true,"href":"https:\/\/tiendapadel5.com\/en\/wp-json\/wp\/v2\/product_tag?post=186190"}],"curies":[{"name":"wp","href":"https:\/\/api.w.org\/{rel}","templated":true}]}}