{"id":184419,"date":"2024-12-26T10:42:01","date_gmt":"2024-12-26T09:42:01","guid":{"rendered":"https:\/\/tiendapadel5.com\/?post_type=product&#038;p=184419"},"modified":"2025-12-02T16:05:52","modified_gmt":"2025-12-02T15:05:52","slug":"paletero-nox-at10-team-gris-naranja","status":"publish","type":"product","link":"https:\/\/tiendapadel5.com\/en\/paletero-nox-at10-team-gris-naranja\/","title":{"rendered":"Paletero Nox AT10 Team Gris\/Naranja"},"content":{"rendered":"<h2>Paletero Nox AT10 Team Gris\/Naranja<\/h2>\n<p><strong>Caracter\u00edsticas:<\/strong><\/p>\n<ul>\n<li>Compartimento principal con doble cremallera para f\u00e1cil acceso al interior con capacidad para 3 palas de p\u00e1del, ropa, etc.<\/li>\n<li>Compartimento t\u00e9rmico (tecnolog\u00eda NOX ThermoTech) con capacidad para 2 palas de p\u00e1del, botellas, etc.<\/li>\n<li>Compartimentos laterales con bolsillos distribuidos para accesorios, m\u00f3vil, cartera, llavers, etc.<\/li>\n<li>Compartimento aireado para zapatillas en la parte frontal.<\/li>\n<li>Peque\u00f1o compartimento en la parte posterior.<\/li>\n<li>Bolsa para ropa sucia (&#8220;Laundry Bag&#8221;).<\/li>\n<li>Funci\u00f3n de mochila con posibilidad de quitar las asas.<\/li>\n<li>Asa principal ergon\u00f3mica. Base r\u00edgida.<\/li>\n<\/ul>\n<p>&nbsp;<\/p>\n<p><strong>Medidas:\u00a0<\/strong>600 x 300 x 270 mm<\/p>\n<p><strong>Capacidad<\/strong>: 42 litros.<\/p>\n","protected":false},"excerpt":{"rendered":"<p>El Paletero Nox AT10 Team Gris\/Naranja, dise\u00f1ado para que pueda llevar todo lo que necesite a sus partidos, torneos y entrenamientos.<\/p>\n","protected":false},"featured_media":184448,"comment_status":"open","ping_status":"closed","template":"","meta":{"_joinchat":[]},"pwb-brand":[34],"product_brand":[],"product_cat":[20,1357],"product_tag":[946,221,862,130,257,223],"class_list":{"0":"post-184419","1":"product","2":"type-product","3":"status-publish","4":"has-post-thumbnail","6":"pwb-brand-nox","7":"product_cat-paleteros-de-padel","8":"product_cat-mochilas-nox","9":"product_tag-at10","10":"product_tag-gris","11":"product_tag-naranja","12":"product_tag-nox","13":"product_tag-paletero","14":"product_tag-team","16":"first","17":"outofstock","18":"sale","19":"taxable","20":"shipping-taxable","21":"purchasable","22":"product-type-simple"},"brands":[{"id":34,"name":"Nox","slug":"nox"}],"_links":{"self":[{"href":"https:\/\/tiendapadel5.com\/en\/wp-json\/wp\/v2\/product\/184419","targetHints":{"allow":["GET"]}}],"collection":[{"href":"https:\/\/tiendapadel5.com\/en\/wp-json\/wp\/v2\/product"}],"about":[{"href":"https:\/\/tiendapadel5.com\/en\/wp-json\/wp\/v2\/types\/product"}],"replies":[{"embeddable":true,"href":"https:\/\/tiendapadel5.com\/en\/wp-json\/wp\/v2\/comments?post=184419"}],"version-history":[{"count":0,"href":"https:\/\/tiendapadel5.com\/en\/wp-json\/wp\/v2\/product\/184419\/revisions"}],"wp:featuredmedia":[{"embeddable":true,"href":"https:\/\/tiendapadel5.com\/en\/wp-json\/wp\/v2\/media\/184448"}],"wp:attachment":[{"href":"https:\/\/tiendapadel5.com\/en\/wp-json\/wp\/v2\/media?parent=184419"}],"wp:term":[{"taxonomy":"pwb-brand","embeddable":true,"href":"https:\/\/tiendapadel5.com\/en\/wp-json\/wp\/v2\/pwb-brand?post=184419"},{"taxonomy":"product_brand","embeddable":true,"href":"https:\/\/tiendapadel5.com\/en\/wp-json\/wp\/v2\/product_brand?post=184419"},{"taxonomy":"product_cat","embeddable":true,"href":"https:\/\/tiendapadel5.com\/en\/wp-json\/wp\/v2\/product_cat?post=184419"},{"taxonomy":"product_tag","embeddable":true,"href":"https:\/\/tiendapadel5.com\/en\/wp-json\/wp\/v2\/product_tag?post=184419"}],"curies":[{"name":"wp","href":"https:\/\/api.w.org\/{rel}","templated":true}]}}