{"id":181007,"date":"2024-12-17T14:05:16","date_gmt":"2024-12-17T13:05:16","guid":{"rendered":"https:\/\/tiendapadel5.com\/?post_type=product&#038;p=181007"},"modified":"2026-03-28T07:46:32","modified_gmt":"2026-03-28T06:46:32","slug":"zapatillas-head-sprint-pro-4-0-blancas","status":"publish","type":"product","link":"https:\/\/tiendapadel5.com\/en\/zapatillas-head-sprint-pro-4-0-blancas\/","title":{"rendered":"Zapatillas Head Sprint Pro 4.0 Blancas"},"content":{"rendered":"<h2>Zapatillas Head Sprint Pro 4.0 Blancas<\/h2>\n<p>Caracter\u00edsticas:<\/p>\n<p><strong>Material exterior:<\/strong> Malla ligera y transpirable Construcci\u00f3n Half-Sock Correa de cordones triangular Contrafuerte de tal\u00f3n de TPU<br \/>\n<strong>Mediasuela:<\/strong> Baja al suelo Desplazamiento m\u00ednimo entre el tal\u00f3n y la punta Tres densidades de EVA Cambrill\u00f3n 3D antitorsi\u00f3n ventilado<br \/>\n<strong>Suela:<\/strong> Perfil de suela exterior duradero para diferentes superficies de p\u00e1del Patr\u00f3n de suela exterior de 360\u00ba que mejora el movimiento multidireccional<\/p>\n<p>&nbsp;<\/p>\n","protected":false},"excerpt":{"rendered":"<p>Las Zapatillas Head Sprint Pro 4.0 Blancas Blancas, dise\u00f1ada para jugadores de competici\u00f3n que buscan rapidez en sus movimientos y unas zapatillas en las que pueda obtener un rendimiento mejorado y un confort traspirable y ligero.<\/p>\n","protected":false},"featured_media":181030,"comment_status":"open","ping_status":"closed","template":"","meta":{"_joinchat":[]},"pwb-brand":[33],"product_brand":[],"product_cat":[4298,4309],"product_tag":[1932,7654,1913,1905,1889,6699],"class_list":{"0":"post-181007","1":"product","2":"type-product","3":"status-publish","4":"has-post-thumbnail","6":"pwb-brand-head","7":"product_cat-padel-shoes","8":"product_cat-head-padel-shoes","9":"product_tag-4-0-en","10":"product_tag-white-en-3","11":"product_tag-head-en","12":"product_tag-pro-en","13":"product_tag-spirit-en","14":"product_tag-sneakers","15":"pa_talla-41-en","16":"pa_talla-42-en","17":"pa_talla-43-en","18":"pa_talla-44-en","19":"pa_talla-45-en","21":"first","22":"instock","23":"sale","24":"taxable","25":"shipping-taxable","26":"purchasable","27":"product-type-variable","28":"has-default-attributes"},"brands":[{"id":33,"name":"Head","slug":"head"}],"_links":{"self":[{"href":"https:\/\/tiendapadel5.com\/en\/wp-json\/wp\/v2\/product\/181007","targetHints":{"allow":["GET"]}}],"collection":[{"href":"https:\/\/tiendapadel5.com\/en\/wp-json\/wp\/v2\/product"}],"about":[{"href":"https:\/\/tiendapadel5.com\/en\/wp-json\/wp\/v2\/types\/product"}],"replies":[{"embeddable":true,"href":"https:\/\/tiendapadel5.com\/en\/wp-json\/wp\/v2\/comments?post=181007"}],"version-history":[{"count":2,"href":"https:\/\/tiendapadel5.com\/en\/wp-json\/wp\/v2\/product\/181007\/revisions"}],"predecessor-version":[{"id":254786,"href":"https:\/\/tiendapadel5.com\/en\/wp-json\/wp\/v2\/product\/181007\/revisions\/254786"}],"wp:featuredmedia":[{"embeddable":true,"href":"https:\/\/tiendapadel5.com\/en\/wp-json\/wp\/v2\/media\/181030"}],"wp:attachment":[{"href":"https:\/\/tiendapadel5.com\/en\/wp-json\/wp\/v2\/media?parent=181007"}],"wp:term":[{"taxonomy":"pwb-brand","embeddable":true,"href":"https:\/\/tiendapadel5.com\/en\/wp-json\/wp\/v2\/pwb-brand?post=181007"},{"taxonomy":"product_brand","embeddable":true,"href":"https:\/\/tiendapadel5.com\/en\/wp-json\/wp\/v2\/product_brand?post=181007"},{"taxonomy":"product_cat","embeddable":true,"href":"https:\/\/tiendapadel5.com\/en\/wp-json\/wp\/v2\/product_cat?post=181007"},{"taxonomy":"product_tag","embeddable":true,"href":"https:\/\/tiendapadel5.com\/en\/wp-json\/wp\/v2\/product_tag?post=181007"}],"curies":[{"name":"wp","href":"https:\/\/api.w.org\/{rel}","templated":true}]}}