{"id":175975,"date":"2024-11-25T12:35:02","date_gmt":"2024-11-25T11:35:02","guid":{"rendered":"https:\/\/tiendapadel5.com\/?post_type=product&#038;p=175975"},"modified":"2025-05-22T17:04:34","modified_gmt":"2025-05-22T16:04:34","slug":"camiseta-aca-padel-playera-verde-olivo","status":"publish","type":"product","link":"https:\/\/tiendapadel5.com\/en\/camiseta-aca-padel-playera-verde-olivo\/","title":{"rendered":"Camiseta Aca Padel Playera Verde Olivo"},"content":{"rendered":"<h2>Camiseta Aca Padel Playera Verde Olivo<\/h2>\n<p><strong>Caracter\u00edsticas:<\/strong><\/p>\n<p><strong>Material:<\/strong> Algod\u00f3n y Poli\u00e9ster<\/p>\n<p><strong>Color:<\/strong> Verde Olivo<\/p>\n","protected":false},"excerpt":{"rendered":"<p>La Camiseta Aca Padel Playera Verde Olivo, dise\u00f1ada en algod\u00f3n y poli\u00e9ster para obtener una protecci\u00f3n ante los malos olores y ante la humedad, destaca por su comodidad.<\/p>\n","protected":false},"featured_media":175996,"comment_status":"open","ping_status":"closed","template":"","meta":{"_joinchat":[]},"pwb-brand":[10226],"product_brand":[],"product_cat":[21,6130,6132,87,6134,10185,46],"product_tag":[10227,83,10262,85,10256,381],"class_list":{"0":"post-175975","1":"product","2":"type-product","3":"status-publish","4":"has-post-thumbnail","6":"pwb-brand-aca","7":"product_cat-ropa-padel","8":"product_cat-black-friday-padel","9":"product_cat-ropa","10":"product_cat-camisetas","11":"product_cat-cyber-monday-padel","12":"product_cat-ropa-aca","13":"product_cat-hombre","14":"product_tag-aca","15":"product_tag-camiseta","16":"product_tag-olivo","17":"product_tag-padel","18":"product_tag-playera","19":"product_tag-verde","20":"pa_talla-2xl","21":"pa_talla-l","22":"pa_talla-m","23":"pa_talla-xl","25":"first","26":"instock","27":"sale","28":"taxable","29":"shipping-taxable","30":"purchasable","31":"product-type-variable"},"brands":[{"id":10226,"name":"Aca","slug":"aca"}],"_links":{"self":[{"href":"https:\/\/tiendapadel5.com\/en\/wp-json\/wp\/v2\/product\/175975","targetHints":{"allow":["GET"]}}],"collection":[{"href":"https:\/\/tiendapadel5.com\/en\/wp-json\/wp\/v2\/product"}],"about":[{"href":"https:\/\/tiendapadel5.com\/en\/wp-json\/wp\/v2\/types\/product"}],"replies":[{"embeddable":true,"href":"https:\/\/tiendapadel5.com\/en\/wp-json\/wp\/v2\/comments?post=175975"}],"version-history":[{"count":0,"href":"https:\/\/tiendapadel5.com\/en\/wp-json\/wp\/v2\/product\/175975\/revisions"}],"wp:featuredmedia":[{"embeddable":true,"href":"https:\/\/tiendapadel5.com\/en\/wp-json\/wp\/v2\/media\/175996"}],"wp:attachment":[{"href":"https:\/\/tiendapadel5.com\/en\/wp-json\/wp\/v2\/media?parent=175975"}],"wp:term":[{"taxonomy":"pwb-brand","embeddable":true,"href":"https:\/\/tiendapadel5.com\/en\/wp-json\/wp\/v2\/pwb-brand?post=175975"},{"taxonomy":"product_brand","embeddable":true,"href":"https:\/\/tiendapadel5.com\/en\/wp-json\/wp\/v2\/product_brand?post=175975"},{"taxonomy":"product_cat","embeddable":true,"href":"https:\/\/tiendapadel5.com\/en\/wp-json\/wp\/v2\/product_cat?post=175975"},{"taxonomy":"product_tag","embeddable":true,"href":"https:\/\/tiendapadel5.com\/en\/wp-json\/wp\/v2\/product_tag?post=175975"}],"curies":[{"name":"wp","href":"https:\/\/api.w.org\/{rel}","templated":true}]}}