{"id":175947,"date":"2024-11-25T12:32:16","date_gmt":"2024-11-25T11:32:16","guid":{"rendered":"https:\/\/tiendapadel5.com\/?post_type=product&#038;p=175947"},"modified":"2025-05-22T17:04:39","modified_gmt":"2025-05-22T16:04:39","slug":"camiseta-aca-padel-playera-gris-jaspeado","status":"publish","type":"product","link":"https:\/\/tiendapadel5.com\/en\/camiseta-aca-padel-playera-gris-jaspeado\/","title":{"rendered":"Camiseta Aca Padel Playera Gris Jaspeado"},"content":{"rendered":"<h2>Camiseta Aca Padel Playera Gris Jaspeado<\/h2>\n<p><strong>Caracter\u00edsticas:<\/strong><\/p>\n<p><strong>Material:<\/strong> Algod\u00f3n y Poli\u00e9ster<\/p>\n<p><strong>Color:<\/strong> Gris Jaspeado<\/p>\n","protected":false},"excerpt":{"rendered":"<p>La Camiseta Aca Padel Playera Gris Jaspeado, dise\u00f1ada en algod\u00f3n y poli\u00e9ster para obtener una protecci\u00f3n ante los malos olores y ante la humedad, destaca por su comodidad.<\/p>\n","protected":false},"featured_media":175967,"comment_status":"open","ping_status":"closed","template":"","meta":{"_joinchat":[]},"pwb-brand":[10226],"product_brand":[],"product_cat":[21,6130,6132,87,6134,10185,46],"product_tag":[10227,83,221,7028,85,10256],"class_list":{"0":"post-175947","1":"product","2":"type-product","3":"status-publish","4":"has-post-thumbnail","6":"pwb-brand-aca","7":"product_cat-ropa-padel","8":"product_cat-black-friday-padel","9":"product_cat-ropa","10":"product_cat-camisetas","11":"product_cat-cyber-monday-padel","12":"product_cat-ropa-aca","13":"product_cat-hombre","14":"product_tag-aca","15":"product_tag-camiseta","16":"product_tag-gris","17":"product_tag-jaspeado","18":"product_tag-padel","19":"product_tag-playera","20":"pa_talla-2xl","21":"pa_talla-l","22":"pa_talla-m","23":"pa_talla-s","24":"pa_talla-xl","26":"first","27":"instock","28":"sale","29":"taxable","30":"shipping-taxable","31":"purchasable","32":"product-type-variable"},"brands":[{"id":10226,"name":"Aca","slug":"aca"}],"_links":{"self":[{"href":"https:\/\/tiendapadel5.com\/en\/wp-json\/wp\/v2\/product\/175947","targetHints":{"allow":["GET"]}}],"collection":[{"href":"https:\/\/tiendapadel5.com\/en\/wp-json\/wp\/v2\/product"}],"about":[{"href":"https:\/\/tiendapadel5.com\/en\/wp-json\/wp\/v2\/types\/product"}],"replies":[{"embeddable":true,"href":"https:\/\/tiendapadel5.com\/en\/wp-json\/wp\/v2\/comments?post=175947"}],"version-history":[{"count":0,"href":"https:\/\/tiendapadel5.com\/en\/wp-json\/wp\/v2\/product\/175947\/revisions"}],"wp:featuredmedia":[{"embeddable":true,"href":"https:\/\/tiendapadel5.com\/en\/wp-json\/wp\/v2\/media\/175967"}],"wp:attachment":[{"href":"https:\/\/tiendapadel5.com\/en\/wp-json\/wp\/v2\/media?parent=175947"}],"wp:term":[{"taxonomy":"pwb-brand","embeddable":true,"href":"https:\/\/tiendapadel5.com\/en\/wp-json\/wp\/v2\/pwb-brand?post=175947"},{"taxonomy":"product_brand","embeddable":true,"href":"https:\/\/tiendapadel5.com\/en\/wp-json\/wp\/v2\/product_brand?post=175947"},{"taxonomy":"product_cat","embeddable":true,"href":"https:\/\/tiendapadel5.com\/en\/wp-json\/wp\/v2\/product_cat?post=175947"},{"taxonomy":"product_tag","embeddable":true,"href":"https:\/\/tiendapadel5.com\/en\/wp-json\/wp\/v2\/product_tag?post=175947"}],"curies":[{"name":"wp","href":"https:\/\/api.w.org\/{rel}","templated":true}]}}