{"id":164588,"date":"2024-09-27T07:20:25","date_gmt":"2024-09-27T06:20:25","guid":{"rendered":"https:\/\/tiendapadel5.com\/?post_type=product&#038;p=164588"},"modified":"2025-02-14T05:38:17","modified_gmt":"2025-02-14T04:38:17","slug":"munequeras-lok-tyedye-azul","status":"publish","type":"product","link":"https:\/\/tiendapadel5.com\/en\/munequeras-lok-tyedye-azul\/","title":{"rendered":"Mu\u00f1equeras Lok Tyedye Azul"},"content":{"rendered":"<h2>Caracter\u00edsticas Mu\u00f1equeras Lok Tyedye Azul:<\/h2>\n<p><strong>Color:<\/strong> Azul<\/p>\n","protected":false},"excerpt":{"rendered":"<p>Las Mu\u00f1equeras Lok Tyedye Azul, es un nuevo dise\u00f1o moderno, son ideales para sus partidos gracias a su tejido que es perfecto para secarse en sus partidos.<\/p>\n","protected":false},"featured_media":164557,"comment_status":"open","ping_status":"closed","template":"","meta":{"_joinchat":[]},"pwb-brand":[6561],"product_brand":[],"product_cat":[4280,6653,4423],"product_tag":[6591,7651,9798,7279],"class_list":{"0":"post-164588","1":"product","2":"type-product","3":"status-publish","4":"has-post-thumbnail","6":"pwb-brand-lokk","7":"product_cat-padel-accessories","8":"product_cat-lok-accessories","9":"product_cat-padel-wristbands","10":"product_tag-lok-en","11":"product_tag-wristbands","12":"product_tag-tyedye","13":"product_tag-green-en-2","15":"first","16":"instock","17":"sale","18":"taxable","19":"shipping-taxable","20":"purchasable","21":"product-type-simple"},"brands":[{"id":6561,"name":"Lok","slug":"lokk"}],"_links":{"self":[{"href":"https:\/\/tiendapadel5.com\/en\/wp-json\/wp\/v2\/product\/164588","targetHints":{"allow":["GET"]}}],"collection":[{"href":"https:\/\/tiendapadel5.com\/en\/wp-json\/wp\/v2\/product"}],"about":[{"href":"https:\/\/tiendapadel5.com\/en\/wp-json\/wp\/v2\/types\/product"}],"replies":[{"embeddable":true,"href":"https:\/\/tiendapadel5.com\/en\/wp-json\/wp\/v2\/comments?post=164588"}],"version-history":[{"count":0,"href":"https:\/\/tiendapadel5.com\/en\/wp-json\/wp\/v2\/product\/164588\/revisions"}],"wp:featuredmedia":[{"embeddable":true,"href":"https:\/\/tiendapadel5.com\/en\/wp-json\/wp\/v2\/media\/164557"}],"wp:attachment":[{"href":"https:\/\/tiendapadel5.com\/en\/wp-json\/wp\/v2\/media?parent=164588"}],"wp:term":[{"taxonomy":"pwb-brand","embeddable":true,"href":"https:\/\/tiendapadel5.com\/en\/wp-json\/wp\/v2\/pwb-brand?post=164588"},{"taxonomy":"product_brand","embeddable":true,"href":"https:\/\/tiendapadel5.com\/en\/wp-json\/wp\/v2\/product_brand?post=164588"},{"taxonomy":"product_cat","embeddable":true,"href":"https:\/\/tiendapadel5.com\/en\/wp-json\/wp\/v2\/product_cat?post=164588"},{"taxonomy":"product_tag","embeddable":true,"href":"https:\/\/tiendapadel5.com\/en\/wp-json\/wp\/v2\/product_tag?post=164588"}],"curies":[{"name":"wp","href":"https:\/\/api.w.org\/{rel}","templated":true}]}}