{"id":163323,"date":"2024-09-23T23:30:17","date_gmt":"2024-09-23T22:30:17","guid":{"rendered":"https:\/\/tiendapadel5.com\/?post_type=product&#038;p=163323"},"modified":"2025-12-21T18:01:41","modified_gmt":"2025-12-21T17:01:41","slug":"pantalon-bullpadel-outles-bg-azul-oscuro","status":"publish","type":"product","link":"https:\/\/tiendapadel5.com\/en\/pantalon-bullpadel-outles-bg-azul-oscuro\/","title":{"rendered":"Pantal\u00f3n Bullpadel Outles BG Azul Oscuro"},"content":{"rendered":"<h2>Caracter\u00edsticas Pantal\u00f3n Bullpadel Outles BG Azul Oscuro:<\/h2>\n<p><strong>Color:<\/strong> Azul Oscuro<\/p>\n","protected":false},"excerpt":{"rendered":"<p>El Pantal\u00f3n Bullpadel Outles BG Azul Oscuro, dise\u00f1ado con tejido de doble pique elastico con secado rapido.<\/p>\n","protected":false},"featured_media":163351,"comment_status":"open","ping_status":"closed","template":"","meta":{"_joinchat":[]},"pwb-brand":[31],"product_brand":[],"product_cat":[6130,6132,6134,21,447,47],"product_tag":[295,9803,319,5866,9802,401],"class_list":{"0":"post-163323","1":"product","2":"type-product","3":"status-publish","4":"has-post-thumbnail","6":"pwb-brand-bullpadel","7":"product_cat-black-friday-padel","8":"product_cat-ropa","9":"product_cat-cyber-monday-padel","10":"product_cat-ropa-padel","11":"product_cat-ropa-bullpadel","12":"product_cat-mujer","13":"product_tag-azul","14":"product_tag-bg","15":"product_tag-bullpadel","16":"product_tag-oscuro","17":"product_tag-outles","18":"product_tag-pantalon","19":"pa_talla-l","20":"pa_talla-m","21":"pa_talla-s","22":"pa_talla-xl","23":"pa_talla-xs","25":"first","26":"instock","27":"sale","28":"taxable","29":"shipping-taxable","30":"purchasable","31":"product-type-variable"},"brands":[{"id":31,"name":"Bullpadel","slug":"bullpadel"}],"_links":{"self":[{"href":"https:\/\/tiendapadel5.com\/en\/wp-json\/wp\/v2\/product\/163323","targetHints":{"allow":["GET"]}}],"collection":[{"href":"https:\/\/tiendapadel5.com\/en\/wp-json\/wp\/v2\/product"}],"about":[{"href":"https:\/\/tiendapadel5.com\/en\/wp-json\/wp\/v2\/types\/product"}],"replies":[{"embeddable":true,"href":"https:\/\/tiendapadel5.com\/en\/wp-json\/wp\/v2\/comments?post=163323"}],"version-history":[{"count":0,"href":"https:\/\/tiendapadel5.com\/en\/wp-json\/wp\/v2\/product\/163323\/revisions"}],"wp:featuredmedia":[{"embeddable":true,"href":"https:\/\/tiendapadel5.com\/en\/wp-json\/wp\/v2\/media\/163351"}],"wp:attachment":[{"href":"https:\/\/tiendapadel5.com\/en\/wp-json\/wp\/v2\/media?parent=163323"}],"wp:term":[{"taxonomy":"pwb-brand","embeddable":true,"href":"https:\/\/tiendapadel5.com\/en\/wp-json\/wp\/v2\/pwb-brand?post=163323"},{"taxonomy":"product_brand","embeddable":true,"href":"https:\/\/tiendapadel5.com\/en\/wp-json\/wp\/v2\/product_brand?post=163323"},{"taxonomy":"product_cat","embeddable":true,"href":"https:\/\/tiendapadel5.com\/en\/wp-json\/wp\/v2\/product_cat?post=163323"},{"taxonomy":"product_tag","embeddable":true,"href":"https:\/\/tiendapadel5.com\/en\/wp-json\/wp\/v2\/product_tag?post=163323"}],"curies":[{"name":"wp","href":"https:\/\/api.w.org\/{rel}","templated":true}]}}