{"id":147906,"date":"2024-06-24T09:30:41","date_gmt":"2024-06-24T08:30:41","guid":{"rendered":"https:\/\/tiendapadel5.com\/?post_type=product&#038;p=147906"},"modified":"2026-03-11T17:08:53","modified_gmt":"2026-03-11T16:08:53","slug":"pantalon-bullpadel-detri-j-blanco","status":"publish","type":"product","link":"https:\/\/tiendapadel5.com\/en\/pantalon-bullpadel-detri-j-blanco\/","title":{"rendered":"Pantal\u00f3n Bullpadel Detri J Blanco"},"content":{"rendered":"<h2>Caracter\u00edsticas Pantal\u00f3n Bullpadel Detri J Blanco:<\/h2>\n<p><strong>Color:<\/strong> Blanco<\/p>\n<p><strong>Jugador:<\/strong> Ni\u00f1o<\/p>\n<p><strong>Material:<\/strong> 95% de poli\u00e9ster y 5% de elastano.<\/p>\n","protected":false},"excerpt":{"rendered":"<p>El Pantal\u00f3n Bullpadel Detri J Blanco, dise\u00f1ado para obtener en sus partidos una mayor comodidad y un secado rapido.<\/p>\n","protected":false},"featured_media":180233,"comment_status":"closed","ping_status":"closed","template":"","meta":{"_joinchat":[]},"pwb-brand":[31],"product_brand":[],"product_cat":[4901,4357],"product_tag":[4983,1505,774,10392,6556],"class_list":{"0":"post-147906","1":"product","2":"type-product","3":"status-publish","4":"has-post-thumbnail","6":"pwb-brand-bullpadel","7":"product_cat-pantaloncini-padel","8":"product_cat-abbigliamento-padel-bullpadel","9":"product_tag-bianco","10":"product_tag-bullpadel-it","11":"product_tag-detri","12":"product_tag-j","13":"product_tag-pantaloni","14":"pa_talla-775","15":"pa_talla-776","16":"pa_talla-750","17":"pa_talla-751","19":"first","20":"instock","21":"sale","22":"taxable","23":"shipping-taxable","24":"purchasable","25":"product-type-variable"},"brands":[{"id":31,"name":"Bullpadel","slug":"bullpadel"}],"_links":{"self":[{"href":"https:\/\/tiendapadel5.com\/en\/wp-json\/wp\/v2\/product\/147906","targetHints":{"allow":["GET"]}}],"collection":[{"href":"https:\/\/tiendapadel5.com\/en\/wp-json\/wp\/v2\/product"}],"about":[{"href":"https:\/\/tiendapadel5.com\/en\/wp-json\/wp\/v2\/types\/product"}],"replies":[{"embeddable":true,"href":"https:\/\/tiendapadel5.com\/en\/wp-json\/wp\/v2\/comments?post=147906"}],"version-history":[{"count":1,"href":"https:\/\/tiendapadel5.com\/en\/wp-json\/wp\/v2\/product\/147906\/revisions"}],"predecessor-version":[{"id":255956,"href":"https:\/\/tiendapadel5.com\/en\/wp-json\/wp\/v2\/product\/147906\/revisions\/255956"}],"wp:featuredmedia":[{"embeddable":true,"href":"https:\/\/tiendapadel5.com\/en\/wp-json\/wp\/v2\/media\/180233"}],"wp:attachment":[{"href":"https:\/\/tiendapadel5.com\/en\/wp-json\/wp\/v2\/media?parent=147906"}],"wp:term":[{"taxonomy":"pwb-brand","embeddable":true,"href":"https:\/\/tiendapadel5.com\/en\/wp-json\/wp\/v2\/pwb-brand?post=147906"},{"taxonomy":"product_brand","embeddable":true,"href":"https:\/\/tiendapadel5.com\/en\/wp-json\/wp\/v2\/product_brand?post=147906"},{"taxonomy":"product_cat","embeddable":true,"href":"https:\/\/tiendapadel5.com\/en\/wp-json\/wp\/v2\/product_cat?post=147906"},{"taxonomy":"product_tag","embeddable":true,"href":"https:\/\/tiendapadel5.com\/en\/wp-json\/wp\/v2\/product_tag?post=147906"}],"curies":[{"name":"wp","href":"https:\/\/api.w.org\/{rel}","templated":true}]}}