{"id":135157,"date":"2024-04-29T10:56:17","date_gmt":"2024-04-29T09:56:17","guid":{"rendered":"https:\/\/tiendapadel5.com\/hose-lang-tiro23-l-sw-dunkelblau\/"},"modified":"2024-04-29T10:56:17","modified_gmt":"2024-04-29T09:56:17","slug":"hose-lang-tiro23-l-sw-dunkelblau","status":"publish","type":"product","link":"https:\/\/tiendapadel5.com\/en\/hose-lang-tiro23-l-sw-dunkelblau\/","title":{"rendered":"Hose Lang Tiro23 L SW Dunkelblau"},"content":{"rendered":"<h2>Lange Hose Tiro23 L SW Dunkelblau Eigenschaften:<\/h2>\n<table class=\"table table-striped table-product-dimensions table-light table-bordered- table-sm mt-3\">\n<tbody>\n<tr>\n<td class=\"font-weight-500\">1-<\/td>\n<td>Klassischer Schnitt<\/td>\n<\/tr>\n<tr>\n<td class=\"font-weight-500\">2-<\/td>\n<td>Mittelhoher elastischer Bund mit Kordelzug<\/td>\n<\/tr>\n<tr>\n<td class=\"font-weight-500\">3-<\/td>\n<td>Doppelt gestricktes 100% recyceltes Polyester<\/td>\n<\/tr>\n<tr>\n<td class=\"font-weight-500\">4-<\/td>\n<td>Eins\u00e4tze in Dreiecksform: gepr\u00e4gter Stoff aus 100% recyceltem Polyester<\/td>\n<\/tr>\n<tr>\n<td class=\"font-weight-500\">5-<\/td>\n<td>AEROREADY<\/td>\n<\/tr>\n<tr>\n<td class=\"font-weight-500\">6-<\/td>\n<td>Rei\u00dfverschlusstaschen in der Seitennaht<\/td>\n<\/tr>\n<tr>\n<td class=\"font-weight-500\">Zusammensetzung<\/td>\n<td>100% REC.PES<\/td>\n<\/tr>\n<tr>\n<td class=\"font-weight-500\">Fit<\/td>\n<td>REGELM\u00c4SSIG<\/td>\n<\/tr>\n<tr>\n<td class=\"font-weight-500\">Sammlung<\/td>\n<td>Ausr\u00fcstung<\/td>\n<\/tr>\n<\/tbody>\n<\/table>\n","protected":false},"excerpt":{"rendered":"<p>Mit der Tiro23 L SW Dark Blue Long Trousers k\u00f6nnen Sie sich v\u00f6llig frei bewegen. Sie besteht aus atmungsaktivem Material und hat Rei\u00dfverschl\u00fcsse an den unteren B\u00fcndchen f\u00fcr mehr Komfort.<\/p>\n","protected":false},"featured_media":134576,"comment_status":"open","ping_status":"closed","template":"","meta":{"_joinchat":[]},"pwb-brand":[28],"product_brand":[],"product_cat":[4948,46,21],"product_tag":[143,295,5866,401,4398,548,4499,4498],"class_list":{"0":"post-135157","1":"product","2":"type-product","3":"status-publish","4":"has-post-thumbnail","6":"pwb-brand-adidas-padel","7":"product_cat-ropa-adidas","8":"product_cat-hombre","9":"product_cat-ropa-padel","10":"product_tag-adidas","11":"product_tag-azul","12":"product_tag-oscuro","13":"product_tag-pantalon","14":"product_tag-l","15":"product_tag-largo","16":"product_tag-tiro23","17":"product_tag-sw","18":"pa_talla-l","19":"pa_talla-m","21":"first","22":"instock","23":"taxable","24":"shipping-taxable","25":"purchasable","26":"product-type-variable"},"brands":[{"id":28,"name":"Adidas Padel","slug":"adidas-padel"}],"_links":{"self":[{"href":"https:\/\/tiendapadel5.com\/en\/wp-json\/wp\/v2\/product\/135157","targetHints":{"allow":["GET"]}}],"collection":[{"href":"https:\/\/tiendapadel5.com\/en\/wp-json\/wp\/v2\/product"}],"about":[{"href":"https:\/\/tiendapadel5.com\/en\/wp-json\/wp\/v2\/types\/product"}],"replies":[{"embeddable":true,"href":"https:\/\/tiendapadel5.com\/en\/wp-json\/wp\/v2\/comments?post=135157"}],"version-history":[{"count":0,"href":"https:\/\/tiendapadel5.com\/en\/wp-json\/wp\/v2\/product\/135157\/revisions"}],"wp:featuredmedia":[{"embeddable":true,"href":"https:\/\/tiendapadel5.com\/en\/wp-json\/wp\/v2\/media\/134576"}],"wp:attachment":[{"href":"https:\/\/tiendapadel5.com\/en\/wp-json\/wp\/v2\/media?parent=135157"}],"wp:term":[{"taxonomy":"pwb-brand","embeddable":true,"href":"https:\/\/tiendapadel5.com\/en\/wp-json\/wp\/v2\/pwb-brand?post=135157"},{"taxonomy":"product_brand","embeddable":true,"href":"https:\/\/tiendapadel5.com\/en\/wp-json\/wp\/v2\/product_brand?post=135157"},{"taxonomy":"product_cat","embeddable":true,"href":"https:\/\/tiendapadel5.com\/en\/wp-json\/wp\/v2\/product_cat?post=135157"},{"taxonomy":"product_tag","embeddable":true,"href":"https:\/\/tiendapadel5.com\/en\/wp-json\/wp\/v2\/product_tag?post=135157"}],"curies":[{"name":"wp","href":"https:\/\/api.w.org\/{rel}","templated":true}]}}