{"id":125305,"date":"2024-03-22T12:29:05","date_gmt":"2024-03-22T11:29:05","guid":{"rendered":"https:\/\/tiendapadel5.com\/starvie-astrum-pro-limited-edition-2024-racket\/"},"modified":"2024-03-22T12:29:05","modified_gmt":"2024-03-22T11:29:05","slug":"starvie-astrum-pro-limited-edition-2024-racket","status":"publish","type":"product","link":"https:\/\/tiendapadel5.com\/en\/starvie-astrum-pro-limited-edition-2024-racket\/","title":{"rendered":"Starvie Astrum Pro Limited Edition 2024 Racket"},"content":{"rendered":"<div class=\"item\">\n<h2>Beskrivning Starvie Astrum Pro Limited Edition 2024<\/h2>\n<p class=\"title\"><b>Niv\u00e5: <\/b>Avancerad+<\/p>\n<\/div>\n<div class=\"item\">\n<p class=\"title\"><b>Typ av spel: <\/b>Attack och kontroll<\/p>\n<\/div>\n<div class=\"item\">\n<p class=\"title\">Kontroll: 100%<\/p>\n<\/div>\n<div class=\"item\">\n<p class=\"title\">Effekt: 98,5%.<\/p>\n<\/div>\n<div class=\"item\">\n<p class=\"title\"><b>Ball output: <\/b>95% Ball output: 95% Ball output: 95% Ball output: 95% Ball output: 95% Ball output: 95% Ball output: 95% Ball output: 95% Ball output: 95%<\/p>\n<\/div>\n","protected":false},"excerpt":{"rendered":"<p>Starvie Astrum Pro Limited Edition 2024 har nytt PRO 50-gummi f\u00f6r fasthet och kontroll. Den ger ocks\u00e5 extra kraft tack vare de tv\u00e5 lagren av 3k-kolfiber som den \u00e4r tillverkad av.<\/p>\n","protected":false},"featured_media":0,"comment_status":"open","ping_status":"closed","template":"","meta":{"_joinchat":[]},"pwb-brand":[35],"product_brand":[],"product_cat":[4299],"product_tag":[1972,2019,11615,1905,11589,1969,1910],"class_list":{"0":"post-125305","1":"product","2":"type-product","3":"status-publish","5":"pwb-brand-starvie","6":"product_cat-padel-outlet","7":"product_tag-astrum-en","8":"product_tag-limited-en","9":"product_tag-padel","10":"product_tag-pro-en","11":"product_tag-pala","12":"product_tag-starvie-en","13":"product_tag-edition-en","15":"first","16":"instock","17":"sale","18":"taxable","19":"shipping-taxable","20":"purchasable","21":"product-type-simple"},"brands":[{"id":35,"name":"Starvie","slug":"starvie"}],"_links":{"self":[{"href":"https:\/\/tiendapadel5.com\/en\/wp-json\/wp\/v2\/product\/125305","targetHints":{"allow":["GET"]}}],"collection":[{"href":"https:\/\/tiendapadel5.com\/en\/wp-json\/wp\/v2\/product"}],"about":[{"href":"https:\/\/tiendapadel5.com\/en\/wp-json\/wp\/v2\/types\/product"}],"replies":[{"embeddable":true,"href":"https:\/\/tiendapadel5.com\/en\/wp-json\/wp\/v2\/comments?post=125305"}],"version-history":[{"count":0,"href":"https:\/\/tiendapadel5.com\/en\/wp-json\/wp\/v2\/product\/125305\/revisions"}],"wp:attachment":[{"href":"https:\/\/tiendapadel5.com\/en\/wp-json\/wp\/v2\/media?parent=125305"}],"wp:term":[{"taxonomy":"pwb-brand","embeddable":true,"href":"https:\/\/tiendapadel5.com\/en\/wp-json\/wp\/v2\/pwb-brand?post=125305"},{"taxonomy":"product_brand","embeddable":true,"href":"https:\/\/tiendapadel5.com\/en\/wp-json\/wp\/v2\/product_brand?post=125305"},{"taxonomy":"product_cat","embeddable":true,"href":"https:\/\/tiendapadel5.com\/en\/wp-json\/wp\/v2\/product_cat?post=125305"},{"taxonomy":"product_tag","embeddable":true,"href":"https:\/\/tiendapadel5.com\/en\/wp-json\/wp\/v2\/product_tag?post=125305"}],"curies":[{"name":"wp","href":"https:\/\/api.w.org\/{rel}","templated":true}]}}