{"id":123489,"date":"2024-03-23T17:02:21","date_gmt":"2024-03-23T16:02:21","guid":{"rendered":"https:\/\/tiendapadel5.com\/lok-latt-flode\/"},"modified":"2024-03-23T17:02:21","modified_gmt":"2024-03-23T16:02:21","slug":"lok-latt-flode","status":"publish","type":"product","link":"https:\/\/tiendapadel5.com\/en\/lok-latt-flode\/","title":{"rendered":"Lok L\u00e4tt fl\u00f6de"},"content":{"rendered":"<h2>Lok Easy Flow Funktioner:<\/h2>\n<p>NIV\u00c5: Medelsv\u00e5r<\/p>\n<p>SWEET SPOT: Centrum<\/p>\n<p>FORM: Rund<\/p>\n<p>BALANS: Centrum<\/p>\n<p>VIKT: 360-375 gram<\/p>\n<p>L\u00c4NGD: 455 mm<\/p>\n<p>PROFIL: 38 mm<\/p>\n","protected":false},"excerpt":{"rendered":"<p>New Lok Easy Flow \u00e4r ett racket f\u00f6r medelgoda spelare, som letar efter ett m\u00e5ngsidigt racket med kontroll och komfort.<\/p>\n","protected":false},"featured_media":0,"comment_status":"open","ping_status":"closed","template":"","meta":{"_joinchat":[]},"pwb-brand":[6561],"product_brand":[],"product_cat":[26],"product_tag":[323,1249,6573],"class_list":{"0":"post-123489","1":"product","2":"type-product","3":"status-publish","5":"pwb-brand-lokk","6":"product_cat-outlet-de-padel","7":"product_tag-flow","8":"product_tag-easy","9":"product_tag-lok","10":"pa_forma-redonda","11":"pa_marco-fibra-de-carbono","12":"pa_nivel-de-juego-intermedio","13":"pa_tipo-de-juego-control","15":"first","16":"instock","17":"sale","18":"taxable","19":"shipping-taxable","20":"purchasable","21":"product-type-simple"},"brands":[{"id":6561,"name":"Lok","slug":"lokk"}],"_links":{"self":[{"href":"https:\/\/tiendapadel5.com\/en\/wp-json\/wp\/v2\/product\/123489","targetHints":{"allow":["GET"]}}],"collection":[{"href":"https:\/\/tiendapadel5.com\/en\/wp-json\/wp\/v2\/product"}],"about":[{"href":"https:\/\/tiendapadel5.com\/en\/wp-json\/wp\/v2\/types\/product"}],"replies":[{"embeddable":true,"href":"https:\/\/tiendapadel5.com\/en\/wp-json\/wp\/v2\/comments?post=123489"}],"version-history":[{"count":0,"href":"https:\/\/tiendapadel5.com\/en\/wp-json\/wp\/v2\/product\/123489\/revisions"}],"wp:attachment":[{"href":"https:\/\/tiendapadel5.com\/en\/wp-json\/wp\/v2\/media?parent=123489"}],"wp:term":[{"taxonomy":"pwb-brand","embeddable":true,"href":"https:\/\/tiendapadel5.com\/en\/wp-json\/wp\/v2\/pwb-brand?post=123489"},{"taxonomy":"product_brand","embeddable":true,"href":"https:\/\/tiendapadel5.com\/en\/wp-json\/wp\/v2\/product_brand?post=123489"},{"taxonomy":"product_cat","embeddable":true,"href":"https:\/\/tiendapadel5.com\/en\/wp-json\/wp\/v2\/product_cat?post=123489"},{"taxonomy":"product_tag","embeddable":true,"href":"https:\/\/tiendapadel5.com\/en\/wp-json\/wp\/v2\/product_tag?post=123489"}],"curies":[{"name":"wp","href":"https:\/\/api.w.org\/{rel}","templated":true}]}}