{"id":123207,"date":"2024-03-23T10:18:29","date_gmt":"2024-03-23T09:18:29","guid":{"rendered":"https:\/\/tiendapadel5.com\/lok-maxx-flode\/"},"modified":"2024-03-23T10:18:29","modified_gmt":"2024-03-23T09:18:29","slug":"lok-maxx-flode","status":"publish","type":"product","link":"https:\/\/tiendapadel5.com\/en\/lok-maxx-flode\/","title":{"rendered":"Lok Maxx Fl\u00f6de"},"content":{"rendered":"<h2>Lok Maxx Fl\u00f6desfunktioner:<\/h2>\n<p>NIV\u00c5: PRO<\/p>\n<p>SWEET SPOT: Centrum<\/p>\n<p>FORM: Rund<\/p>\n<p>BALANS: Centrum<\/p>\n<p>VIKT: 360-375 gram<\/p>\n<p>L\u00c4NGD: 455 mm<\/p>\n<p>PROFIL: 38 mm<\/p>\n","protected":false},"excerpt":{"rendered":"<p>New Lok Maxx Flow-spaden \u00e4r den som valts av Bea Caldera. Detta racket \u00e4r utformat f\u00f6r spelare p\u00e5 avancerad niv\u00e5 tack vare sin teknik och \u00e4r avsett f\u00f6r spelare som letar efter f\u00f6rsvar och kontroll i sitt spel.<\/p>\n","protected":false},"featured_media":0,"comment_status":"open","ping_status":"closed","template":"","meta":{"_joinchat":[]},"pwb-brand":[6561],"product_brand":[],"product_cat":[26],"product_tag":[323,6573,6574],"class_list":{"0":"post-123207","1":"product","2":"type-product","3":"status-publish","5":"pwb-brand-lokk","6":"product_cat-outlet-de-padel","7":"product_tag-flow","8":"product_tag-lok","9":"product_tag-maxx","10":"pa_forma-redonda","11":"pa_marco-fibra-de-carbono","12":"pa_nivel-de-juego-avanzado-profesional","13":"pa_tipo-de-juego-control","15":"first","16":"instock","17":"taxable","18":"shipping-taxable","19":"purchasable","20":"product-type-simple"},"brands":[{"id":6561,"name":"Lok","slug":"lokk"}],"_links":{"self":[{"href":"https:\/\/tiendapadel5.com\/en\/wp-json\/wp\/v2\/product\/123207","targetHints":{"allow":["GET"]}}],"collection":[{"href":"https:\/\/tiendapadel5.com\/en\/wp-json\/wp\/v2\/product"}],"about":[{"href":"https:\/\/tiendapadel5.com\/en\/wp-json\/wp\/v2\/types\/product"}],"replies":[{"embeddable":true,"href":"https:\/\/tiendapadel5.com\/en\/wp-json\/wp\/v2\/comments?post=123207"}],"version-history":[{"count":0,"href":"https:\/\/tiendapadel5.com\/en\/wp-json\/wp\/v2\/product\/123207\/revisions"}],"wp:attachment":[{"href":"https:\/\/tiendapadel5.com\/en\/wp-json\/wp\/v2\/media?parent=123207"}],"wp:term":[{"taxonomy":"pwb-brand","embeddable":true,"href":"https:\/\/tiendapadel5.com\/en\/wp-json\/wp\/v2\/pwb-brand?post=123207"},{"taxonomy":"product_brand","embeddable":true,"href":"https:\/\/tiendapadel5.com\/en\/wp-json\/wp\/v2\/product_brand?post=123207"},{"taxonomy":"product_cat","embeddable":true,"href":"https:\/\/tiendapadel5.com\/en\/wp-json\/wp\/v2\/product_cat?post=123207"},{"taxonomy":"product_tag","embeddable":true,"href":"https:\/\/tiendapadel5.com\/en\/wp-json\/wp\/v2\/product_tag?post=123207"}],"curies":[{"name":"wp","href":"https:\/\/api.w.org\/{rel}","templated":true}]}}