{"id":114314,"date":"2024-02-01T14:24:36","date_gmt":"2024-02-01T13:24:36","guid":{"rendered":"https:\/\/tiendapadel5.com\/?post_type=product&#038;p=114314"},"modified":"2026-02-26T17:03:56","modified_gmt":"2026-02-26T16:03:56","slug":"sudadera-bullpadel-agola","status":"publish","type":"product","link":"https:\/\/tiendapadel5.com\/en\/sudadera-bullpadel-agola\/","title":{"rendered":"Sudadera Bullpadel Agola"},"content":{"rendered":"<h2>Sudadera Bullpadel Agola Caracter\u00edsticas:<\/h2>\n<p>Color: Negro<\/p>\n<p>Composici\u00f3n: 88% poli\u00e9ster &#8211; 12% elast\u00e1n. Bielastic gian ripstop.<\/p>\n<p>Tejido t\u00e9cnico: Binamic<\/p>\n","protected":false},"excerpt":{"rendered":"<p>La Sudadera Bullpadel Agola fabricado con la tecnologia elastica binamic para mayor comididad y estilo<\/p>\n","protected":false},"featured_media":114364,"comment_status":"open","ping_status":"closed","template":"","meta":{"_joinchat":[]},"pwb-brand":[31],"product_brand":[],"product_cat":[9871,9890,9853,2203,2207,2214,4932,5959],"product_tag":[6510,1881,9152],"class_list":{"0":"post-114314","1":"product","2":"type-product","3":"status-publish","4":"has-post-thumbnail","6":"pwb-brand-bullpadel","7":"product_cat-black-friday-padel-en","8":"product_cat-clothes","9":"product_cat-cyber-monday-padel-en","10":"product_cat-padel-clothes","11":"product_cat-bullpadel-padel-clothes","12":"product_cat-man-padel-clothes","13":"product_cat-paddle-sweatshirts","14":"product_cat-sweatshirts-en","15":"product_tag-agola","16":"product_tag-bullpadel-en","17":"product_tag-sweatshirt-en","18":"pa_talla-l-en","19":"pa_talla-m-en","20":"pa_talla-s-en","21":"pa_talla-xl-en","23":"first","24":"instock","25":"sale","26":"taxable","27":"shipping-taxable","28":"purchasable","29":"product-type-variable"},"brands":[{"id":31,"name":"Bullpadel","slug":"bullpadel"}],"_links":{"self":[{"href":"https:\/\/tiendapadel5.com\/en\/wp-json\/wp\/v2\/product\/114314","targetHints":{"allow":["GET"]}}],"collection":[{"href":"https:\/\/tiendapadel5.com\/en\/wp-json\/wp\/v2\/product"}],"about":[{"href":"https:\/\/tiendapadel5.com\/en\/wp-json\/wp\/v2\/types\/product"}],"replies":[{"embeddable":true,"href":"https:\/\/tiendapadel5.com\/en\/wp-json\/wp\/v2\/comments?post=114314"}],"version-history":[{"count":1,"href":"https:\/\/tiendapadel5.com\/en\/wp-json\/wp\/v2\/product\/114314\/revisions"}],"predecessor-version":[{"id":253782,"href":"https:\/\/tiendapadel5.com\/en\/wp-json\/wp\/v2\/product\/114314\/revisions\/253782"}],"wp:featuredmedia":[{"embeddable":true,"href":"https:\/\/tiendapadel5.com\/en\/wp-json\/wp\/v2\/media\/114364"}],"wp:attachment":[{"href":"https:\/\/tiendapadel5.com\/en\/wp-json\/wp\/v2\/media?parent=114314"}],"wp:term":[{"taxonomy":"pwb-brand","embeddable":true,"href":"https:\/\/tiendapadel5.com\/en\/wp-json\/wp\/v2\/pwb-brand?post=114314"},{"taxonomy":"product_brand","embeddable":true,"href":"https:\/\/tiendapadel5.com\/en\/wp-json\/wp\/v2\/product_brand?post=114314"},{"taxonomy":"product_cat","embeddable":true,"href":"https:\/\/tiendapadel5.com\/en\/wp-json\/wp\/v2\/product_cat?post=114314"},{"taxonomy":"product_tag","embeddable":true,"href":"https:\/\/tiendapadel5.com\/en\/wp-json\/wp\/v2\/product_tag?post=114314"}],"curies":[{"name":"wp","href":"https:\/\/api.w.org\/{rel}","templated":true}]}}