{"id":113327,"date":"2022-11-06T09:11:54","date_gmt":"2022-11-06T08:11:54","guid":{"rendered":"https:\/\/tiendapadel5.com\/nox-ml10-hagelgevar-lyxserien-2023\/"},"modified":"2022-11-06T09:11:54","modified_gmt":"2022-11-06T08:11:54","slug":"nox-ml10-hagelgevar-lyxserien-2023","status":"publish","type":"product","link":"https:\/\/tiendapadel5.com\/en\/nox-ml10-hagelgevar-lyxserien-2023\/","title":{"rendered":"Nox ML10 Hagelgev\u00e4r Lyxserien 2023"},"content":{"rendered":"<h3>EGENSKAPER<\/h3>\n<div class=\"table-wrapper\">\n<table width=\"100%\">\n<tbody>\n<tr>\n<td>Formul\u00e4r<\/td>\n<td>Diamant<\/td>\n<\/tr>\n<tr>\n<td>Tjocklek<\/td>\n<td>38 mm<\/td>\n<\/tr>\n<tr>\n<td>Vikt<\/td>\n<td>360-375 gram<\/td>\n<\/tr>\n<tr>\n<td>K\u00e4rnan<\/td>\n<td>HR3 K\u00e4rnan<\/td>\n<\/tr>\n<tr>\n<td>Ramverk<\/td>\n<td>100% kol<\/td>\n<\/tr>\n<tr>\n<td>Cara<\/td>\n<td>Kol 12K<\/td>\n<\/tr>\n<tr>\n<td>Kontroll<\/td>\n<td>9.5\/10<\/td>\n<\/tr>\n<tr>\n<td>Kraft<\/td>\n<td>9.5\/10<\/td>\n<\/tr>\n<\/tbody>\n<\/table>\n<\/div>\n","protected":false},"excerpt":{"rendered":"<p>Nya Nox ML10 Shotgun Luxury Series 2023 \u00e4r en racket med bekv\u00e4m k\u00e4nsla och bra bollutg\u00e5ng. Racket framtagen f\u00f6r spelare som s\u00f6ker ett powerracket.<\/p>\n","protected":false},"featured_media":0,"comment_status":"open","ping_status":"closed","template":"","meta":{"_joinchat":[]},"pwb-brand":[34],"product_brand":[],"product_cat":[26],"product_tag":[1384,214,178,1385,130,85,1092,577],"class_list":{"0":"post-113327","1":"product","2":"type-product","3":"status-publish","5":"pwb-brand-nox","6":"product_cat-outlet-de-padel","7":"product_tag-1384","8":"product_tag-shotgun","9":"product_tag-luxury","10":"product_tag-m10","11":"product_tag-nox","12":"product_tag-padel","13":"product_tag-series","14":"product_tag-pala","16":"first","17":"instock","18":"sale","19":"taxable","20":"shipping-taxable","21":"purchasable","22":"product-type-simple"},"brands":[{"id":34,"name":"Nox","slug":"nox"}],"_links":{"self":[{"href":"https:\/\/tiendapadel5.com\/en\/wp-json\/wp\/v2\/product\/113327","targetHints":{"allow":["GET"]}}],"collection":[{"href":"https:\/\/tiendapadel5.com\/en\/wp-json\/wp\/v2\/product"}],"about":[{"href":"https:\/\/tiendapadel5.com\/en\/wp-json\/wp\/v2\/types\/product"}],"replies":[{"embeddable":true,"href":"https:\/\/tiendapadel5.com\/en\/wp-json\/wp\/v2\/comments?post=113327"}],"version-history":[{"count":0,"href":"https:\/\/tiendapadel5.com\/en\/wp-json\/wp\/v2\/product\/113327\/revisions"}],"wp:attachment":[{"href":"https:\/\/tiendapadel5.com\/en\/wp-json\/wp\/v2\/media?parent=113327"}],"wp:term":[{"taxonomy":"pwb-brand","embeddable":true,"href":"https:\/\/tiendapadel5.com\/en\/wp-json\/wp\/v2\/pwb-brand?post=113327"},{"taxonomy":"product_brand","embeddable":true,"href":"https:\/\/tiendapadel5.com\/en\/wp-json\/wp\/v2\/product_brand?post=113327"},{"taxonomy":"product_cat","embeddable":true,"href":"https:\/\/tiendapadel5.com\/en\/wp-json\/wp\/v2\/product_cat?post=113327"},{"taxonomy":"product_tag","embeddable":true,"href":"https:\/\/tiendapadel5.com\/en\/wp-json\/wp\/v2\/product_tag?post=113327"}],"curies":[{"name":"wp","href":"https:\/\/api.w.org\/{rel}","templated":true}]}}