{"id":98304,"date":"2023-11-16T11:35:13","date_gmt":"2023-11-16T10:35:13","guid":{"rendered":"https:\/\/tiendapadel5.com\/?post_type=product&#038;p=98304"},"modified":"2026-04-24T10:09:38","modified_gmt":"2026-04-24T08:09:38","slug":"calcetin-bullpadel-bp-wpt2302-pack3","status":"publish","type":"product","link":"https:\/\/tiendapadel5.com\/de\/calcetin-bullpadel-bp-wpt2302-pack3\/","title":{"rendered":"Calcetin Bullpadel BP-WPT2302 (Pack3)"},"content":{"rendered":"<h2>Calcetin Bullpadel BP-WPT2302 (Pack3)<\/h2>\n<p>Caracteristicas:<\/p>\n<p>Composicion: 80% Algodon, 15% Poliamida, 3% Elastan y 2% Elastiedeno<\/p>\n","protected":false},"excerpt":{"rendered":"<p>Calcetines altos de nuestra l\u00ednea especial World Padel Tour ideales para la pr\u00e1ctica de p\u00e1del.<\/p>\n","protected":false},"featured_media":98322,"comment_status":"open","ping_status":"closed","template":"","meta":{"_joinchat":[]},"pwb-brand":[31],"product_brand":[],"product_cat":[6130,6132,4405,6134,21,447],"product_tag":[5910,319,954,4494],"class_list":{"0":"post-98304","1":"product","2":"type-product","3":"status-publish","4":"has-post-thumbnail","6":"pwb-brand-bullpadel","7":"product_cat-black-friday-padel","8":"product_cat-ropa","9":"product_cat-calcetines","10":"product_cat-cyber-monday-padel","11":"product_cat-ropa-padel","12":"product_cat-ropa-bullpadel","13":"product_tag-bp-wpt2302","14":"product_tag-bullpadel","15":"product_tag-calcetin","16":"product_tag-pack3","17":"pa_talla-l","18":"pa_talla-m","20":"first","21":"instock","22":"sale","23":"taxable","24":"shipping-taxable","25":"purchasable","26":"product-type-variable","27":"has-default-attributes"},"brands":[{"id":31,"name":"Bullpadel","slug":"bullpadel"}],"_links":{"self":[{"href":"https:\/\/tiendapadel5.com\/de\/wp-json\/wp\/v2\/product\/98304","targetHints":{"allow":["GET"]}}],"collection":[{"href":"https:\/\/tiendapadel5.com\/de\/wp-json\/wp\/v2\/product"}],"about":[{"href":"https:\/\/tiendapadel5.com\/de\/wp-json\/wp\/v2\/types\/product"}],"replies":[{"embeddable":true,"href":"https:\/\/tiendapadel5.com\/de\/wp-json\/wp\/v2\/comments?post=98304"}],"version-history":[{"count":1,"href":"https:\/\/tiendapadel5.com\/de\/wp-json\/wp\/v2\/product\/98304\/revisions"}],"predecessor-version":[{"id":255923,"href":"https:\/\/tiendapadel5.com\/de\/wp-json\/wp\/v2\/product\/98304\/revisions\/255923"}],"wp:featuredmedia":[{"embeddable":true,"href":"https:\/\/tiendapadel5.com\/de\/wp-json\/wp\/v2\/media\/98322"}],"wp:attachment":[{"href":"https:\/\/tiendapadel5.com\/de\/wp-json\/wp\/v2\/media?parent=98304"}],"wp:term":[{"taxonomy":"pwb-brand","embeddable":true,"href":"https:\/\/tiendapadel5.com\/de\/wp-json\/wp\/v2\/pwb-brand?post=98304"},{"taxonomy":"product_brand","embeddable":true,"href":"https:\/\/tiendapadel5.com\/de\/wp-json\/wp\/v2\/product_brand?post=98304"},{"taxonomy":"product_cat","embeddable":true,"href":"https:\/\/tiendapadel5.com\/de\/wp-json\/wp\/v2\/product_cat?post=98304"},{"taxonomy":"product_tag","embeddable":true,"href":"https:\/\/tiendapadel5.com\/de\/wp-json\/wp\/v2\/product_tag?post=98304"}],"curies":[{"name":"wp","href":"https:\/\/api.w.org\/{rel}","templated":true}]}}