{"id":260907,"date":"2026-04-24T12:33:11","date_gmt":"2026-04-24T10:33:11","guid":{"rendered":"https:\/\/tiendapadel5.com\/?post_type=product&#038;p=260907"},"modified":"2026-04-24T12:59:31","modified_gmt":"2026-04-24T10:59:31","slug":"aca-padel-palladium-red-2-2026","status":"publish","type":"product","link":"https:\/\/tiendapadel5.com\/de\/aca-padel-palladium-red-2-2026\/","title":{"rendered":"Aca Padel Palladium Red 2 2026"},"content":{"rendered":"<ul>\n<li>Material de las caras: Carbono 18k<\/li>\n<li>Grosor: 38mm<\/li>\n<li>Forma: Diamante<\/li>\n<li>Marco: Carbono<\/li>\n<li>Acabado: ACA 3D + Arena<\/li>\n<li>Nucleo: EVA Fusion +<\/li>\n<li>Nivel de juego: Intermedio\/Avanzado<\/li>\n<\/ul>\n","protected":false},"excerpt":{"rendered":"<div class=\"s-des\">\n<p>Llega la PALLADIUM RED estrenando molde, una pala dise\u00f1ada para los que buscan potencia sin renunciar al control. Su construcci\u00f3n con tubular 100% de carbono Y nuestra tecnolog\u00eda TRUE FORM y caras de fibra de carbono 12K garantiza una estructura firme y resistente, mientras que cuenta con una goma adaptativa EVA FUSION 3L de doble densidad que nos da esa combinaci\u00f3n ya cl\u00e1sica en la Palladium, permitiendo equilibrar fuerza y precisi\u00f3n en cada golpe.<\/p>\n<\/div>\n","protected":false},"featured_media":260936,"comment_status":"open","ping_status":"closed","template":"","meta":{"_joinchat":[]},"pwb-brand":[10226],"product_brand":[],"product_cat":[10183,19,11134],"product_tag":[11132,10227,85,577,10229,534],"class_list":{"0":"post-260907","1":"product","2":"type-product","3":"status-publish","4":"has-post-thumbnail","6":"pwb-brand-aca","7":"product_cat-aca","8":"product_cat-palas-padel","9":"product_cat-11134","10":"product_tag-11132","11":"product_tag-aca","12":"product_tag-padel","13":"product_tag-pala","14":"product_tag-palladium","15":"product_tag-red","17":"first","18":"instock","19":"sale","20":"taxable","21":"shipping-taxable","22":"purchasable","23":"product-type-simple"},"brands":[{"id":10226,"name":"Aca","slug":"aca"}],"_links":{"self":[{"href":"https:\/\/tiendapadel5.com\/de\/wp-json\/wp\/v2\/product\/260907","targetHints":{"allow":["GET"]}}],"collection":[{"href":"https:\/\/tiendapadel5.com\/de\/wp-json\/wp\/v2\/product"}],"about":[{"href":"https:\/\/tiendapadel5.com\/de\/wp-json\/wp\/v2\/types\/product"}],"replies":[{"embeddable":true,"href":"https:\/\/tiendapadel5.com\/de\/wp-json\/wp\/v2\/comments?post=260907"}],"version-history":[{"count":2,"href":"https:\/\/tiendapadel5.com\/de\/wp-json\/wp\/v2\/product\/260907\/revisions"}],"predecessor-version":[{"id":261183,"href":"https:\/\/tiendapadel5.com\/de\/wp-json\/wp\/v2\/product\/260907\/revisions\/261183"}],"wp:featuredmedia":[{"embeddable":true,"href":"https:\/\/tiendapadel5.com\/de\/wp-json\/wp\/v2\/media\/260936"}],"wp:attachment":[{"href":"https:\/\/tiendapadel5.com\/de\/wp-json\/wp\/v2\/media?parent=260907"}],"wp:term":[{"taxonomy":"pwb-brand","embeddable":true,"href":"https:\/\/tiendapadel5.com\/de\/wp-json\/wp\/v2\/pwb-brand?post=260907"},{"taxonomy":"product_brand","embeddable":true,"href":"https:\/\/tiendapadel5.com\/de\/wp-json\/wp\/v2\/product_brand?post=260907"},{"taxonomy":"product_cat","embeddable":true,"href":"https:\/\/tiendapadel5.com\/de\/wp-json\/wp\/v2\/product_cat?post=260907"},{"taxonomy":"product_tag","embeddable":true,"href":"https:\/\/tiendapadel5.com\/de\/wp-json\/wp\/v2\/product_tag?post=260907"}],"curies":[{"name":"wp","href":"https:\/\/api.w.org\/{rel}","templated":true}]}}