{"id":260863,"date":"2026-04-24T12:30:05","date_gmt":"2026-04-24T10:30:05","guid":{"rendered":"https:\/\/tiendapadel5.com\/?post_type=product&#038;p=260863"},"modified":"2026-04-24T16:21:27","modified_gmt":"2026-04-24T14:21:27","slug":"aca-padel-palladium-gold-2026","status":"publish","type":"product","link":"https:\/\/tiendapadel5.com\/de\/aca-padel-palladium-gold-2026\/","title":{"rendered":"Aca Padel Palladium Gold 2026"},"content":{"rendered":"<ul>\n<li>Material de las caras: Carbono 18k<\/li>\n<li>Grosor: 38mm<\/li>\n<li>Forma: Diamante<\/li>\n<li>Marco: Carbono<\/li>\n<li>Acabado: ACA 3D + Arena<\/li>\n<li>Nucleo: EVA Fusion +<\/li>\n<li>Nivel de juego: Intermedio\/Avanzado<\/li>\n<\/ul>\n","protected":false},"excerpt":{"rendered":"<div class=\"s-des\">\n<p>Llega la PALLADIUM GOLD estrenando molde, una pala dise\u00f1ada para los que buscan potencia sin renunciar al control. Su construcci\u00f3n con tubular 100% de carbono Y nuestra tecnolog\u00eda TRUE FORM y caras de fibra de carbono 18K garantiza una estructura firme y resistente, mientras que cuenta con una goma adaptativa EVA FUSION PLUS de doble densidad m\u00e1s firme que la normal para mayor poder, permitiendo equilibrar fuerza y precisi\u00f3n en cada golpe.<\/p>\n<\/div>\n","protected":false},"featured_media":260864,"comment_status":"open","ping_status":"closed","template":"","meta":{"_joinchat":[]},"pwb-brand":[10226],"product_brand":[],"product_cat":[10183,19,11134],"product_tag":[11132,10227,1080,577,10229],"class_list":{"0":"post-260863","1":"product","2":"type-product","3":"status-publish","4":"has-post-thumbnail","6":"pwb-brand-aca","7":"product_cat-aca","8":"product_cat-palas-padel","9":"product_cat-11134","10":"product_tag-11132","11":"product_tag-aca","12":"product_tag-gold","13":"product_tag-pala","14":"product_tag-palladium","16":"first","17":"instock","18":"sale","19":"taxable","20":"shipping-taxable","21":"purchasable","22":"product-type-simple"},"brands":[{"id":10226,"name":"Aca","slug":"aca"}],"_links":{"self":[{"href":"https:\/\/tiendapadel5.com\/de\/wp-json\/wp\/v2\/product\/260863","targetHints":{"allow":["GET"]}}],"collection":[{"href":"https:\/\/tiendapadel5.com\/de\/wp-json\/wp\/v2\/product"}],"about":[{"href":"https:\/\/tiendapadel5.com\/de\/wp-json\/wp\/v2\/types\/product"}],"replies":[{"embeddable":true,"href":"https:\/\/tiendapadel5.com\/de\/wp-json\/wp\/v2\/comments?post=260863"}],"version-history":[{"count":2,"href":"https:\/\/tiendapadel5.com\/de\/wp-json\/wp\/v2\/product\/260863\/revisions"}],"predecessor-version":[{"id":261184,"href":"https:\/\/tiendapadel5.com\/de\/wp-json\/wp\/v2\/product\/260863\/revisions\/261184"}],"wp:featuredmedia":[{"embeddable":true,"href":"https:\/\/tiendapadel5.com\/de\/wp-json\/wp\/v2\/media\/260864"}],"wp:attachment":[{"href":"https:\/\/tiendapadel5.com\/de\/wp-json\/wp\/v2\/media?parent=260863"}],"wp:term":[{"taxonomy":"pwb-brand","embeddable":true,"href":"https:\/\/tiendapadel5.com\/de\/wp-json\/wp\/v2\/pwb-brand?post=260863"},{"taxonomy":"product_brand","embeddable":true,"href":"https:\/\/tiendapadel5.com\/de\/wp-json\/wp\/v2\/product_brand?post=260863"},{"taxonomy":"product_cat","embeddable":true,"href":"https:\/\/tiendapadel5.com\/de\/wp-json\/wp\/v2\/product_cat?post=260863"},{"taxonomy":"product_tag","embeddable":true,"href":"https:\/\/tiendapadel5.com\/de\/wp-json\/wp\/v2\/product_tag?post=260863"}],"curies":[{"name":"wp","href":"https:\/\/api.w.org\/{rel}","templated":true}]}}