{"id":258868,"date":"2026-03-31T09:27:41","date_gmt":"2026-03-31T07:27:41","guid":{"rendered":"https:\/\/tiendapadel5.com\/?post_type=product&#038;p=258868"},"modified":"2026-04-13T12:16:06","modified_gmt":"2026-04-13T10:16:06","slug":"bullpadel-neuron-02-premier-padel-2026","status":"publish","type":"product","link":"https:\/\/tiendapadel5.com\/de\/bullpadel-neuron-02-premier-padel-2026\/","title":{"rendered":"Bullpadel Neuron 02 Premier Padel 2026"},"content":{"rendered":"<h2>Caracter\u00edsticas y tecnolog\u00edas destacadas<\/h2>\n<ul>\n<li><strong>Marco PrismLock<\/strong>: arquitectura prism\u00e1tica que distribuye tensiones y reduce torsiones, mejorando la estabilidad<\/li>\n<li><strong>X-Tend Carbon 3K<\/strong>\u00a0(composici\u00f3n exterior): mayor resistencia, durabilidad y rendimiento<\/li>\n<li><strong>Multieva<\/strong>\u00a0(composici\u00f3n interior): combinaci\u00f3n de capas para un equilibrio entre potencia y control<\/li>\n<li><strong>Acabado rugoso 3D Grain:<\/strong>\u00a0permite imprimir m\u00e1s efecto a la bola<\/li>\n<li><strong>Peso\u00a0<\/strong>aproximado: 365\u2013375 g<\/li>\n<li><strong>Balance<\/strong>: ~25,5 cm<\/li>\n<li><strong>Superficie de juego:<\/strong>\u00a0525 cm\u00b2<\/li>\n<li><strong>Forma<\/strong>: Diamante<\/li>\n<\/ul>\n","protected":false},"excerpt":{"rendered":"<div class=\"product attribute overview\">\n<div class=\"value\">\n<p>Descubre la Bullpadel Neuron 02, dise\u00f1ada para m\u00e1ximo control, estabilidad y maniobrabilidad, con tacto s\u00f3lido, tecnolog\u00edas avanzadas y un rendimiento equilibrado en cada punto.<\/p>\n<\/div>\n<\/div>\n<div class=\"product-info-price\">\n<div class=\"price-box price-final_price\" data-role=\"priceBox\" data-product-id=\"1702242\" data-price-box=\"product-id-1702242\"><\/div>\n<\/div>\n","protected":false},"featured_media":258891,"comment_status":"open","ping_status":"closed","template":"","meta":{"_joinchat":[]},"pwb-brand":[31],"product_brand":[],"product_cat":[1860,11144,1868],"product_tag":[11591,1881,5768,11615,11589,8851],"class_list":{"0":"post-258868","1":"product","2":"type-product","3":"status-publish","4":"has-post-thumbnail","6":"pwb-brand-bullpadel","7":"product_cat-padel-rackets","8":"product_cat-2026-en","9":"product_cat-bullpadel-en","10":"product_tag-11591","11":"product_tag-bullpadel-en","12":"product_tag-neuron-en","13":"product_tag-padel","14":"product_tag-pala","15":"product_tag-premier-en","17":"first","18":"instock","19":"sale","20":"taxable","21":"shipping-taxable","22":"purchasable","23":"product-type-simple"},"brands":[{"id":31,"name":"Bullpadel","slug":"bullpadel"}],"_links":{"self":[{"href":"https:\/\/tiendapadel5.com\/de\/wp-json\/wp\/v2\/product\/258868","targetHints":{"allow":["GET"]}}],"collection":[{"href":"https:\/\/tiendapadel5.com\/de\/wp-json\/wp\/v2\/product"}],"about":[{"href":"https:\/\/tiendapadel5.com\/de\/wp-json\/wp\/v2\/types\/product"}],"replies":[{"embeddable":true,"href":"https:\/\/tiendapadel5.com\/de\/wp-json\/wp\/v2\/comments?post=258868"}],"version-history":[{"count":2,"href":"https:\/\/tiendapadel5.com\/de\/wp-json\/wp\/v2\/product\/258868\/revisions"}],"predecessor-version":[{"id":258899,"href":"https:\/\/tiendapadel5.com\/de\/wp-json\/wp\/v2\/product\/258868\/revisions\/258899"}],"wp:featuredmedia":[{"embeddable":true,"href":"https:\/\/tiendapadel5.com\/de\/wp-json\/wp\/v2\/media\/258891"}],"wp:attachment":[{"href":"https:\/\/tiendapadel5.com\/de\/wp-json\/wp\/v2\/media?parent=258868"}],"wp:term":[{"taxonomy":"pwb-brand","embeddable":true,"href":"https:\/\/tiendapadel5.com\/de\/wp-json\/wp\/v2\/pwb-brand?post=258868"},{"taxonomy":"product_brand","embeddable":true,"href":"https:\/\/tiendapadel5.com\/de\/wp-json\/wp\/v2\/product_brand?post=258868"},{"taxonomy":"product_cat","embeddable":true,"href":"https:\/\/tiendapadel5.com\/de\/wp-json\/wp\/v2\/product_cat?post=258868"},{"taxonomy":"product_tag","embeddable":true,"href":"https:\/\/tiendapadel5.com\/de\/wp-json\/wp\/v2\/product_tag?post=258868"}],"curies":[{"name":"wp","href":"https:\/\/api.w.org\/{rel}","templated":true}]}}