{"id":257637,"date":"2026-03-24T14:39:41","date_gmt":"2026-03-24T13:39:41","guid":{"rendered":"https:\/\/tiendapadel5.com\/?post_type=product&#038;p=257637"},"modified":"2026-03-24T16:36:10","modified_gmt":"2026-03-24T15:36:10","slug":"camiseta-nox-team-gris-2026","status":"publish","type":"product","link":"https:\/\/tiendapadel5.com\/de\/camiseta-nox-team-gris-2026\/","title":{"rendered":"Camiseta Nox Team Gris 2026"},"content":{"rendered":"<p><strong>Composici\u00f3n<\/strong>:\u00a0180g Elastic Jersey. 90% Polyester \u2013 10% Spandex<\/p>\n","protected":false},"excerpt":{"rendered":"<div class=\"product-short-description\">\n<p>La camiseta Team Negra destaca por su est\u00e9tica minimalista y elegante, dise\u00f1ada para proyectar seguridad dentro y fuera de la pista. Su tejido t\u00e9cnico transpirable favorece una \u00f3ptima ventilaci\u00f3n, ayudando a mantener la frescura incluso en los intercambios m\u00e1s intensos<\/p>\n<\/div>\n","protected":false},"featured_media":257756,"comment_status":"open","ping_status":"closed","template":"","meta":{"_joinchat":[]},"pwb-brand":[34],"product_brand":[],"product_cat":[451,87,21,46],"product_tag":[11132,83,221,8040,130,223],"class_list":{"0":"post-257637","1":"product","2":"type-product","3":"status-publish","4":"has-post-thumbnail","6":"pwb-brand-nox","7":"product_cat-ropa-nox","8":"product_cat-camisetas","9":"product_cat-ropa-padel","10":"product_cat-hombre","11":"product_tag-11132","12":"product_tag-camiseta","13":"product_tag-gris","14":"product_tag-hombre","15":"product_tag-nox","16":"product_tag-team","17":"pa_talla-l","18":"pa_talla-m","19":"pa_talla-s","20":"pa_talla-xl","22":"first","23":"instock","24":"sale","25":"taxable","26":"shipping-taxable","27":"purchasable","28":"product-type-variable"},"brands":[{"id":34,"name":"Nox","slug":"nox"}],"_links":{"self":[{"href":"https:\/\/tiendapadel5.com\/de\/wp-json\/wp\/v2\/product\/257637","targetHints":{"allow":["GET"]}}],"collection":[{"href":"https:\/\/tiendapadel5.com\/de\/wp-json\/wp\/v2\/product"}],"about":[{"href":"https:\/\/tiendapadel5.com\/de\/wp-json\/wp\/v2\/types\/product"}],"replies":[{"embeddable":true,"href":"https:\/\/tiendapadel5.com\/de\/wp-json\/wp\/v2\/comments?post=257637"}],"version-history":[{"count":2,"href":"https:\/\/tiendapadel5.com\/de\/wp-json\/wp\/v2\/product\/257637\/revisions"}],"predecessor-version":[{"id":257664,"href":"https:\/\/tiendapadel5.com\/de\/wp-json\/wp\/v2\/product\/257637\/revisions\/257664"}],"wp:featuredmedia":[{"embeddable":true,"href":"https:\/\/tiendapadel5.com\/de\/wp-json\/wp\/v2\/media\/257756"}],"wp:attachment":[{"href":"https:\/\/tiendapadel5.com\/de\/wp-json\/wp\/v2\/media?parent=257637"}],"wp:term":[{"taxonomy":"pwb-brand","embeddable":true,"href":"https:\/\/tiendapadel5.com\/de\/wp-json\/wp\/v2\/pwb-brand?post=257637"},{"taxonomy":"product_brand","embeddable":true,"href":"https:\/\/tiendapadel5.com\/de\/wp-json\/wp\/v2\/product_brand?post=257637"},{"taxonomy":"product_cat","embeddable":true,"href":"https:\/\/tiendapadel5.com\/de\/wp-json\/wp\/v2\/product_cat?post=257637"},{"taxonomy":"product_tag","embeddable":true,"href":"https:\/\/tiendapadel5.com\/de\/wp-json\/wp\/v2\/product_tag?post=257637"}],"curies":[{"name":"wp","href":"https:\/\/api.w.org\/{rel}","templated":true}]}}