{"id":255257,"date":"2026-03-06T16:39:38","date_gmt":"2026-03-06T15:39:38","guid":{"rendered":"https:\/\/tiendapadel5.com\/?post_type=product&#038;p=255257"},"modified":"2026-03-17T10:13:59","modified_gmt":"2026-03-17T09:13:59","slug":"starvie-r9-3-carbon-ltd","status":"publish","type":"product","link":"https:\/\/tiendapadel5.com\/de\/starvie-r9-3-carbon-ltd\/","title":{"rendered":"Starvie R9.3 Carbon LTD"},"content":{"rendered":"<p>Prestaciones:<\/p>\n<p>&#8211; Cuenta con una gran salida de bola y velocidad gracias a su densidad de goma soft sin renunciar al control y potencia.<br \/>\n&#8211; La rugosidad en el plano (Full Plane Effect) permite dar efectos a la bola con mayor precisi\u00f3n. StarVie es la \u00fanica que trabaja esta rugosidad directamente del molde.<br \/>\n&#8211; Tiene forma redonda, el punto dulce amplio se localiza en el centro del plano.<br \/>\n&#8211; Destaca en su composici\u00f3n, el DRS que hace que la pala sea m\u00e1s aerodin\u00e1mica y permite un mejor reparto del peso.<br \/>\n&#8211; Producto fabricado 100% en Espa\u00f1a, Azuqueca de Henares (Guadalajara).<\/p>\n","protected":false},"excerpt":{"rendered":"<p>Pala de p\u00e1del de control dise\u00f1ada para jugadores de nivel medio.<\/p>\n","protected":false},"featured_media":255259,"comment_status":"open","ping_status":"closed","template":"","meta":{"_joinchat":[]},"pwb-brand":[35],"product_brand":[],"product_cat":[413,19],"product_tag":[582,1060,577,10502,167],"class_list":{"0":"post-255257","1":"product","2":"type-product","3":"status-publish","4":"has-post-thumbnail","6":"pwb-brand-starvie","7":"product_cat-starvie","8":"product_cat-palas-padel","9":"product_tag-carbon","10":"product_tag-ltd","11":"product_tag-pala","12":"product_tag-r9-3","13":"product_tag-starvie","15":"first","16":"instock","17":"sale","18":"taxable","19":"shipping-taxable","20":"purchasable","21":"product-type-simple"},"brands":[{"id":35,"name":"Starvie","slug":"starvie"}],"_links":{"self":[{"href":"https:\/\/tiendapadel5.com\/de\/wp-json\/wp\/v2\/product\/255257","targetHints":{"allow":["GET"]}}],"collection":[{"href":"https:\/\/tiendapadel5.com\/de\/wp-json\/wp\/v2\/product"}],"about":[{"href":"https:\/\/tiendapadel5.com\/de\/wp-json\/wp\/v2\/types\/product"}],"replies":[{"embeddable":true,"href":"https:\/\/tiendapadel5.com\/de\/wp-json\/wp\/v2\/comments?post=255257"}],"version-history":[{"count":2,"href":"https:\/\/tiendapadel5.com\/de\/wp-json\/wp\/v2\/product\/255257\/revisions"}],"predecessor-version":[{"id":255266,"href":"https:\/\/tiendapadel5.com\/de\/wp-json\/wp\/v2\/product\/255257\/revisions\/255266"}],"wp:featuredmedia":[{"embeddable":true,"href":"https:\/\/tiendapadel5.com\/de\/wp-json\/wp\/v2\/media\/255259"}],"wp:attachment":[{"href":"https:\/\/tiendapadel5.com\/de\/wp-json\/wp\/v2\/media?parent=255257"}],"wp:term":[{"taxonomy":"pwb-brand","embeddable":true,"href":"https:\/\/tiendapadel5.com\/de\/wp-json\/wp\/v2\/pwb-brand?post=255257"},{"taxonomy":"product_brand","embeddable":true,"href":"https:\/\/tiendapadel5.com\/de\/wp-json\/wp\/v2\/product_brand?post=255257"},{"taxonomy":"product_cat","embeddable":true,"href":"https:\/\/tiendapadel5.com\/de\/wp-json\/wp\/v2\/product_cat?post=255257"},{"taxonomy":"product_tag","embeddable":true,"href":"https:\/\/tiendapadel5.com\/de\/wp-json\/wp\/v2\/product_tag?post=255257"}],"curies":[{"name":"wp","href":"https:\/\/api.w.org\/{rel}","templated":true}]}}