{"id":252056,"date":"2026-02-20T11:44:05","date_gmt":"2026-02-20T10:44:05","guid":{"rendered":"https:\/\/tiendapadel5.com\/?post_type=product&#038;p=252056"},"modified":"2026-03-17T10:21:23","modified_gmt":"2026-03-17T09:21:23","slug":"camiseta-head-pro-t-shirt-2026-morado","status":"publish","type":"product","link":"https:\/\/tiendapadel5.com\/de\/camiseta-head-pro-t-shirt-2026-morado\/","title":{"rendered":"Camiseta Head Pro T-Shirt 2026 Morado"},"content":{"rendered":"<p><span dir=\"auto\">Lleva un estilo fresco y deportivo a la pista con la Pro T-SHIRT para hombre, confeccionada con un tejido de single jersey 100 % poli\u00e9ster con un efecto melange especial. Para mantenerte fresco, la camiseta est\u00e1 dise\u00f1ada con la tecnolog\u00eda de alto rendimiento Moisture Transfer Microfibra que aporta un efecto de enfriamiento y ayuda a que el tejido se seque r\u00e1pidamente. Las inserciones de malla en la espalda y las aberturas en las mangas mejoran la transpirabilidad y la comodidad. El cuello redondo y las costuras planas en la parte delantera y trasera contribuyen a la est\u00e9tica moderna y deportiva de la Pro T-SHIRT, que se detalla con el ic\u00f3nico logo de HEAD.<\/span><\/p>\n<ul>\n<li><span dir=\"auto\"> Single jersey 100 % poli\u00e9ster y melange con wicking<\/span><\/li>\n<li><span dir=\"auto\"> Cuello Redondo<\/span><\/li>\n<li><span dir=\"auto\"> Costura flatlock decorativa en la parte delantera y trasera<\/span><\/li>\n<li><span dir=\"auto\"> Inserci\u00f3n de malla cerrada en la espalda y aberturas en las mangas.<\/span><\/li>\n<li><span dir=\"auto\"> Tecnolog\u00eda Microfibra de Transferencia de Humedad<\/span><\/li>\n<\/ul>\n","protected":false},"excerpt":{"rendered":"<p>Confeccionada con un moderno tejido con un especial efecto melange, la Pro T-Shirt para hombre ofrece un estilo contempor\u00e1neo y deportivo, as\u00ed como una avanzada tecnolog\u00eda de enfriamiento.<\/p>\n","protected":false},"featured_media":252058,"comment_status":"open","ping_status":"closed","template":"","meta":{"_joinchat":[]},"pwb-brand":[33],"product_brand":[],"product_cat":[449,87,21,46],"product_tag":[11132,83,160,1213,176],"class_list":{"0":"post-252056","1":"product","2":"type-product","3":"status-publish","4":"has-post-thumbnail","6":"pwb-brand-head","7":"product_cat-ropa-head","8":"product_cat-camisetas","9":"product_cat-ropa-padel","10":"product_cat-hombre","11":"product_tag-11132","12":"product_tag-camiseta","13":"product_tag-head","14":"product_tag-morado","15":"product_tag-pro","16":"pa_talla-l","17":"pa_talla-m","18":"pa_talla-s","19":"pa_talla-xl","21":"first","22":"instock","23":"sale","24":"taxable","25":"shipping-taxable","26":"purchasable","27":"product-type-variable"},"brands":[{"id":33,"name":"Head","slug":"head"}],"_links":{"self":[{"href":"https:\/\/tiendapadel5.com\/de\/wp-json\/wp\/v2\/product\/252056","targetHints":{"allow":["GET"]}}],"collection":[{"href":"https:\/\/tiendapadel5.com\/de\/wp-json\/wp\/v2\/product"}],"about":[{"href":"https:\/\/tiendapadel5.com\/de\/wp-json\/wp\/v2\/types\/product"}],"replies":[{"embeddable":true,"href":"https:\/\/tiendapadel5.com\/de\/wp-json\/wp\/v2\/comments?post=252056"}],"version-history":[{"count":1,"href":"https:\/\/tiendapadel5.com\/de\/wp-json\/wp\/v2\/product\/252056\/revisions"}],"predecessor-version":[{"id":252083,"href":"https:\/\/tiendapadel5.com\/de\/wp-json\/wp\/v2\/product\/252056\/revisions\/252083"}],"wp:featuredmedia":[{"embeddable":true,"href":"https:\/\/tiendapadel5.com\/de\/wp-json\/wp\/v2\/media\/252058"}],"wp:attachment":[{"href":"https:\/\/tiendapadel5.com\/de\/wp-json\/wp\/v2\/media?parent=252056"}],"wp:term":[{"taxonomy":"pwb-brand","embeddable":true,"href":"https:\/\/tiendapadel5.com\/de\/wp-json\/wp\/v2\/pwb-brand?post=252056"},{"taxonomy":"product_brand","embeddable":true,"href":"https:\/\/tiendapadel5.com\/de\/wp-json\/wp\/v2\/product_brand?post=252056"},{"taxonomy":"product_cat","embeddable":true,"href":"https:\/\/tiendapadel5.com\/de\/wp-json\/wp\/v2\/product_cat?post=252056"},{"taxonomy":"product_tag","embeddable":true,"href":"https:\/\/tiendapadel5.com\/de\/wp-json\/wp\/v2\/product_tag?post=252056"}],"curies":[{"name":"wp","href":"https:\/\/api.w.org\/{rel}","templated":true}]}}