{"id":248195,"date":"2026-02-09T11:43:54","date_gmt":"2026-02-09T10:43:54","guid":{"rendered":"https:\/\/tiendapadel5.com\/?post_type=product&#038;p=248195"},"modified":"2026-04-21T08:47:34","modified_gmt":"2026-04-21T06:47:34","slug":"wilson-endure-v1-2026","status":"publish","type":"product","link":"https:\/\/tiendapadel5.com\/de\/wilson-endure-v1-2026\/","title":{"rendered":"Wilson Endure V1 2026"},"content":{"rendered":"<p class=\"_aupe copyable-text x15bjb6t x1n2onr6\"><span class=\"_aupe copyable-text xkrh14z\">\u00a0 Creada espec\u00edficamente para jugadores que buscan m\u00e1ximo control, precisi\u00f3n y estabilidad\u00a0en cada golpe. Con esta l\u00ednea, la marca introduce su\u00a0primera pala de forma redonda orientada al control absoluto. Es la elegida por Momo Gonzalez. La colecci\u00f3n Endure llega para cubrir las necesidades de un perfil de jugador defensivo, s\u00f3lido desde el fondo de la pista y que prioriza la construcci\u00f3n del punto. Su dise\u00f1o, su estructura y sus nuevas tecnolog\u00edas la convierten en una de las apuestas m\u00e1s innovadoras de Wilson para 2026. La cara de\u00a0carbono en bruto, junto con la nueva tecnolog\u00eda\u00a0ExactTouch, aporta un nivel superior de precisi\u00f3n y textura. El\u00a0cuello en forma de Y, el\u00a0marco redondeado\u00a0y el\u00a0mango extendido\u00a0mejoran la manejabilidad y facilitan golpes a dos manos. Adem\u00e1s, el\u00a0n\u00facleo de espuma de doble densidad\u00a0incrementa la sensibilidad y la estabilidad en cada impacto.<\/span><\/p>\n<p class=\"_aupe copyable-text x15bjb6t x1n2onr6\"><span class=\"_aupe copyable-text xkrh14z\">Tecnolog\u00edas de la Endure Pro V1<\/span><\/p>\n<p class=\"_aupe copyable-text x15bjb6t x1n2onr6\"><span class=\"_aupe copyable-text xkrh14z\">ExactTouch Technology:\u00a0Cara texturizada que proporciona\u00a0m\u00e1ximos niveles de control, precisi\u00f3n y efecto. La textura mejora el agarre de la pelota y permite dirigir el golpe con mayor exactitud.<\/span><\/p>\n<p class=\"_aupe copyable-text x15bjb6t x1n2onr6\"><span class=\"_aupe copyable-text xkrh14z\">Control Foam+: Espuma de\u00a0doble densidad\u00a0dise\u00f1ada para ofrecer una conexi\u00f3n m\u00e1s directa con la pelota, aumentando el control y mejorando las sensaciones en golpes de toque.<\/span><\/p>\n<p class=\"_aupe copyable-text x15bjb6t x1n2onr6\"><span class=\"_aupe copyable-text xkrh14z\">Y-Beam Throat:\u00a0Geometr\u00eda del cuello en forma de\u00a0Y, que favorece un flujo de aire m\u00e1s din\u00e1mico y mejora la\u00a0maniobrabilidad\u00a0de la pala en movimientos r\u00e1pidos.<\/span><\/p>\n<p class=\"_aupe copyable-text x15bjb6t x1n2onr6\"><span class=\"_aupe copyable-text xkrh14z\">Extended Handle:\u00a0Mango\u00a0extendido\u00a0que aporta mayor palanca y comodidad en golpes a dos manos, especialmente \u00fatil para jugadores que utilizan rev\u00e9s a dos manos.<\/span><\/p>\n<p class=\"_aupe copyable-text x15bjb6t x1n2onr6\"><span class=\"_aupe copyable-text xkrh14z\">Control Hole Pattern:\u00a0Patr\u00f3n de agujeros estrat\u00e9gicamente distribuidos y dimensionados para generar una\u00a0sensaci\u00f3n uniforme\u00a0en toda la superficie de golpeo.<\/span><\/p>\n<p class=\"_aupe copyable-text x15bjb6t x1n2onr6\"><span class=\"_aupe copyable-text xkrh14z\">Touch Points:\u00a0Zonas con\u00a0relieve elevado\u00a0que ofrecen retroalimentaci\u00f3n t\u00e1ctil y un agarre mejorado, aumentando la seguridad y el control en cada movimiento.<\/span><\/p>\n","protected":false},"excerpt":{"rendered":"<p>Creada espec\u00edficamente para jugadores que buscan <strong>m\u00e1ximo control, precisi\u00f3n y estabilidad<\/strong>\u00a0en cada golpe. Con esta l\u00ednea, la marca introduce su\u00a0<strong>primera pala de forma redonda<\/strong> orientada al control absoluto.<\/p>\n","protected":false},"featured_media":248381,"comment_status":"open","ping_status":"closed","template":"","meta":{"_joinchat":[]},"pwb-brand":[37],"product_brand":[],"product_cat":[415,19,11134],"product_tag":[11132,11131,10583,222],"class_list":{"0":"post-248195","1":"product","2":"type-product","3":"status-publish","4":"has-post-thumbnail","6":"pwb-brand-wilson","7":"product_cat-wilson","8":"product_cat-palas-padel","9":"product_cat-11134","10":"product_tag-11132","11":"product_tag-endure","12":"product_tag-v1","13":"product_tag-wilson","15":"first","16":"instock","17":"sale","18":"taxable","19":"shipping-taxable","20":"purchasable","21":"product-type-simple"},"brands":[{"id":37,"name":"Wilson","slug":"wilson"}],"_links":{"self":[{"href":"https:\/\/tiendapadel5.com\/de\/wp-json\/wp\/v2\/product\/248195","targetHints":{"allow":["GET"]}}],"collection":[{"href":"https:\/\/tiendapadel5.com\/de\/wp-json\/wp\/v2\/product"}],"about":[{"href":"https:\/\/tiendapadel5.com\/de\/wp-json\/wp\/v2\/types\/product"}],"replies":[{"embeddable":true,"href":"https:\/\/tiendapadel5.com\/de\/wp-json\/wp\/v2\/comments?post=248195"}],"version-history":[{"count":1,"href":"https:\/\/tiendapadel5.com\/de\/wp-json\/wp\/v2\/product\/248195\/revisions"}],"predecessor-version":[{"id":248203,"href":"https:\/\/tiendapadel5.com\/de\/wp-json\/wp\/v2\/product\/248195\/revisions\/248203"}],"wp:featuredmedia":[{"embeddable":true,"href":"https:\/\/tiendapadel5.com\/de\/wp-json\/wp\/v2\/media\/248381"}],"wp:attachment":[{"href":"https:\/\/tiendapadel5.com\/de\/wp-json\/wp\/v2\/media?parent=248195"}],"wp:term":[{"taxonomy":"pwb-brand","embeddable":true,"href":"https:\/\/tiendapadel5.com\/de\/wp-json\/wp\/v2\/pwb-brand?post=248195"},{"taxonomy":"product_brand","embeddable":true,"href":"https:\/\/tiendapadel5.com\/de\/wp-json\/wp\/v2\/product_brand?post=248195"},{"taxonomy":"product_cat","embeddable":true,"href":"https:\/\/tiendapadel5.com\/de\/wp-json\/wp\/v2\/product_cat?post=248195"},{"taxonomy":"product_tag","embeddable":true,"href":"https:\/\/tiendapadel5.com\/de\/wp-json\/wp\/v2\/product_tag?post=248195"}],"curies":[{"name":"wp","href":"https:\/\/api.w.org\/{rel}","templated":true}]}}