{"id":246421,"date":"2026-01-31T23:27:48","date_gmt":"2026-01-31T22:27:48","guid":{"rendered":"https:\/\/tiendapadel5.com\/?post_type=product&#038;p=246421"},"modified":"2026-01-31T23:27:52","modified_gmt":"2026-01-31T22:27:52","slug":"camiseta-adidas-tirantes-club-v-ice-tangerine-2026","status":"publish","type":"product","link":"https:\/\/tiendapadel5.com\/de\/camiseta-adidas-tirantes-club-v-ice-tangerine-2026\/","title":{"rendered":"Camiseta Adidas Tirantes Club V Ice Tangerine 2026"},"content":{"rendered":"<h2>Camiseta Adidas Tirantes Club V Ice Tangerine 2026<\/h2>\n<p><strong>Caracater\u00edsticas:<\/strong><\/p>\n<table class=\"table table-striped table-product-dimensions table-light table-bordered- table-sm mt-3\">\n<tbody>\n<tr>\n<td class=\"font-weight-500\">1-<\/td>\n<td>Slim fit<\/td>\n<\/tr>\n<tr>\n<td class=\"font-weight-500\">2-<\/td>\n<td>Overlapped V-neck<\/td>\n<\/tr>\n<tr>\n<td class=\"font-weight-500\">3-<\/td>\n<td>90% polyester (recycled), 10% elastane<\/td>\n<\/tr>\n<tr>\n<td class=\"font-weight-500\">5-<\/td>\n<td>CLIMACOOL<\/td>\n<\/tr>\n<tr>\n<td class=\"font-weight-500\">7-<\/td>\n<td>Lightweight mesh material<\/td>\n<\/tr>\n<tr>\n<td class=\"font-weight-500\">Composici\u00f3n<\/td>\n<td>85% rec.Polyester\/15% Elasthane<\/td>\n<\/tr>\n<\/tbody>\n<\/table>\n","protected":false},"excerpt":{"rendered":"<p>La Camiseta Adidas Tirantes Club V Ice Tangerine 2026, dise\u00f1ada con un cuello en V cruzado de adidas, esta camiseta sin mangas Club no pasa desapercibida en la pista. La tecnolog\u00eda CLIMACOOL se encarga de absorber el sudor para que te mantengas fresca, seca y concentrada. Adem\u00e1s, su tejido el\u00e1stico y ajustado, junto con la espalda cruzada que libera los hombros, te da total libertad de movimiento para pelear cada punto.<\/p>\n","protected":false},"featured_media":246429,"comment_status":"open","ping_status":"closed","template":"","meta":{"_joinchat":[]},"pwb-brand":[28],"product_brand":[],"product_cat":[5968,2203,4952,4926],"product_tag":[11591,1968,7317,8626,561,11472,597,6886],"class_list":{"0":"post-246421","1":"product","2":"type-product","3":"status-publish","4":"has-post-thumbnail","6":"pwb-brand-adidas-padel","7":"product_cat-shirts-en","8":"product_cat-padel-clothes","9":"product_cat-adidas-padel-clothes","10":"product_cat-womens-padel-clothing","11":"product_tag-11591","12":"product_tag-adidas-en","13":"product_tag-t-shirt-en","14":"product_tag-club-en","15":"product_tag-ice","16":"product_tag-tangerine","17":"product_tag-tirantes","18":"product_tag-v-en","19":"pa_talla-l-en","20":"pa_talla-m-en","21":"pa_talla-s-en","22":"pa_talla-xl-en","23":"pa_talla-xs-en","25":"first","26":"instock","27":"sale","28":"taxable","29":"shipping-taxable","30":"purchasable","31":"product-type-variable"},"brands":[{"id":28,"name":"Adidas Padel","slug":"adidas-padel"}],"_links":{"self":[{"href":"https:\/\/tiendapadel5.com\/de\/wp-json\/wp\/v2\/product\/246421","targetHints":{"allow":["GET"]}}],"collection":[{"href":"https:\/\/tiendapadel5.com\/de\/wp-json\/wp\/v2\/product"}],"about":[{"href":"https:\/\/tiendapadel5.com\/de\/wp-json\/wp\/v2\/types\/product"}],"replies":[{"embeddable":true,"href":"https:\/\/tiendapadel5.com\/de\/wp-json\/wp\/v2\/comments?post=246421"}],"version-history":[{"count":1,"href":"https:\/\/tiendapadel5.com\/de\/wp-json\/wp\/v2\/product\/246421\/revisions"}],"predecessor-version":[{"id":246441,"href":"https:\/\/tiendapadel5.com\/de\/wp-json\/wp\/v2\/product\/246421\/revisions\/246441"}],"wp:featuredmedia":[{"embeddable":true,"href":"https:\/\/tiendapadel5.com\/de\/wp-json\/wp\/v2\/media\/246429"}],"wp:attachment":[{"href":"https:\/\/tiendapadel5.com\/de\/wp-json\/wp\/v2\/media?parent=246421"}],"wp:term":[{"taxonomy":"pwb-brand","embeddable":true,"href":"https:\/\/tiendapadel5.com\/de\/wp-json\/wp\/v2\/pwb-brand?post=246421"},{"taxonomy":"product_brand","embeddable":true,"href":"https:\/\/tiendapadel5.com\/de\/wp-json\/wp\/v2\/product_brand?post=246421"},{"taxonomy":"product_cat","embeddable":true,"href":"https:\/\/tiendapadel5.com\/de\/wp-json\/wp\/v2\/product_cat?post=246421"},{"taxonomy":"product_tag","embeddable":true,"href":"https:\/\/tiendapadel5.com\/de\/wp-json\/wp\/v2\/product_tag?post=246421"}],"curies":[{"name":"wp","href":"https:\/\/api.w.org\/{rel}","templated":true}]}}