{"id":246171,"date":"2026-01-30T16:21:19","date_gmt":"2026-01-30T15:21:19","guid":{"rendered":"https:\/\/tiendapadel5.com\/?post_type=product&#038;p=246171"},"modified":"2026-04-08T23:17:13","modified_gmt":"2026-04-08T21:17:13","slug":"zapatillas-bullpadel-neuron-26v-navy-2026","status":"publish","type":"product","link":"https:\/\/tiendapadel5.com\/de\/zapatillas-bullpadel-neuron-26v-navy-2026\/","title":{"rendered":"Zapatillas Bullpadel Neuron 26V Navy 2026"},"content":{"rendered":"<p>La\u00a0<strong>zapatilla Neuron<\/strong>\u00a0es la elegida por\u00a0<strong>Fede Chingotto<\/strong>\u00a0para competir destacando por una suela verdaderamente revolucionaria.<\/p>\n<p>Su mediasuela incorpora dos piezas de phylon diferenciadas, creando un midsole de doble densidad que ofrece un rendimiento superior y m\u00faltiples posibilidades de combinaci\u00f3n de color.<br \/>\nEl innovador dise\u00f1o h\u00edbrido de la suela integra una espiga con diferentes \u00e1ngulos alrededor del ROTOX, junto a una trama estrat\u00e9gica en tal\u00f3n, lateral y puntera que garantiza el equilibrio perfecto entre agarre, control y rapidez en los desplazamientos. El corte, construido con mesh Jacquard ligero y altamente transpirable, est\u00e1 pensado para potenciar la explosividad y el estilo de juego din\u00e1mico de Chingotto. Pr\u00e1cticamente sin costuras y ensamblado mediante termosellados, proporciona una sensaci\u00f3n de confort total y m\u00e1xima libertad de movimiento.<\/p>\n","protected":false},"excerpt":{"rendered":"<div id=\"product-description-short-14405\" class=\"product-short-description\">Zapatillas de p\u00e1del Bullpadel Neuron 26V en azul marino para jugadores avanzados que buscan ligereza y estabilidad para mejorar su rendimiento en pista.<\/div>\n<div class=\"product-actions\">\n<form id=\"add-to-cart-or-refresh\" action=\"https:\/\/www.zonadepadel.es\/carrito\" method=\"post\">\n<div class=\"product-additional-info\"><\/div>\n<\/form>\n<\/div>\n","protected":false},"featured_media":246173,"comment_status":"open","ping_status":"closed","template":"","meta":{"_joinchat":[]},"pwb-brand":[],"product_brand":[],"product_cat":[4298,4307,4939],"product_tag":[508,1881,9313,5768],"class_list":{"0":"post-246171","1":"product","2":"type-product","3":"status-publish","4":"has-post-thumbnail","6":"product_cat-padel-shoes","7":"product_cat-bullpadel-padel-shoes","8":"product_cat-padel-shoes-men","9":"product_tag-azul-marino","10":"product_tag-bullpadel-en","11":"product_tag-chingotto-en","12":"product_tag-neuron-en","13":"pa_talla-41-en","14":"pa_talla-42-en","15":"pa_talla-43-en","16":"pa_talla-44-en","17":"pa_talla-45-en","19":"first","20":"instock","21":"sale","22":"taxable","23":"shipping-taxable","24":"purchasable","25":"product-type-variable"},"brands":[],"_links":{"self":[{"href":"https:\/\/tiendapadel5.com\/de\/wp-json\/wp\/v2\/product\/246171","targetHints":{"allow":["GET"]}}],"collection":[{"href":"https:\/\/tiendapadel5.com\/de\/wp-json\/wp\/v2\/product"}],"about":[{"href":"https:\/\/tiendapadel5.com\/de\/wp-json\/wp\/v2\/types\/product"}],"replies":[{"embeddable":true,"href":"https:\/\/tiendapadel5.com\/de\/wp-json\/wp\/v2\/comments?post=246171"}],"version-history":[{"count":1,"href":"https:\/\/tiendapadel5.com\/de\/wp-json\/wp\/v2\/product\/246171\/revisions"}],"predecessor-version":[{"id":246199,"href":"https:\/\/tiendapadel5.com\/de\/wp-json\/wp\/v2\/product\/246171\/revisions\/246199"}],"wp:featuredmedia":[{"embeddable":true,"href":"https:\/\/tiendapadel5.com\/de\/wp-json\/wp\/v2\/media\/246173"}],"wp:attachment":[{"href":"https:\/\/tiendapadel5.com\/de\/wp-json\/wp\/v2\/media?parent=246171"}],"wp:term":[{"taxonomy":"pwb-brand","embeddable":true,"href":"https:\/\/tiendapadel5.com\/de\/wp-json\/wp\/v2\/pwb-brand?post=246171"},{"taxonomy":"product_brand","embeddable":true,"href":"https:\/\/tiendapadel5.com\/de\/wp-json\/wp\/v2\/product_brand?post=246171"},{"taxonomy":"product_cat","embeddable":true,"href":"https:\/\/tiendapadel5.com\/de\/wp-json\/wp\/v2\/product_cat?post=246171"},{"taxonomy":"product_tag","embeddable":true,"href":"https:\/\/tiendapadel5.com\/de\/wp-json\/wp\/v2\/product_tag?post=246171"}],"curies":[{"name":"wp","href":"https:\/\/api.w.org\/{rel}","templated":true}]}}