{"id":240891,"date":"2026-01-02T13:10:54","date_gmt":"2026-01-02T12:10:54","guid":{"rendered":"https:\/\/tiendapadel5.com\/?post_type=product&#038;p=240891"},"modified":"2026-03-27T10:54:47","modified_gmt":"2026-03-27T09:54:47","slug":"mochila-adidas-pro-tour-blue-2026","status":"publish","type":"product","link":"https:\/\/tiendapadel5.com\/de\/mochila-adidas-pro-tour-blue-2026\/","title":{"rendered":"Mochila Adidas Pro Tour Blue 2026"},"content":{"rendered":"<h2>Mochila Adidas Pro Tour Blue 2026<\/h2>\n<p><strong>Caracter\u00edsticas:<\/strong><\/p>\n<p><i class=\"fa fa-check\"><\/i><strong>\u00a0<label class=\"label\">Materiales:<\/label>\u00a0<\/strong>100% REC. PES 900D with PU coating + 100% REC. PES 210D<\/p>\n<p><i class=\"fa fa-check\"><\/i><strong>\u00a0<label class=\"label\">Capacidad :<\/label>\u00a0<\/strong>40L<\/p>\n<p><i class=\"fa fa-check\"><\/i><strong>\u00a0<label class=\"label\">Dimensiones:<\/label>\u00a0<\/strong>32 x 50 x 23 cm<\/p>\n<p><i class=\"fa fa-check\"><\/i><strong>\u00a0<label class=\"label\">Color:<\/label><\/strong>\u00a0Azul bronce<\/p>\n","protected":false},"excerpt":{"rendered":"<p>La Mochila Adidas Pro Tour Blue 2026, tiene una construcci\u00f3n m\u00e1s cuidada, apertura en U y un compartimento t\u00e9rmico para llevar tus palas bien protegidas.<\/p>\n","protected":false},"featured_media":240907,"comment_status":"open","ping_status":"closed","template":"","meta":{"_joinchat":[]},"pwb-brand":[28],"product_brand":[],"product_cat":[20,427],"product_tag":[11132,143,530,256,176,264],"class_list":{"0":"post-240891","1":"product","2":"type-product","3":"status-publish","4":"has-post-thumbnail","6":"pwb-brand-adidas-padel","7":"product_cat-paleteros-de-padel","8":"product_cat-mochilas-adidas","9":"product_tag-11132","10":"product_tag-adidas","11":"product_tag-blue","12":"product_tag-mochila","13":"product_tag-pro","14":"product_tag-tour","16":"first","17":"instock","18":"sale","19":"taxable","20":"shipping-taxable","21":"purchasable","22":"product-type-simple"},"brands":[{"id":28,"name":"Adidas Padel","slug":"adidas-padel"}],"_links":{"self":[{"href":"https:\/\/tiendapadel5.com\/de\/wp-json\/wp\/v2\/product\/240891","targetHints":{"allow":["GET"]}}],"collection":[{"href":"https:\/\/tiendapadel5.com\/de\/wp-json\/wp\/v2\/product"}],"about":[{"href":"https:\/\/tiendapadel5.com\/de\/wp-json\/wp\/v2\/types\/product"}],"replies":[{"embeddable":true,"href":"https:\/\/tiendapadel5.com\/de\/wp-json\/wp\/v2\/comments?post=240891"}],"version-history":[{"count":1,"href":"https:\/\/tiendapadel5.com\/de\/wp-json\/wp\/v2\/product\/240891\/revisions"}],"predecessor-version":[{"id":240915,"href":"https:\/\/tiendapadel5.com\/de\/wp-json\/wp\/v2\/product\/240891\/revisions\/240915"}],"wp:featuredmedia":[{"embeddable":true,"href":"https:\/\/tiendapadel5.com\/de\/wp-json\/wp\/v2\/media\/240907"}],"wp:attachment":[{"href":"https:\/\/tiendapadel5.com\/de\/wp-json\/wp\/v2\/media?parent=240891"}],"wp:term":[{"taxonomy":"pwb-brand","embeddable":true,"href":"https:\/\/tiendapadel5.com\/de\/wp-json\/wp\/v2\/pwb-brand?post=240891"},{"taxonomy":"product_brand","embeddable":true,"href":"https:\/\/tiendapadel5.com\/de\/wp-json\/wp\/v2\/product_brand?post=240891"},{"taxonomy":"product_cat","embeddable":true,"href":"https:\/\/tiendapadel5.com\/de\/wp-json\/wp\/v2\/product_cat?post=240891"},{"taxonomy":"product_tag","embeddable":true,"href":"https:\/\/tiendapadel5.com\/de\/wp-json\/wp\/v2\/product_tag?post=240891"}],"curies":[{"name":"wp","href":"https:\/\/api.w.org\/{rel}","templated":true}]}}