{"id":237764,"date":"2025-12-27T00:55:34","date_gmt":"2025-12-26T23:55:34","guid":{"rendered":"https:\/\/tiendapadel5.com\/?post_type=product&#038;p=237764"},"modified":"2025-12-27T00:55:39","modified_gmt":"2025-12-26T23:55:39","slug":"sudadera-bullpadel-piatro-crudo-2026","status":"publish","type":"product","link":"https:\/\/tiendapadel5.com\/de\/sudadera-bullpadel-piatro-crudo-2026\/","title":{"rendered":"Sudadera Bullpadel Piatro Crudo 2026"},"content":{"rendered":"<h2>Sudadera Bullpadel Piatro Crudo 2026<\/h2>\n<p><strong>Caracter\u00edsticas:<\/strong><\/p>\n<ul>\n<li>Fibras\u00a0de alto rendimiento que\u00a0aportan flexibilidad y transpirabilidad a la prenda, lo que se traduce en un ajuste c\u00f3modo y t\u00e9rmico.<\/li>\n<li>Perfecta para d\u00edas fr\u00edos ya que aporta un extra de calidez sin sacrificar la transpirabilidad.<\/li>\n<li><strong>Dise\u00f1o ergon\u00f3mico:<\/strong>\u00a0Ajuste ce\u00f1ido con capucha, pu\u00f1os y bajos de canal\u00e9 para una mayor comodidad.<\/li>\n<li><strong>Bolsillo canguro y cord\u00f3n ajustable:<\/strong>\u00a0Proporciona funcionalidad y ajuste personalizado.<\/li>\n<li><strong>Gr\u00e1ficos Premier Padel:<\/strong>\u00a0Dise\u00f1o exclusivo para los seguidores del circuito profesional.<\/li>\n<li>Pertenece a la colecci\u00f3n de ropa oficial Premier\u00a0Bullpadel 2026.<\/li>\n<\/ul>\n","protected":false},"excerpt":{"rendered":"<p>La Sudadera Bullpadel Piatro Crudo 2026, es la opci\u00f3n perfecta para jugadores de p\u00e1del que quieren ir c\u00f3modos y protegidos del fr\u00edo sin perder libertad de movimiento. Est\u00e1 hecha con tejido el\u00e1stico de poli\u00e9ster y un interior con acabado polar, lo que asegura un buen aislamiento t\u00e9rmico y una sensaci\u00f3n de calor muy agradable cada vez que la usas.<\/p>\n","protected":false},"featured_media":237792,"comment_status":"open","ping_status":"closed","template":"","meta":{"_joinchat":[]},"pwb-brand":[31],"product_brand":[],"product_cat":[21,447,46,105,5901],"product_tag":[11132,319,11366,11416,517],"class_list":{"0":"post-237764","1":"product","2":"type-product","3":"status-publish","4":"has-post-thumbnail","6":"pwb-brand-bullpadel","7":"product_cat-ropa-padel","8":"product_cat-ropa-bullpadel","9":"product_cat-hombre","10":"product_cat-sudaderas","11":"product_cat-sudaderass","12":"product_tag-11132","13":"product_tag-bullpadel","14":"product_tag-crudo","15":"product_tag-piatro","16":"product_tag-sudadera","17":"pa_talla-l","18":"pa_talla-m","19":"pa_talla-s","20":"pa_talla-xl","22":"first","23":"instock","24":"sale","25":"taxable","26":"shipping-taxable","27":"purchasable","28":"product-type-variable"},"brands":[{"id":31,"name":"Bullpadel","slug":"bullpadel"}],"_links":{"self":[{"href":"https:\/\/tiendapadel5.com\/de\/wp-json\/wp\/v2\/product\/237764","targetHints":{"allow":["GET"]}}],"collection":[{"href":"https:\/\/tiendapadel5.com\/de\/wp-json\/wp\/v2\/product"}],"about":[{"href":"https:\/\/tiendapadel5.com\/de\/wp-json\/wp\/v2\/types\/product"}],"replies":[{"embeddable":true,"href":"https:\/\/tiendapadel5.com\/de\/wp-json\/wp\/v2\/comments?post=237764"}],"version-history":[{"count":0,"href":"https:\/\/tiendapadel5.com\/de\/wp-json\/wp\/v2\/product\/237764\/revisions"}],"wp:featuredmedia":[{"embeddable":true,"href":"https:\/\/tiendapadel5.com\/de\/wp-json\/wp\/v2\/media\/237792"}],"wp:attachment":[{"href":"https:\/\/tiendapadel5.com\/de\/wp-json\/wp\/v2\/media?parent=237764"}],"wp:term":[{"taxonomy":"pwb-brand","embeddable":true,"href":"https:\/\/tiendapadel5.com\/de\/wp-json\/wp\/v2\/pwb-brand?post=237764"},{"taxonomy":"product_brand","embeddable":true,"href":"https:\/\/tiendapadel5.com\/de\/wp-json\/wp\/v2\/product_brand?post=237764"},{"taxonomy":"product_cat","embeddable":true,"href":"https:\/\/tiendapadel5.com\/de\/wp-json\/wp\/v2\/product_cat?post=237764"},{"taxonomy":"product_tag","embeddable":true,"href":"https:\/\/tiendapadel5.com\/de\/wp-json\/wp\/v2\/product_tag?post=237764"}],"curies":[{"name":"wp","href":"https:\/\/api.w.org\/{rel}","templated":true}]}}