{"id":236667,"date":"2025-12-22T23:23:12","date_gmt":"2025-12-22T22:23:12","guid":{"rendered":"https:\/\/tiendapadel5.com\/?post_type=product&#038;p=236667"},"modified":"2026-04-28T16:30:39","modified_gmt":"2026-04-28T14:30:39","slug":"siux-astra-hybrid-air-2026","status":"publish","type":"product","link":"https:\/\/tiendapadel5.com\/de\/siux-astra-hybrid-air-2026\/","title":{"rendered":"Siux Astra Hybrid Air 2026"},"content":{"rendered":"<h2>Siux Astra Hybrid Air 2026<\/h2>\n<p><strong>Caracter\u00edsticas:<\/strong><\/p>\n<p><span class=\"info\"><strong>Forma:<\/strong> Lagrima<\/span><\/p>\n<p><span class=\"info\"><strong>Nivel:<\/strong> Intermedio<\/span><\/p>\n<p><span class=\"info\"><strong>Juego:<\/strong> Polivalente<\/span><\/p>\n<p><span class=\"info\"><strong>Peso:<\/strong> 345-355 gr.<\/span><\/p>\n<p><span class=\"info\"><strong>Perfil:<\/strong> 38 mm<\/span><\/p>\n<p><span class=\"info\"><strong>Jugador:<\/strong> Mujer<\/span><\/p>\n<p><span class=\"info\"><strong>A\u00f1o:<\/strong> 2026<\/span><\/p>\n<p><span class=\"info\"><strong>N\u00facleo:<\/strong> Eva<\/span><\/p>\n<p><span class=\"info\"><strong>Tacto:<\/strong> Blando<\/span><\/p>\n<p><span class=\"info\"><strong>Material Principal:<\/strong> Fibra de vidrio<\/span><\/p>\n<p><span class=\"info\"><strong>Rugosidad:<\/strong> Sin rugosidad<\/span><\/p>\n","protected":false},"excerpt":{"rendered":"<p>La Siux Astra Hybrid Air 2026, es una pala de p\u00e1del pensada especialmente para mujeres que buscan un buen equilibrio entre control y potencia. Est\u00e1 hecha con fibra de vidrio 3K y goma EVA Soft, lo que se traduce en una salida de bola suave y muy c\u00f3moda en cada golpe. Es ideal para jugadoras din\u00e1micas que quieren mejorar su juego sin renunciar a la estabilidad.<\/p>\n","protected":false},"featured_media":236682,"comment_status":"open","ping_status":"closed","template":"","meta":{"_joinchat":[]},"pwb-brand":[2224],"product_brand":[],"product_cat":[19,11134,2225],"product_tag":[11132,207,11409,162,2226],"class_list":{"0":"post-236667","1":"product","2":"type-product","3":"status-publish","4":"has-post-thumbnail","6":"pwb-brand-siux","7":"product_cat-palas-padel","8":"product_cat-11134","9":"product_cat-siux","10":"product_tag-11132","11":"product_tag-air","12":"product_tag-astra","13":"product_tag-hybrid","14":"product_tag-siux","15":"pa_forma-lagrima","16":"pa_marco-fibra-de-vidrio","17":"pa_nivel-de-juego-intermedio","18":"pa_tipo-de-juego-polivalente","20":"first","21":"instock","22":"sale","23":"taxable","24":"shipping-taxable","25":"purchasable","26":"product-type-simple"},"brands":[{"id":2224,"name":"Siux","slug":"siux"}],"_links":{"self":[{"href":"https:\/\/tiendapadel5.com\/de\/wp-json\/wp\/v2\/product\/236667","targetHints":{"allow":["GET"]}}],"collection":[{"href":"https:\/\/tiendapadel5.com\/de\/wp-json\/wp\/v2\/product"}],"about":[{"href":"https:\/\/tiendapadel5.com\/de\/wp-json\/wp\/v2\/types\/product"}],"replies":[{"embeddable":true,"href":"https:\/\/tiendapadel5.com\/de\/wp-json\/wp\/v2\/comments?post=236667"}],"version-history":[{"count":1,"href":"https:\/\/tiendapadel5.com\/de\/wp-json\/wp\/v2\/product\/236667\/revisions"}],"predecessor-version":[{"id":243974,"href":"https:\/\/tiendapadel5.com\/de\/wp-json\/wp\/v2\/product\/236667\/revisions\/243974"}],"wp:featuredmedia":[{"embeddable":true,"href":"https:\/\/tiendapadel5.com\/de\/wp-json\/wp\/v2\/media\/236682"}],"wp:attachment":[{"href":"https:\/\/tiendapadel5.com\/de\/wp-json\/wp\/v2\/media?parent=236667"}],"wp:term":[{"taxonomy":"pwb-brand","embeddable":true,"href":"https:\/\/tiendapadel5.com\/de\/wp-json\/wp\/v2\/pwb-brand?post=236667"},{"taxonomy":"product_brand","embeddable":true,"href":"https:\/\/tiendapadel5.com\/de\/wp-json\/wp\/v2\/product_brand?post=236667"},{"taxonomy":"product_cat","embeddable":true,"href":"https:\/\/tiendapadel5.com\/de\/wp-json\/wp\/v2\/product_cat?post=236667"},{"taxonomy":"product_tag","embeddable":true,"href":"https:\/\/tiendapadel5.com\/de\/wp-json\/wp\/v2\/product_tag?post=236667"}],"curies":[{"name":"wp","href":"https:\/\/api.w.org\/{rel}","templated":true}]}}