{"id":236331,"date":"2025-12-22T01:07:00","date_gmt":"2025-12-22T00:07:00","guid":{"rendered":"https:\/\/tiendapadel5.com\/?post_type=product&#038;p=236331"},"modified":"2026-04-17T10:47:16","modified_gmt":"2026-04-17T08:47:16","slug":"siux-fenix-pro-2026-glow-purple","status":"publish","type":"product","link":"https:\/\/tiendapadel5.com\/de\/siux-fenix-pro-2026-glow-purple\/","title":{"rendered":"Siux Fenix Pro 2026 Glow Purple"},"content":{"rendered":"<h2>Siux Fenix Pro 2026 Glow Purple<\/h2>\n<p><strong>Caracter\u00edsticas:<\/strong><\/p>\n<ul>\n<li><strong>Nivel de juego:<\/strong>\u00a0Avanzado \u2013 Profesional<\/li>\n<li><strong>Tipo de juego:<\/strong>\u00a0ATAQUE<\/li>\n<li><strong>Translation missing: es.hardness:<\/strong>\u00a010\/10<\/li>\n<li><strong>Balance de pala:<\/strong>\u00a0ALTO<\/li>\n<li><strong>Acabado de pala:<\/strong>\u00a0SATINADO+3D<\/li>\n<li><strong>Forma de pala:<\/strong>\u00a0Diamante<\/li>\n<li><strong>Superficie de pala:<\/strong>\u00a0CARBON 12K<\/li>\n<li><strong>Tacto de pala:<\/strong>\u00a010\/10<\/li>\n<li><strong>Gama:<\/strong>\u00a0PRO<\/li>\n<li><strong>Temporada:<\/strong>\u00a02026<\/li>\n<\/ul>\n","protected":false},"excerpt":{"rendered":"<p>La Siux Fenix Pro 2026 Glow Purple, es una pala profesional pensada para el juego de ataque, con un balance alto que te ayuda a imprimir m\u00e1s velocidad y potencia en cada golpe. Est\u00e1 fabricada con carbono de alta calidad, lo que la hace firme pero ligera, ideal para moverla r\u00e1pido y definir los puntos sin dudar. Este modelo, avalado por Leo Ausburguer, est\u00e1 dise\u00f1ado para jugadores ofensivos que buscan sacar el m\u00e1ximo rendimiento y mantener el control en la pista.<\/p>\n","protected":false},"featured_media":236360,"comment_status":"open","ping_status":"closed","template":"","meta":{"_joinchat":[]},"pwb-brand":[2224],"product_brand":[],"product_cat":[1452,11147,2690],"product_tag":[11132,4407,11402,1545,11294,9496],"class_list":{"0":"post-236331","1":"product","2":"type-product","3":"status-publish","4":"has-post-thumbnail","6":"pwb-brand-siux","7":"product_cat-racchette-padel","8":"product_cat-2026-it","9":"product_cat-siux-it","10":"product_tag-11132","11":"product_tag-fenix","12":"product_tag-glow","13":"product_tag-professionista","14":"product_tag-purple","15":"product_tag-siux-it","16":"pa_forma-diamante-it","17":"pa_marco-fibra-di-carbonio","18":"pa_nivel-de-juego-avanzate","19":"pa_tipo-de-juego-energia","21":"first","22":"instock","23":"sale","24":"taxable","25":"shipping-taxable","26":"purchasable","27":"product-type-simple"},"brands":[{"id":2224,"name":"Siux","slug":"siux"}],"_links":{"self":[{"href":"https:\/\/tiendapadel5.com\/de\/wp-json\/wp\/v2\/product\/236331","targetHints":{"allow":["GET"]}}],"collection":[{"href":"https:\/\/tiendapadel5.com\/de\/wp-json\/wp\/v2\/product"}],"about":[{"href":"https:\/\/tiendapadel5.com\/de\/wp-json\/wp\/v2\/types\/product"}],"replies":[{"embeddable":true,"href":"https:\/\/tiendapadel5.com\/de\/wp-json\/wp\/v2\/comments?post=236331"}],"version-history":[{"count":1,"href":"https:\/\/tiendapadel5.com\/de\/wp-json\/wp\/v2\/product\/236331\/revisions"}],"predecessor-version":[{"id":243970,"href":"https:\/\/tiendapadel5.com\/de\/wp-json\/wp\/v2\/product\/236331\/revisions\/243970"}],"wp:featuredmedia":[{"embeddable":true,"href":"https:\/\/tiendapadel5.com\/de\/wp-json\/wp\/v2\/media\/236360"}],"wp:attachment":[{"href":"https:\/\/tiendapadel5.com\/de\/wp-json\/wp\/v2\/media?parent=236331"}],"wp:term":[{"taxonomy":"pwb-brand","embeddable":true,"href":"https:\/\/tiendapadel5.com\/de\/wp-json\/wp\/v2\/pwb-brand?post=236331"},{"taxonomy":"product_brand","embeddable":true,"href":"https:\/\/tiendapadel5.com\/de\/wp-json\/wp\/v2\/product_brand?post=236331"},{"taxonomy":"product_cat","embeddable":true,"href":"https:\/\/tiendapadel5.com\/de\/wp-json\/wp\/v2\/product_cat?post=236331"},{"taxonomy":"product_tag","embeddable":true,"href":"https:\/\/tiendapadel5.com\/de\/wp-json\/wp\/v2\/product_tag?post=236331"}],"curies":[{"name":"wp","href":"https:\/\/api.w.org\/{rel}","templated":true}]}}