{"id":234321,"date":"2025-12-14T00:33:47","date_gmt":"2025-12-13T23:33:47","guid":{"rendered":"https:\/\/tiendapadel5.com\/?post_type=product&#038;p=234321"},"modified":"2025-12-22T17:25:27","modified_gmt":"2025-12-22T16:25:27","slug":"mochila-black-crown-raptor-v2-negro","status":"publish","type":"product","link":"https:\/\/tiendapadel5.com\/de\/mochila-black-crown-raptor-v2-negro\/","title":{"rendered":"Mochila Black Crown Raptor V2 Negro"},"content":{"rendered":"<h2>Mochila Black Crown Raptor V2 Negro<\/h2>\n<p><strong>Caracter\u00edsticas:<\/strong><\/p>\n<p><strong>Medidas:<\/strong>\u00a031 cm (largo) x 20 cm (ancho) x 49 cm (alto)<\/p>\n<p><strong>Color: <\/strong>Negro completo<\/p>\n","protected":false},"excerpt":{"rendered":"<p>La Mochila Black Crown Raptor V2 Negro, h<span style=\"font-size: 14.4px;\">a sido dise\u00f1ada en exclusiva para nuestros jugadores, cuidando cada detalle para ofrecerte comodidad, funcionalidad y estilo. Es perfecta tanto para tus partidos de p\u00e1del como para cualquier otro plan, gracias a su dise\u00f1o elegante y vers\u00e1til.<\/span><\/p>\n<div class=\"flex flex-col text-sm @w-xl\/main:pt-header-height pb-25\">\n<article class=\"text-token-text-primary w-full focus:outline-none [--shadow-height:45px] has-data-writing-block:pointer-events-none has-data-writing-block:-mt-(--shadow-height) has-data-writing-block:pt-(--shadow-height) [&amp;:has([data-writing-block])&gt;*]:pointer-events-auto scroll-mt-[calc(var(--header-height)+min(200px,max(70px,20svh)))]\" dir=\"auto\" tabindex=\"-1\" data-turn-id=\"request-68b8069b-7024-8332-b1cc-ea172a9f4ebb-6\" data-testid=\"conversation-turn-366\" data-scroll-anchor=\"true\" data-turn=\"assistant\">\n<div class=\"text-base my-auto mx-auto pb-10 [--thread-content-margin:--spacing(4)] @w-sm\/main:[--thread-content-margin:--spacing(6)] @w-lg\/main:[--thread-content-margin:--spacing(16)] px-(--thread-content-margin)\">\n<div class=\"[--thread-content-max-width:40rem] @w-lg\/main:[--thread-content-max-width:48rem] mx-auto max-w-(--thread-content-max-width) flex-1 group\/turn-messages focus-visible:outline-hidden relative flex w-full min-w-0 flex-col agent-turn\" tabindex=\"-1\">\n<div class=\"z-0 flex min-h-[46px] justify-start\"><\/div>\n<div class=\"mt-3 w-full empty:hidden\">\n<div class=\"text-center\"><\/div>\n<\/div>\n<\/div>\n<\/div>\n<\/article>\n<\/div>\n<div class=\"pointer-events-none h-px w-px absolute bottom-0\" aria-hidden=\"true\" data-edge=\"true\"><\/div>\n","protected":false},"featured_media":234336,"comment_status":"open","ping_status":"closed","template":"","meta":{"_joinchat":[]},"pwb-brand":[30],"product_brand":[],"product_cat":[6541,20],"product_tag":[203,204,256,669,541,913],"class_list":{"0":"post-234321","1":"product","2":"type-product","3":"status-publish","4":"has-post-thumbnail","6":"pwb-brand-black-crown","7":"product_cat-mochilas-black-crown","8":"product_cat-paleteros-de-padel","9":"product_tag-black","10":"product_tag-crown","11":"product_tag-mochila","12":"product_tag-negro","13":"product_tag-raptor","14":"product_tag-v2","16":"first","17":"instock","18":"sale","19":"taxable","20":"shipping-taxable","21":"purchasable","22":"product-type-simple"},"brands":[{"id":30,"name":"Black Crown","slug":"black-crown"}],"_links":{"self":[{"href":"https:\/\/tiendapadel5.com\/de\/wp-json\/wp\/v2\/product\/234321","targetHints":{"allow":["GET"]}}],"collection":[{"href":"https:\/\/tiendapadel5.com\/de\/wp-json\/wp\/v2\/product"}],"about":[{"href":"https:\/\/tiendapadel5.com\/de\/wp-json\/wp\/v2\/types\/product"}],"replies":[{"embeddable":true,"href":"https:\/\/tiendapadel5.com\/de\/wp-json\/wp\/v2\/comments?post=234321"}],"version-history":[{"count":0,"href":"https:\/\/tiendapadel5.com\/de\/wp-json\/wp\/v2\/product\/234321\/revisions"}],"wp:featuredmedia":[{"embeddable":true,"href":"https:\/\/tiendapadel5.com\/de\/wp-json\/wp\/v2\/media\/234336"}],"wp:attachment":[{"href":"https:\/\/tiendapadel5.com\/de\/wp-json\/wp\/v2\/media?parent=234321"}],"wp:term":[{"taxonomy":"pwb-brand","embeddable":true,"href":"https:\/\/tiendapadel5.com\/de\/wp-json\/wp\/v2\/pwb-brand?post=234321"},{"taxonomy":"product_brand","embeddable":true,"href":"https:\/\/tiendapadel5.com\/de\/wp-json\/wp\/v2\/product_brand?post=234321"},{"taxonomy":"product_cat","embeddable":true,"href":"https:\/\/tiendapadel5.com\/de\/wp-json\/wp\/v2\/product_cat?post=234321"},{"taxonomy":"product_tag","embeddable":true,"href":"https:\/\/tiendapadel5.com\/de\/wp-json\/wp\/v2\/product_tag?post=234321"}],"curies":[{"name":"wp","href":"https:\/\/api.w.org\/{rel}","templated":true}]}}