{"id":231062,"date":"2025-12-02T21:53:24","date_gmt":"2025-12-02T20:53:24","guid":{"rendered":"https:\/\/tiendapadel5.com\/?post_type=product&#038;p=231062"},"modified":"2026-03-03T09:33:14","modified_gmt":"2026-03-03T08:33:14","slug":"paletero-adidas-pro-tour-pink-2026-by-martita-ortega","status":"publish","type":"product","link":"https:\/\/tiendapadel5.com\/de\/paletero-adidas-pro-tour-pink-2026-by-martita-ortega\/","title":{"rendered":"Paletero Adidas Pro Tour Pink 2026 By Martita Ortega"},"content":{"rendered":"<h2>Paletero Adidas Pro Tour Pink 2026 By Martita Ortega<\/h2>\n<p><strong>Caracter\u00edsticas:<\/strong><\/p>\n<p><i class=\"fa fa-check\"><\/i><strong>\u00a0<label class=\"label\">Materiales:<\/label><\/strong>\u00a0100% REC. PES 900D with PU coating + 100% REC. PES 210D<\/p>\n<p><i class=\"fa fa-check\"><\/i><strong>\u00a0<label class=\"label\">Capacidad :<\/label>\u00a0<\/strong>70 L<\/p>\n<p><i class=\"fa fa-check\"><\/i><strong>\u00a0<label class=\"label\">Dimensiones:<\/label>\u00a0<\/strong>42 x 60 x 30 cm<\/p>\n<p><i class=\"fa fa-check\"><\/i><strong>\u00a0<label class=\"label\">Color:<\/label><\/strong>\u00a0Rosa Naranja<\/p>\n","protected":false},"excerpt":{"rendered":"<p>El Paletero Adidas Pro Tour Pink 2026 By Martita Ortega, incluye un dise\u00f1o renovado, dos compartimentos t\u00e9rmicos y una distribuci\u00f3n interna pensada para jugadoras con nivel que necesitan todo bien organizado.<\/p>\n","protected":false},"featured_media":231087,"comment_status":"open","ping_status":"closed","template":"","meta":{"_joinchat":[]},"pwb-brand":[28],"product_brand":[],"product_cat":[2192,2190],"product_tag":[11591,1968,2043,10500,8278,10277,516,1905,6698],"class_list":{"0":"post-231062","1":"product","2":"type-product","3":"status-publish","4":"has-post-thumbnail","6":"pwb-brand-adidas-padel","7":"product_cat-adidas-padel-racket-bags","8":"product_cat-padel-racket-bags","9":"product_tag-11591","10":"product_tag-adidas-en","11":"product_tag-by-en","12":"product_tag-martita","13":"product_tag-ortega-en","14":"product_tag-paletero-en","15":"product_tag-pink","16":"product_tag-pro-en","17":"product_tag-tour-en","19":"first","20":"outofstock","21":"sale","22":"taxable","23":"shipping-taxable","24":"purchasable","25":"product-type-simple"},"brands":[{"id":28,"name":"Adidas Padel","slug":"adidas-padel"}],"_links":{"self":[{"href":"https:\/\/tiendapadel5.com\/de\/wp-json\/wp\/v2\/product\/231062","targetHints":{"allow":["GET"]}}],"collection":[{"href":"https:\/\/tiendapadel5.com\/de\/wp-json\/wp\/v2\/product"}],"about":[{"href":"https:\/\/tiendapadel5.com\/de\/wp-json\/wp\/v2\/types\/product"}],"replies":[{"embeddable":true,"href":"https:\/\/tiendapadel5.com\/de\/wp-json\/wp\/v2\/comments?post=231062"}],"version-history":[{"count":1,"href":"https:\/\/tiendapadel5.com\/de\/wp-json\/wp\/v2\/product\/231062\/revisions"}],"predecessor-version":[{"id":245219,"href":"https:\/\/tiendapadel5.com\/de\/wp-json\/wp\/v2\/product\/231062\/revisions\/245219"}],"wp:featuredmedia":[{"embeddable":true,"href":"https:\/\/tiendapadel5.com\/de\/wp-json\/wp\/v2\/media\/231087"}],"wp:attachment":[{"href":"https:\/\/tiendapadel5.com\/de\/wp-json\/wp\/v2\/media?parent=231062"}],"wp:term":[{"taxonomy":"pwb-brand","embeddable":true,"href":"https:\/\/tiendapadel5.com\/de\/wp-json\/wp\/v2\/pwb-brand?post=231062"},{"taxonomy":"product_brand","embeddable":true,"href":"https:\/\/tiendapadel5.com\/de\/wp-json\/wp\/v2\/product_brand?post=231062"},{"taxonomy":"product_cat","embeddable":true,"href":"https:\/\/tiendapadel5.com\/de\/wp-json\/wp\/v2\/product_cat?post=231062"},{"taxonomy":"product_tag","embeddable":true,"href":"https:\/\/tiendapadel5.com\/de\/wp-json\/wp\/v2\/product_tag?post=231062"}],"curies":[{"name":"wp","href":"https:\/\/api.w.org\/{rel}","templated":true}]}}