{"id":227809,"date":"2025-11-17T00:18:09","date_gmt":"2025-11-16T23:18:09","guid":{"rendered":"https:\/\/tiendapadel5.com\/?post_type=product&#038;p=227809"},"modified":"2026-04-21T08:51:26","modified_gmt":"2026-04-21T06:51:26","slug":"varlion-carrera-carbon-black-ltd-2022","status":"publish","type":"product","link":"https:\/\/tiendapadel5.com\/de\/varlion-carrera-carbon-black-ltd-2022\/","title":{"rendered":"Varlion Carrera Carbon Black LTD 2022"},"content":{"rendered":"<dl class=\"data-sheet\">\n<dt>Caracter\u00edsticas:<\/dt>\n<dt><\/dt>\n<dt class=\"name\">Nivel de juego: Avanzado<\/dt>\n<dt class=\"name\">Tipo de juego: Equilibrado<\/dt>\n<dt class=\"name\">Forma: L\u00e1grima<\/dt>\n<dt class=\"name\">Balance: Alto<\/dt>\n<\/dl>\n","protected":false},"excerpt":{"rendered":"<p>La Varlion Carrera Carb\u00f3n Black LTD aporta\u00a0 precisi\u00f3n y potencia. Pala profesional de p\u00e1del de \u00faltima generaci\u00f3n para jugadores exigentes.<\/p>\n","protected":false},"featured_media":227824,"comment_status":"open","ping_status":"closed","template":"","meta":{"_joinchat":[]},"pwb-brand":[11305],"product_brand":[],"product_cat":[2248,4387,11312],"product_tag":[11326],"class_list":{"0":"post-227809","1":"product","2":"type-product","3":"status-publish","4":"has-post-thumbnail","6":"pwb-brand-varlion","7":"product_cat-raquetes-de-padel","8":"product_cat-raquetes-padel-2022","9":"product_cat-varlion-pt-pt","10":"product_tag-varlion-carrera-carbon-black-ltd-2022","12":"first","13":"instock","14":"sale","15":"taxable","16":"shipping-taxable","17":"purchasable","18":"product-type-simple"},"brands":[{"id":11305,"name":"Varlion","slug":"varlion"}],"_links":{"self":[{"href":"https:\/\/tiendapadel5.com\/de\/wp-json\/wp\/v2\/product\/227809","targetHints":{"allow":["GET"]}}],"collection":[{"href":"https:\/\/tiendapadel5.com\/de\/wp-json\/wp\/v2\/product"}],"about":[{"href":"https:\/\/tiendapadel5.com\/de\/wp-json\/wp\/v2\/types\/product"}],"replies":[{"embeddable":true,"href":"https:\/\/tiendapadel5.com\/de\/wp-json\/wp\/v2\/comments?post=227809"}],"version-history":[{"count":0,"href":"https:\/\/tiendapadel5.com\/de\/wp-json\/wp\/v2\/product\/227809\/revisions"}],"wp:featuredmedia":[{"embeddable":true,"href":"https:\/\/tiendapadel5.com\/de\/wp-json\/wp\/v2\/media\/227824"}],"wp:attachment":[{"href":"https:\/\/tiendapadel5.com\/de\/wp-json\/wp\/v2\/media?parent=227809"}],"wp:term":[{"taxonomy":"pwb-brand","embeddable":true,"href":"https:\/\/tiendapadel5.com\/de\/wp-json\/wp\/v2\/pwb-brand?post=227809"},{"taxonomy":"product_brand","embeddable":true,"href":"https:\/\/tiendapadel5.com\/de\/wp-json\/wp\/v2\/product_brand?post=227809"},{"taxonomy":"product_cat","embeddable":true,"href":"https:\/\/tiendapadel5.com\/de\/wp-json\/wp\/v2\/product_cat?post=227809"},{"taxonomy":"product_tag","embeddable":true,"href":"https:\/\/tiendapadel5.com\/de\/wp-json\/wp\/v2\/product_tag?post=227809"}],"curies":[{"name":"wp","href":"https:\/\/api.w.org\/{rel}","templated":true}]}}