{"id":227294,"date":"2025-11-13T00:58:20","date_gmt":"2025-11-12T23:58:20","guid":{"rendered":"https:\/\/tiendapadel5.com\/?post_type=product&#038;p=227294"},"modified":"2026-04-24T01:40:25","modified_gmt":"2026-04-23T23:40:25","slug":"varlion-maxima-summun-junior-pansy-2022","status":"publish","type":"product","link":"https:\/\/tiendapadel5.com\/de\/varlion-maxima-summun-junior-pansy-2022\/","title":{"rendered":"Varlion Maxima Summun Junior Pansy 2022"},"content":{"rendered":"<h2>Varlion Maxima Summun Junior Pansy 2022<\/h2>\n<p><strong>Caracteristicas:<\/strong><\/p>\n<table class=\"table table-hover mb-5 mb-lg-3\">\n<tbody>\n<tr>\n<th class=\"fitToContent\"><i class=\"fas fa-fw fa-calendar-day\" aria-hidden=\"true\"><\/i>\u00a0A\u00f1o de lanzamiento<\/th>\n<td>2022<\/td>\n<\/tr>\n<tr>\n<th class=\"fitToContent\"><i class=\"fas fa-fw fa-weight-hanging\" aria-hidden=\"true\"><\/i>\u00a0Peso<\/th>\n<td>300 &#8211; 325 g<\/td>\n<\/tr>\n<tr>\n<th class=\"fitToContent\"><i class=\"fas fa-fw fa-circle\" aria-hidden=\"true\"><\/i>\u00a0Forma<\/th>\n<td>H\u00edbrido<\/td>\n<\/tr>\n<tr>\n<th class=\"fitToContent\"><i class=\"fas fa-fw fa-balance-scale\" aria-hidden=\"true\"><\/i>\u00a0Balance<\/th>\n<td>Medio<\/td>\n<\/tr>\n<tr>\n<th class=\"fitToContent\"><i class=\"fas fa-fw fa-grip-lines\" aria-hidden=\"true\"><\/i>\u00a0Perfil de marco<\/th>\n<td>38 mm<\/td>\n<\/tr>\n<tr>\n<th class=\"fitToContent\"><i class=\"fas fa-fw fa-grip-lines\" aria-hidden=\"true\"><\/i>\u00a0Marco &#8211; material<\/th>\n<td>Fibra de vidrio<\/td>\n<\/tr>\n<tr>\n<th class=\"fitToContent\"><i class=\"fas fa-fw fa-layer-group\" aria-hidden=\"true\"><\/i>\u00a0Superficie &#8211; tipo<\/th>\n<td>Lisa<\/td>\n<\/tr>\n<tr>\n<th class=\"fitToContent\"><i class=\"fas fa-fw fa-layer-group\" aria-hidden=\"true\"><\/i>\u00a0Superficie &#8211; firmeza<\/th>\n<td>Suave<\/td>\n<\/tr>\n<tr>\n<th class=\"fitToContent\"><i class=\"fas fa-fw fa-layer-group\" aria-hidden=\"true\"><\/i>\u00a0Superficie &#8211; material<\/th>\n<td>Fibra de vidrio<\/td>\n<\/tr>\n<tr>\n<th class=\"fitToContent\"><i class=\"fas fa-fw fa-record-vinyl\" aria-hidden=\"true\"><\/i>\u00a0N\u00facleo &#8211; firmeza<\/th>\n<td>Suave<\/td>\n<\/tr>\n<tr>\n<th class=\"fitToContent\"><i class=\"fas fa-fw fa-record-vinyl\" aria-hidden=\"true\"><\/i>\u00a0N\u00facleo &#8211; material<\/th>\n<td>EVA flexcore<\/td>\n<\/tr>\n<tr>\n<th class=\"fitToContent\"><i class=\"fas fa-fw fa-running\" aria-hidden=\"true\"><\/i>\u00a0Tipo de jugador<\/th>\n<td>Principiante, Aficionado<\/td>\n<\/tr>\n<\/tbody>\n<\/table>\n","protected":false},"excerpt":{"rendered":"<p>La Varlion Maxima Summun Junior Pansy 2022, es una pala, s\u00faper popular, fue todo un \u00e9xito de ventas entre los jugadores junior. Su \u00e9xito se debe a que Varlion utiliza en ella las mismas tecnolog\u00edas que en sus modelos de gama alta, y porque entiende que los juniors crecen, mejoran y necesitan una pala que evolucione con ellos.<\/p>\n","protected":false},"featured_media":227317,"comment_status":"open","ping_status":"closed","template":"","meta":{"_joinchat":[]},"pwb-brand":[11305],"product_brand":[],"product_cat":[1860,11308],"product_tag":[1909,1955,11314,11316,11315,11300],"class_list":{"0":"post-227294","1":"product","2":"type-product","3":"status-publish","4":"has-post-thumbnail","6":"pwb-brand-varlion","7":"product_cat-padel-rackets","8":"product_cat-varlion-en","9":"product_tag-2022-en","10":"product_tag-junior-en","11":"product_tag-maxima","12":"product_tag-pansy","13":"product_tag-summun","14":"product_tag-varlion","15":"pa_forma-hybrid","16":"pa_marco-fiberglass","17":"pa_nivel-de-juego-initiation","18":"pa_tipo-de-juego-multipurpose","20":"first","21":"instock","22":"sale","23":"taxable","24":"shipping-taxable","25":"purchasable","26":"product-type-simple"},"brands":[{"id":11305,"name":"Varlion","slug":"varlion"}],"_links":{"self":[{"href":"https:\/\/tiendapadel5.com\/de\/wp-json\/wp\/v2\/product\/227294","targetHints":{"allow":["GET"]}}],"collection":[{"href":"https:\/\/tiendapadel5.com\/de\/wp-json\/wp\/v2\/product"}],"about":[{"href":"https:\/\/tiendapadel5.com\/de\/wp-json\/wp\/v2\/types\/product"}],"replies":[{"embeddable":true,"href":"https:\/\/tiendapadel5.com\/de\/wp-json\/wp\/v2\/comments?post=227294"}],"version-history":[{"count":0,"href":"https:\/\/tiendapadel5.com\/de\/wp-json\/wp\/v2\/product\/227294\/revisions"}],"wp:featuredmedia":[{"embeddable":true,"href":"https:\/\/tiendapadel5.com\/de\/wp-json\/wp\/v2\/media\/227317"}],"wp:attachment":[{"href":"https:\/\/tiendapadel5.com\/de\/wp-json\/wp\/v2\/media?parent=227294"}],"wp:term":[{"taxonomy":"pwb-brand","embeddable":true,"href":"https:\/\/tiendapadel5.com\/de\/wp-json\/wp\/v2\/pwb-brand?post=227294"},{"taxonomy":"product_brand","embeddable":true,"href":"https:\/\/tiendapadel5.com\/de\/wp-json\/wp\/v2\/product_brand?post=227294"},{"taxonomy":"product_cat","embeddable":true,"href":"https:\/\/tiendapadel5.com\/de\/wp-json\/wp\/v2\/product_cat?post=227294"},{"taxonomy":"product_tag","embeddable":true,"href":"https:\/\/tiendapadel5.com\/de\/wp-json\/wp\/v2\/product_tag?post=227294"}],"curies":[{"name":"wp","href":"https:\/\/api.w.org\/{rel}","templated":true}]}}