{"id":227261,"date":"2025-11-13T00:29:45","date_gmt":"2025-11-12T23:29:45","guid":{"rendered":"https:\/\/tiendapadel5.com\/?post_type=product&#038;p=227261"},"modified":"2026-02-23T16:25:52","modified_gmt":"2026-02-23T15:25:52","slug":"varlion-maxima-summun-junior-2022","status":"publish","type":"product","link":"https:\/\/tiendapadel5.com\/de\/varlion-maxima-summun-junior-2022\/","title":{"rendered":"Varlion Maxima Summun Junior 2022"},"content":{"rendered":"<h2>Varlion Maxima Summun Junior 2022<\/h2>\n<p><strong>Caracter\u00edsticas:<\/strong><\/p>\n<div class=\"character-main\">\n<div class=\"character-item label\"><strong>Color:<\/strong> <span style=\"color: #555555; font-size: 14.4px;\">Negro, rojo<\/span><\/div>\n<\/div>\n<div class=\"character-main\">\n<div class=\"character-item label\"><strong>Forma:<\/strong> <span style=\"color: #555555; font-size: 14.4px;\">hibrida<\/span><\/div>\n<div class=\"character-item label\"><strong><span style=\"font-size: 14.4px;\">Marca: <\/span><\/strong><span style=\"color: #555555; font-size: 14.4px;\">varlion<\/span><\/div>\n<\/div>\n<div class=\"character-main\">\n<div class=\"character-item label\"><strong>Marco:<\/strong> <span style=\"color: #555555; font-size: 14.4px;\">Fibra de Vidrio<\/span><\/div>\n<\/div>\n<div class=\"character-main\">\n<div class=\"character-item label\"><strong>Nivel:<\/strong> <span style=\"color: #555555; font-size: 14.4px;\">iniciacion<\/span><\/div>\n<\/div>\n<div class=\"character-main\">\n<div class=\"character-item label\"><strong>N\u00facleo:<\/strong> <span style=\"color: #555555; font-size: 14.4px;\">Blanda<\/span><\/div>\n<\/div>\n<div class=\"character-main\">\n<div class=\"character-item label\"><strong>Peso:<\/strong> <span style=\"color: #555555; font-size: 14.4px;\">280-330 grs.<\/span><\/div>\n<\/div>\n<div class=\"character-main\">\n<div class=\"character-item label\"><strong>Tipo de juego:<\/strong> c<span style=\"color: #555555; font-size: 14.4px;\">ontrol<\/span><\/div>\n<\/div>\n<div class=\"character-main\">\n<div class=\"character-item label\"><strong>Balance:<\/strong> <span style=\"color: #555555; font-size: 14.4px;\">Medio<\/span><\/div>\n<\/div>\n<div class=\"character-main\">\n<div class=\"character-item label\"><strong>A\u00f1o:<\/strong> <span style=\"color: #555555; font-size: 14.4px;\">2022<\/span><\/div>\n<\/div>\n","protected":false},"excerpt":{"rendered":"<p>La Varlion Maxima Summun Junior 2022, <span style=\"font-size: 14.4px;\">es una pala con forma h\u00edbrida pensada para ni\u00f1os que est\u00e1n dando sus primeros pasos en el p\u00e1del.<\/span><\/p>\n<article class=\"text-token-text-primary w-full focus:outline-none [--shadow-height:45px] has-data-writing-block:pointer-events-none has-data-writing-block:-mt-(--shadow-height) has-data-writing-block:pt-(--shadow-height) [&amp;:has([data-writing-block])&gt;*]:pointer-events-auto [content-visibility:auto] supports-[content-visibility:auto]:[contain-intrinsic-size:auto_100lvh] scroll-mt-[calc(var(--header-height)+min(200px,max(70px,20svh)))]\" dir=\"auto\" tabindex=\"-1\" data-turn-id=\"request-68b8069b-7024-8332-b1cc-ea172a9f4ebb-3\" data-testid=\"conversation-turn-270\" data-scroll-anchor=\"true\" data-turn=\"assistant\">\n<div class=\"text-base my-auto mx-auto pb-10 [--thread-content-margin:--spacing(4)] thread-sm:[--thread-content-margin:--spacing(6)] thread-lg:[--thread-content-margin:--spacing(16)] px-(--thread-content-margin)\">\n<div class=\"[--thread-content-max-width:40rem] thread-lg:[--thread-content-max-width:48rem] mx-auto max-w-(--thread-content-max-width) flex-1 group\/turn-messages focus-visible:outline-hidden relative flex w-full min-w-0 flex-col agent-turn\" tabindex=\"-1\">\n<div class=\"z-0 flex min-h-[46px] justify-start\"><\/div>\n<div class=\"mt-3 w-full empty:hidden\">\n<div class=\"text-center\"><\/div>\n<\/div>\n<\/div>\n<\/div>\n<\/article>\n<div class=\"pointer-events-none h-px w-px\" aria-hidden=\"true\" data-edge=\"true\"><\/div>\n","protected":false},"featured_media":227286,"comment_status":"open","ping_status":"closed","template":"","meta":{"_joinchat":[]},"pwb-brand":[11305],"product_brand":[],"product_cat":[1860,4379,11308],"product_tag":[1909,1955,11314,11315,11300],"class_list":{"0":"post-227261","1":"product","2":"type-product","3":"status-publish","4":"has-post-thumbnail","6":"pwb-brand-varlion","7":"product_cat-padel-rackets","8":"product_cat-padel-rackets-2022","9":"product_cat-varlion-en","10":"product_tag-2022-en","11":"product_tag-junior-en","12":"product_tag-maxima","13":"product_tag-summun","14":"product_tag-varlion","15":"pa_forma-hybrid","16":"pa_marco-fiberglass","17":"pa_nivel-de-juego-initiation","18":"pa_tipo-de-juego-control-en","20":"first","21":"instock","22":"sale","23":"taxable","24":"shipping-taxable","25":"purchasable","26":"product-type-simple"},"brands":[{"id":11305,"name":"Varlion","slug":"varlion"}],"_links":{"self":[{"href":"https:\/\/tiendapadel5.com\/de\/wp-json\/wp\/v2\/product\/227261","targetHints":{"allow":["GET"]}}],"collection":[{"href":"https:\/\/tiendapadel5.com\/de\/wp-json\/wp\/v2\/product"}],"about":[{"href":"https:\/\/tiendapadel5.com\/de\/wp-json\/wp\/v2\/types\/product"}],"replies":[{"embeddable":true,"href":"https:\/\/tiendapadel5.com\/de\/wp-json\/wp\/v2\/comments?post=227261"}],"version-history":[{"count":0,"href":"https:\/\/tiendapadel5.com\/de\/wp-json\/wp\/v2\/product\/227261\/revisions"}],"wp:featuredmedia":[{"embeddable":true,"href":"https:\/\/tiendapadel5.com\/de\/wp-json\/wp\/v2\/media\/227286"}],"wp:attachment":[{"href":"https:\/\/tiendapadel5.com\/de\/wp-json\/wp\/v2\/media?parent=227261"}],"wp:term":[{"taxonomy":"pwb-brand","embeddable":true,"href":"https:\/\/tiendapadel5.com\/de\/wp-json\/wp\/v2\/pwb-brand?post=227261"},{"taxonomy":"product_brand","embeddable":true,"href":"https:\/\/tiendapadel5.com\/de\/wp-json\/wp\/v2\/product_brand?post=227261"},{"taxonomy":"product_cat","embeddable":true,"href":"https:\/\/tiendapadel5.com\/de\/wp-json\/wp\/v2\/product_cat?post=227261"},{"taxonomy":"product_tag","embeddable":true,"href":"https:\/\/tiendapadel5.com\/de\/wp-json\/wp\/v2\/product_tag?post=227261"}],"curies":[{"name":"wp","href":"https:\/\/api.w.org\/{rel}","templated":true}]}}