{"id":225384,"date":"2025-10-31T14:59:14","date_gmt":"2025-10-31T13:59:14","guid":{"rendered":"https:\/\/tiendapadel5.com\/?post_type=product&#038;p=225384"},"modified":"2026-04-28T15:38:00","modified_gmt":"2026-04-28T13:38:00","slug":"bullpadel-ionic-power-2026","status":"publish","type":"product","link":"https:\/\/tiendapadel5.com\/de\/bullpadel-ionic-power-2026\/","title":{"rendered":"Bullpadel Ionic Power 2026"},"content":{"rendered":"<h2>Bullpadel Ionic Power 2026<\/h2>\n<p><strong>Caracter\u00edsticas:<\/strong><\/p>\n<ul>\n<li><strong>Peso:<\/strong>\u00a0365 \u2013 375 gramos<\/li>\n<li><strong>Perfil del marco<\/strong>: 38 mm<\/li>\n<li><strong>Forma pala<\/strong>: Diamante<\/li>\n<li><strong>Balance:<\/strong>\u00a0Alto<\/li>\n<li><strong>N\u00facleo exterior<\/strong>: Glaphite<\/li>\n<li><strong>N\u00facleo interior<\/strong>: MultiEva<\/li>\n<li><strong>Tipo de jugador<\/strong>: Intermedio<\/li>\n<li><strong>Control:<\/strong>\u00a080<\/li>\n<li><strong>Potencia:<\/strong>\u00a090<\/li>\n<\/ul>\n","protected":false},"excerpt":{"rendered":"<p>La Pala Bullpadel Ionic Power 2026, destaca por su tecnolog\u00eda innovadora y materiales de primera calidad. Su construcci\u00f3n s\u00f3lida y resistente te garantiza una gran durabilidad y confianza en cada partido. Adem\u00e1s, su balance perfecto y peso bien equilibrado te permiten sacar toda tu potencia y control en cada golpe.<\/p>\n","protected":false},"featured_media":225406,"comment_status":"open","ping_status":"closed","template":"","meta":{"_joinchat":[]},"pwb-brand":[31],"product_brand":[],"product_cat":[19,11134,409],"product_tag":[11132,319,1325,189],"class_list":{"0":"post-225384","1":"product","2":"type-product","3":"status-publish","4":"has-post-thumbnail","6":"pwb-brand-bullpadel","7":"product_cat-palas-padel","8":"product_cat-11134","9":"product_cat-bullpadel","10":"product_tag-11132","11":"product_tag-bullpadel","12":"product_tag-ionic","13":"product_tag-power","14":"pa_forma-diamante","15":"pa_marco-fibra-de-carbono","16":"pa_nivel-de-juego-intermedio","17":"pa_tipo-de-juego-potencia","19":"first","20":"outofstock","21":"sale","22":"taxable","23":"shipping-taxable","24":"product-type-simple"},"brands":[{"id":31,"name":"Bullpadel","slug":"bullpadel"}],"_links":{"self":[{"href":"https:\/\/tiendapadel5.com\/de\/wp-json\/wp\/v2\/product\/225384","targetHints":{"allow":["GET"]}}],"collection":[{"href":"https:\/\/tiendapadel5.com\/de\/wp-json\/wp\/v2\/product"}],"about":[{"href":"https:\/\/tiendapadel5.com\/de\/wp-json\/wp\/v2\/types\/product"}],"replies":[{"embeddable":true,"href":"https:\/\/tiendapadel5.com\/de\/wp-json\/wp\/v2\/comments?post=225384"}],"version-history":[{"count":1,"href":"https:\/\/tiendapadel5.com\/de\/wp-json\/wp\/v2\/product\/225384\/revisions"}],"predecessor-version":[{"id":244677,"href":"https:\/\/tiendapadel5.com\/de\/wp-json\/wp\/v2\/product\/225384\/revisions\/244677"}],"wp:featuredmedia":[{"embeddable":true,"href":"https:\/\/tiendapadel5.com\/de\/wp-json\/wp\/v2\/media\/225406"}],"wp:attachment":[{"href":"https:\/\/tiendapadel5.com\/de\/wp-json\/wp\/v2\/media?parent=225384"}],"wp:term":[{"taxonomy":"pwb-brand","embeddable":true,"href":"https:\/\/tiendapadel5.com\/de\/wp-json\/wp\/v2\/pwb-brand?post=225384"},{"taxonomy":"product_brand","embeddable":true,"href":"https:\/\/tiendapadel5.com\/de\/wp-json\/wp\/v2\/product_brand?post=225384"},{"taxonomy":"product_cat","embeddable":true,"href":"https:\/\/tiendapadel5.com\/de\/wp-json\/wp\/v2\/product_cat?post=225384"},{"taxonomy":"product_tag","embeddable":true,"href":"https:\/\/tiendapadel5.com\/de\/wp-json\/wp\/v2\/product_tag?post=225384"}],"curies":[{"name":"wp","href":"https:\/\/api.w.org\/{rel}","templated":true}]}}