{"id":223306,"date":"2025-10-15T11:20:08","date_gmt":"2025-10-15T09:20:08","guid":{"rendered":"https:\/\/tiendapadel5.com\/?post_type=product&#038;p=223306"},"modified":"2026-02-24T09:23:10","modified_gmt":"2026-02-24T08:23:10","slug":"siux-trilogy-go-5-2025","status":"publish","type":"product","link":"https:\/\/tiendapadel5.com\/de\/siux-trilogy-go-5-2025\/","title":{"rendered":"Siux Trilogy Go 5 2025"},"content":{"rendered":"<h2>Siux Trilogy Go 5 2025<\/h2>\n<p><strong>Caracter\u00edsticas:<\/strong><\/p>\n<ul>\n<li><strong>Clase:<\/strong>\u00a0RACKET<\/li>\n<li><strong>Nivel de juego:<\/strong>\u00a0INTERMEDIO<\/li>\n<li><strong>Tipo de juego:<\/strong>\u00a0CONTROL<\/li>\n<li><strong>Balance de pala:<\/strong>\u00a0BAJO<\/li>\n<li><strong>Acabado de pala:<\/strong>\u00a0BRILLO<\/li>\n<li><strong>Forma de pala:<\/strong>\u00a0REDONDA<\/li>\n<li><strong>Superficie de pala:<\/strong>\u00a03K ALUMESH<\/li>\n<li><strong>Tacto de pala:<\/strong>\u00a0BLANDO<\/li>\n<li><strong>Gama:<\/strong>\u00a0GO<\/li>\n<li><strong>Temporada:<\/strong>\u00a0SS25<\/li>\n<\/ul>\n","protected":false},"excerpt":{"rendered":"<p>La Pala Siux Trilogy Go 5 2025, dise\u00f1ada en forma redonda y con un balance bajo te dan un control total, convirti\u00e9ndola en la pala ideal para quienes quieren mejorar su t\u00e9cnica y dominar cada punto desde el fondo de la pista.<\/p>\n","protected":false},"featured_media":223329,"comment_status":"open","ping_status":"closed","template":"","meta":{"_joinchat":[]},"pwb-brand":[2224],"product_brand":[],"product_cat":[1452,11350,2690],"product_tag":[9940,11257,11262,9496,11259],"class_list":{"0":"post-223306","1":"product","2":"type-product","3":"status-publish","4":"has-post-thumbnail","6":"pwb-brand-siux","7":"product_cat-racchette-padel","8":"product_cat-palline-da-padel-2025","9":"product_cat-siux-it","10":"product_tag-2025-it","11":"product_tag-11257","12":"product_tag-go","13":"product_tag-siux-it","14":"product_tag-trilogy","15":"pa_forma-girare","16":"pa_marco-fibra-di-carbonio","17":"pa_nivel-de-juego-intermedio-it","18":"pa_tipo-de-juego-controllo","20":"first","21":"instock","22":"sale","23":"taxable","24":"shipping-taxable","25":"purchasable","26":"product-type-simple"},"brands":[{"id":2224,"name":"Siux","slug":"siux"}],"_links":{"self":[{"href":"https:\/\/tiendapadel5.com\/de\/wp-json\/wp\/v2\/product\/223306","targetHints":{"allow":["GET"]}}],"collection":[{"href":"https:\/\/tiendapadel5.com\/de\/wp-json\/wp\/v2\/product"}],"about":[{"href":"https:\/\/tiendapadel5.com\/de\/wp-json\/wp\/v2\/types\/product"}],"replies":[{"embeddable":true,"href":"https:\/\/tiendapadel5.com\/de\/wp-json\/wp\/v2\/comments?post=223306"}],"version-history":[{"count":0,"href":"https:\/\/tiendapadel5.com\/de\/wp-json\/wp\/v2\/product\/223306\/revisions"}],"wp:featuredmedia":[{"embeddable":true,"href":"https:\/\/tiendapadel5.com\/de\/wp-json\/wp\/v2\/media\/223329"}],"wp:attachment":[{"href":"https:\/\/tiendapadel5.com\/de\/wp-json\/wp\/v2\/media?parent=223306"}],"wp:term":[{"taxonomy":"pwb-brand","embeddable":true,"href":"https:\/\/tiendapadel5.com\/de\/wp-json\/wp\/v2\/pwb-brand?post=223306"},{"taxonomy":"product_brand","embeddable":true,"href":"https:\/\/tiendapadel5.com\/de\/wp-json\/wp\/v2\/product_brand?post=223306"},{"taxonomy":"product_cat","embeddable":true,"href":"https:\/\/tiendapadel5.com\/de\/wp-json\/wp\/v2\/product_cat?post=223306"},{"taxonomy":"product_tag","embeddable":true,"href":"https:\/\/tiendapadel5.com\/de\/wp-json\/wp\/v2\/product_tag?post=223306"}],"curies":[{"name":"wp","href":"https:\/\/api.w.org\/{rel}","templated":true}]}}