{"id":222918,"date":"2024-06-24T10:39:58","date_gmt":"2024-06-24T08:39:58","guid":{"rendered":"https:\/\/tiendapadel5.com\/?post_type=product&#038;p=222918"},"modified":"2026-03-17T12:46:41","modified_gmt":"2026-03-17T11:46:41","slug":"pantalon-largo-bullpadel-boato-negro","status":"publish","type":"product","link":"https:\/\/tiendapadel5.com\/de\/pantalon-largo-bullpadel-boato-negro\/","title":{"rendered":"Pantal\u00f3n Largo Bullpadel Boato Negro"},"content":{"rendered":"<h2>Caracter\u00edsticas Pantal\u00f3n Largo Bullpadel Boato Negro:<\/h2>\n<p>&nbsp;<\/p>\n<p><strong>Composici\u00f3n:<\/strong> 100% Poli\u00e9ster Interlock backside brushed.<br \/>\n<strong>G\u00e9nero:<\/strong> Hombre<br \/>\n<strong>Color:<\/strong> Negro<\/p>\n<p>&nbsp;<\/p>\n","protected":false},"excerpt":{"rendered":"<p>El Pantal\u00f3n Largo Bullpadel Boato Negro, brinda una mayor comodidad y una mayor libertad en tus actividades diaria.<\/p>\n","protected":false},"featured_media":222920,"comment_status":"closed","ping_status":"closed","template":"","meta":{"_joinchat":[]},"pwb-brand":[31],"product_brand":[],"product_cat":[5899,21,447,46],"product_tag":[10303,319,548,669,401],"class_list":{"0":"post-222918","1":"product","2":"type-product","3":"status-publish","4":"has-post-thumbnail","6":"pwb-brand-bullpadel","7":"product_cat-chandales","8":"product_cat-ropa-padel","9":"product_cat-ropa-bullpadel","10":"product_cat-hombre","11":"product_tag-boato","12":"product_tag-bullpadel","13":"product_tag-largo","14":"product_tag-negro","15":"product_tag-pantalon","16":"pa_talla-l","17":"pa_talla-m","18":"pa_talla-xl","20":"first","21":"instock","22":"sale","23":"taxable","24":"shipping-taxable","25":"purchasable","26":"product-type-variable"},"brands":[{"id":31,"name":"Bullpadel","slug":"bullpadel"}],"_links":{"self":[{"href":"https:\/\/tiendapadel5.com\/de\/wp-json\/wp\/v2\/product\/222918","targetHints":{"allow":["GET"]}}],"collection":[{"href":"https:\/\/tiendapadel5.com\/de\/wp-json\/wp\/v2\/product"}],"about":[{"href":"https:\/\/tiendapadel5.com\/de\/wp-json\/wp\/v2\/types\/product"}],"replies":[{"embeddable":true,"href":"https:\/\/tiendapadel5.com\/de\/wp-json\/wp\/v2\/comments?post=222918"}],"version-history":[{"count":1,"href":"https:\/\/tiendapadel5.com\/de\/wp-json\/wp\/v2\/product\/222918\/revisions"}],"predecessor-version":[{"id":255965,"href":"https:\/\/tiendapadel5.com\/de\/wp-json\/wp\/v2\/product\/222918\/revisions\/255965"}],"wp:featuredmedia":[{"embeddable":true,"href":"https:\/\/tiendapadel5.com\/de\/wp-json\/wp\/v2\/media\/222920"}],"wp:attachment":[{"href":"https:\/\/tiendapadel5.com\/de\/wp-json\/wp\/v2\/media?parent=222918"}],"wp:term":[{"taxonomy":"pwb-brand","embeddable":true,"href":"https:\/\/tiendapadel5.com\/de\/wp-json\/wp\/v2\/pwb-brand?post=222918"},{"taxonomy":"product_brand","embeddable":true,"href":"https:\/\/tiendapadel5.com\/de\/wp-json\/wp\/v2\/product_brand?post=222918"},{"taxonomy":"product_cat","embeddable":true,"href":"https:\/\/tiendapadel5.com\/de\/wp-json\/wp\/v2\/product_cat?post=222918"},{"taxonomy":"product_tag","embeddable":true,"href":"https:\/\/tiendapadel5.com\/de\/wp-json\/wp\/v2\/product_tag?post=222918"}],"curies":[{"name":"wp","href":"https:\/\/api.w.org\/{rel}","templated":true}]}}