{"id":222882,"date":"2025-10-13T00:20:19","date_gmt":"2025-10-12T22:20:19","guid":{"rendered":"https:\/\/tiendapadel5.com\/?post_type=product&#038;p=222882"},"modified":"2026-02-02T11:14:11","modified_gmt":"2026-02-02T10:14:11","slug":"sudadera-bullpadel-naron-bg-azul-oscuro","status":"publish","type":"product","link":"https:\/\/tiendapadel5.com\/de\/sudadera-bullpadel-naron-bg-azul-oscuro\/","title":{"rendered":"Sudadera Bullpadel Naron BG Azul Oscuro"},"content":{"rendered":"<h2>Sudadera Bullpadel Naron BG Azul Oscuro<\/h2>\n<p><strong>Caracter\u00edsticas:<\/strong><\/p>\n<p><strong>Color:<\/strong> Azul Oscuro<\/p>\n","protected":false},"excerpt":{"rendered":"<p>La Sudadera Bullpadel Naron BG Azul Oscuro, dise\u00f1ada\u00a0con capucha ajustable y la firma de Bea Gonz\u00e1lez en la espalda, un detalle que marca estilo dentro y fuera de la pista. Confeccionada en tejido el\u00e1stico de poli\u00e9ster con viscosa, ofrece comodidad y libertad de movimiento. Adem\u00e1s, cuenta con bolsillos laterales y un toque especial en el borde decorado de la capucha.<\/p>\n","protected":false},"featured_media":222904,"comment_status":"open","ping_status":"closed","template":"","meta":{"_joinchat":[]},"pwb-brand":[31],"product_brand":[],"product_cat":[21,447,47,105,5907],"product_tag":[295,9803,319,11252,5866,517],"class_list":{"0":"post-222882","1":"product","2":"type-product","3":"status-publish","4":"has-post-thumbnail","6":"pwb-brand-bullpadel","7":"product_cat-ropa-padel","8":"product_cat-ropa-bullpadel","9":"product_cat-mujer","10":"product_cat-sudaderas","11":"product_cat-sudaderasm","12":"product_tag-azul","13":"product_tag-bg","14":"product_tag-bullpadel","15":"product_tag-naron","16":"product_tag-oscuro","17":"product_tag-sudadera","18":"pa_talla-l","19":"pa_talla-m","20":"pa_talla-s","21":"pa_talla-xl","22":"pa_talla-xs","24":"first","25":"instock","26":"sale","27":"taxable","28":"shipping-taxable","29":"purchasable","30":"product-type-variable"},"brands":[{"id":31,"name":"Bullpadel","slug":"bullpadel"}],"_links":{"self":[{"href":"https:\/\/tiendapadel5.com\/de\/wp-json\/wp\/v2\/product\/222882","targetHints":{"allow":["GET"]}}],"collection":[{"href":"https:\/\/tiendapadel5.com\/de\/wp-json\/wp\/v2\/product"}],"about":[{"href":"https:\/\/tiendapadel5.com\/de\/wp-json\/wp\/v2\/types\/product"}],"replies":[{"embeddable":true,"href":"https:\/\/tiendapadel5.com\/de\/wp-json\/wp\/v2\/comments?post=222882"}],"version-history":[{"count":0,"href":"https:\/\/tiendapadel5.com\/de\/wp-json\/wp\/v2\/product\/222882\/revisions"}],"wp:featuredmedia":[{"embeddable":true,"href":"https:\/\/tiendapadel5.com\/de\/wp-json\/wp\/v2\/media\/222904"}],"wp:attachment":[{"href":"https:\/\/tiendapadel5.com\/de\/wp-json\/wp\/v2\/media?parent=222882"}],"wp:term":[{"taxonomy":"pwb-brand","embeddable":true,"href":"https:\/\/tiendapadel5.com\/de\/wp-json\/wp\/v2\/pwb-brand?post=222882"},{"taxonomy":"product_brand","embeddable":true,"href":"https:\/\/tiendapadel5.com\/de\/wp-json\/wp\/v2\/product_brand?post=222882"},{"taxonomy":"product_cat","embeddable":true,"href":"https:\/\/tiendapadel5.com\/de\/wp-json\/wp\/v2\/product_cat?post=222882"},{"taxonomy":"product_tag","embeddable":true,"href":"https:\/\/tiendapadel5.com\/de\/wp-json\/wp\/v2\/product_tag?post=222882"}],"curies":[{"name":"wp","href":"https:\/\/api.w.org\/{rel}","templated":true}]}}