{"id":222049,"date":"2025-10-06T15:11:48","date_gmt":"2025-10-06T13:11:48","guid":{"rendered":"https:\/\/tiendapadel5.com\/?post_type=product&#038;p=222049"},"modified":"2026-03-11T03:20:02","modified_gmt":"2026-03-11T02:20:02","slug":"mochila-starvie-hard-eva-black-2026","status":"publish","type":"product","link":"https:\/\/tiendapadel5.com\/de\/mochila-starvie-hard-eva-black-2026\/","title":{"rendered":"Mochila Starvie Hard Eva Black 2026"},"content":{"rendered":"<h2>Mochila Starvie Hard Eva Black 2026<\/h2>\n<p><strong>Caracter\u00edsticas:<\/strong><\/p>\n<ul style=\"font-weight: 400;\">\n<li>Material r\u00edgido Hard EVA\u00a0en el bolsillo delantero, que protege tus objetos m\u00e1s delicados.<\/li>\n<li>Amplio espacio interior, con gran capacidad para equipamiento deportivo o de uso diario.<\/li>\n<li>Compartimento acolchado para port\u00e1til, pensado para tu d\u00eda a d\u00eda.<\/li>\n<li>Compartimento individual para calzado\u00a0con ventilaci\u00f3n.<\/li>\n<\/ul>\n<p style=\"font-weight: 400;\"><b><strong>Medidas:<\/strong><\/b>\u00a032 x 50 x 22 cm<br \/>\n<b><strong>Materiales:<\/strong><\/b>\u00a0Hard EVA y Polyester<\/p>\n","protected":false},"excerpt":{"rendered":"<p>La Mochila Starvie Hard Eva Black 2026, est\u00e1 pensada para quienes quieren una mochila resistente, con mucho espacio y un dise\u00f1o de primera. Su estilo elegante en negro con detalles en rojo la hace s\u00faper vers\u00e1til, perfecta tanto para tus partidos de p\u00e1del como para usar a diario.<\/p>\n","protected":false},"featured_media":222064,"comment_status":"open","ping_status":"closed","template":"","meta":{"_joinchat":[]},"pwb-brand":[35],"product_brand":[],"product_cat":[4254,4242],"product_tag":[11132,3927,6152,10150,6932,3948],"class_list":{"0":"post-222049","1":"product","2":"type-product","3":"status-publish","4":"has-post-thumbnail","6":"pwb-brand-starvie","7":"product_cat-starvie-padel-tassen","8":"product_cat-padel-tassen","9":"product_tag-11132","10":"product_tag-zwart","11":"product_tag-eva","12":"product_tag-hard-nl","13":"product_tag-rugzak-nl","14":"product_tag-stervie","16":"first","17":"instock","18":"sale","19":"taxable","20":"shipping-taxable","21":"purchasable","22":"product-type-simple"},"brands":[{"id":35,"name":"Starvie","slug":"starvie"}],"_links":{"self":[{"href":"https:\/\/tiendapadel5.com\/de\/wp-json\/wp\/v2\/product\/222049","targetHints":{"allow":["GET"]}}],"collection":[{"href":"https:\/\/tiendapadel5.com\/de\/wp-json\/wp\/v2\/product"}],"about":[{"href":"https:\/\/tiendapadel5.com\/de\/wp-json\/wp\/v2\/types\/product"}],"replies":[{"embeddable":true,"href":"https:\/\/tiendapadel5.com\/de\/wp-json\/wp\/v2\/comments?post=222049"}],"version-history":[{"count":1,"href":"https:\/\/tiendapadel5.com\/de\/wp-json\/wp\/v2\/product\/222049\/revisions"}],"predecessor-version":[{"id":255004,"href":"https:\/\/tiendapadel5.com\/de\/wp-json\/wp\/v2\/product\/222049\/revisions\/255004"}],"wp:featuredmedia":[{"embeddable":true,"href":"https:\/\/tiendapadel5.com\/de\/wp-json\/wp\/v2\/media\/222064"}],"wp:attachment":[{"href":"https:\/\/tiendapadel5.com\/de\/wp-json\/wp\/v2\/media?parent=222049"}],"wp:term":[{"taxonomy":"pwb-brand","embeddable":true,"href":"https:\/\/tiendapadel5.com\/de\/wp-json\/wp\/v2\/pwb-brand?post=222049"},{"taxonomy":"product_brand","embeddable":true,"href":"https:\/\/tiendapadel5.com\/de\/wp-json\/wp\/v2\/product_brand?post=222049"},{"taxonomy":"product_cat","embeddable":true,"href":"https:\/\/tiendapadel5.com\/de\/wp-json\/wp\/v2\/product_cat?post=222049"},{"taxonomy":"product_tag","embeddable":true,"href":"https:\/\/tiendapadel5.com\/de\/wp-json\/wp\/v2\/product_tag?post=222049"}],"curies":[{"name":"wp","href":"https:\/\/api.w.org\/{rel}","templated":true}]}}