{"id":221556,"date":"2025-10-03T12:31:18","date_gmt":"2025-10-03T10:31:18","guid":{"rendered":"https:\/\/tiendapadel5.com\/?post_type=product&#038;p=221556"},"modified":"2026-03-10T11:58:51","modified_gmt":"2026-03-10T10:58:51","slug":"starvie-polaris-2026","status":"publish","type":"product","link":"https:\/\/tiendapadel5.com\/de\/starvie-polaris-2026\/","title":{"rendered":"Starvie Polaris 2026"},"content":{"rendered":"<h2>Starvie Polaris 2026<\/h2>\n<p><strong>Caracter\u00edsticas:<\/strong><\/p>\n<table class=\"product-features-table\">\n<tbody>\n<tr>\n<td>Forma<\/td>\n<td>L\u00e1grima<\/td>\n<\/tr>\n<tr>\n<td>Plano<\/td>\n<td>X GLASS TECH<\/td>\n<\/tr>\n<tr>\n<td>Goma<\/td>\n<td>S-EVA FLEX<\/td>\n<\/tr>\n<tr>\n<td>Perfil<\/td>\n<td>38mm<\/td>\n<\/tr>\n<tr>\n<td>Peso<\/td>\n<td>358 (+\/- 8 g)<\/td>\n<\/tr>\n<tr>\n<td>Balance<\/td>\n<td>Bajo<\/td>\n<\/tr>\n<\/tbody>\n<\/table>\n","protected":false},"excerpt":{"rendered":"<p>La Starvie Polaris 2026, es una pala en forma de l\u00e1grima, pensada para quienes empiezan en el p\u00e1del y buscan un juego vers\u00e1til con un toque ofensivo. Su superficie en fibra X-Glass Tech aporta m\u00e1s elasticidad y salida de bola, mientras que la goma S-Eva Flex de densidad blanda ofrece un golpeo suave y facilita cada movimiento en la pista.<\/p>\n","protected":false},"featured_media":221579,"comment_status":"open","ping_status":"closed","template":"","meta":{"_joinchat":[]},"pwb-brand":[35],"product_brand":[],"product_cat":[19,11134,413],"product_tag":[11132,11239,167],"class_list":{"0":"post-221556","1":"product","2":"type-product","3":"status-publish","4":"has-post-thumbnail","6":"pwb-brand-starvie","7":"product_cat-palas-padel","8":"product_cat-11134","9":"product_cat-starvie","10":"product_tag-11132","11":"product_tag-polaris","12":"product_tag-starvie","13":"pa_forma-lagrima","14":"pa_marco-fibra-de-carbono","15":"pa_nivel-de-juego-iniciacion","16":"pa_tipo-de-juego-potencia","18":"first","19":"instock","20":"sale","21":"taxable","22":"shipping-taxable","23":"purchasable","24":"product-type-simple"},"brands":[{"id":35,"name":"Starvie","slug":"starvie"}],"_links":{"self":[{"href":"https:\/\/tiendapadel5.com\/de\/wp-json\/wp\/v2\/product\/221556","targetHints":{"allow":["GET"]}}],"collection":[{"href":"https:\/\/tiendapadel5.com\/de\/wp-json\/wp\/v2\/product"}],"about":[{"href":"https:\/\/tiendapadel5.com\/de\/wp-json\/wp\/v2\/types\/product"}],"replies":[{"embeddable":true,"href":"https:\/\/tiendapadel5.com\/de\/wp-json\/wp\/v2\/comments?post=221556"}],"version-history":[{"count":1,"href":"https:\/\/tiendapadel5.com\/de\/wp-json\/wp\/v2\/product\/221556\/revisions"}],"predecessor-version":[{"id":245178,"href":"https:\/\/tiendapadel5.com\/de\/wp-json\/wp\/v2\/product\/221556\/revisions\/245178"}],"wp:featuredmedia":[{"embeddable":true,"href":"https:\/\/tiendapadel5.com\/de\/wp-json\/wp\/v2\/media\/221579"}],"wp:attachment":[{"href":"https:\/\/tiendapadel5.com\/de\/wp-json\/wp\/v2\/media?parent=221556"}],"wp:term":[{"taxonomy":"pwb-brand","embeddable":true,"href":"https:\/\/tiendapadel5.com\/de\/wp-json\/wp\/v2\/pwb-brand?post=221556"},{"taxonomy":"product_brand","embeddable":true,"href":"https:\/\/tiendapadel5.com\/de\/wp-json\/wp\/v2\/product_brand?post=221556"},{"taxonomy":"product_cat","embeddable":true,"href":"https:\/\/tiendapadel5.com\/de\/wp-json\/wp\/v2\/product_cat?post=221556"},{"taxonomy":"product_tag","embeddable":true,"href":"https:\/\/tiendapadel5.com\/de\/wp-json\/wp\/v2\/product_tag?post=221556"}],"curies":[{"name":"wp","href":"https:\/\/api.w.org\/{rel}","templated":true}]}}