{"id":220543,"date":"2025-09-26T14:08:08","date_gmt":"2025-09-26T12:08:08","guid":{"rendered":"https:\/\/tiendapadel5.com\/?post_type=product&#038;p=220543"},"modified":"2026-04-28T15:37:43","modified_gmt":"2026-04-28T13:37:43","slug":"nox-ml10-ventus-control-3k-2026-by-miguel-lamperti","status":"publish","type":"product","link":"https:\/\/tiendapadel5.com\/de\/nox-ml10-ventus-control-3k-2026-by-miguel-lamperti\/","title":{"rendered":"Nox ML10 Ventus Control 3K 2026 By Miguel Lamperti"},"content":{"rendered":"<h2>Nox ML10 Ventus Control 3K 2026 By Miguel Lamperti<\/h2>\n<p><strong>Caracter\u00edsticas:<\/strong><\/p>\n<ul>\n<li><strong>PESO:\u00a0<\/strong>360 &#8211; 375G<\/li>\n<li><strong>ANCHO:\u00a0<\/strong>38 mm<\/li>\n<li><strong>MARCO:\u00a0<\/strong>Carbono<\/li>\n<li><strong>NUCLEO:\u00a0<\/strong>HR3 COLOR EVA<\/li>\n<li><strong>CARA:\u00a0<\/strong>Carbon Fiber 3K<\/li>\n<li><strong>SUPERFICIE:\u00a0<\/strong>Dual Spin<\/li>\n<li><strong>FORMA:\u00a0<\/strong>Redonda<\/li>\n<\/ul>\n","protected":false},"excerpt":{"rendered":"<p>La Pala Nox ML10 Ventus Control 3K 2026 By Miguel Lamperti, la nueva aliada de Miguel Lamperti llega con un molde renovado para llevar a otro nivel uno de los modelos m\u00e1s ic\u00f3nicos del p\u00e1del. Reconocida dos a\u00f1os seguidos por Testea como la mejor pala de control, esta versi\u00f3n es una aut\u00e9ntica revoluci\u00f3n de un cl\u00e1sico.<\/p>\n<p>&nbsp;<\/p>\n","protected":false},"featured_media":220565,"comment_status":"open","ping_status":"closed","template":"","meta":{"_joinchat":[]},"pwb-brand":[34],"product_brand":[],"product_cat":[19,11134,412],"product_tag":[11132,209,1146,146,139,1094,220,130,11227],"class_list":{"0":"post-220543","1":"product","2":"type-product","3":"status-publish","4":"has-post-thumbnail","6":"pwb-brand-nox","7":"product_cat-palas-padel","8":"product_cat-11134","9":"product_cat-nox","10":"product_tag-11132","11":"product_tag-3k","12":"product_tag-by","13":"product_tag-control","14":"product_tag-lamperti","15":"product_tag-miguel","16":"product_tag-ml10","17":"product_tag-nox","18":"product_tag-ventus","19":"pa_forma-redonda","20":"pa_marco-fibra-de-carbono","21":"pa_nivel-de-juego-avanzado-profesional","22":"pa_tipo-de-juego-control","24":"first","25":"instock","26":"sale","27":"taxable","28":"shipping-taxable","29":"purchasable","30":"product-type-simple"},"brands":[{"id":34,"name":"Nox","slug":"nox"}],"_links":{"self":[{"href":"https:\/\/tiendapadel5.com\/de\/wp-json\/wp\/v2\/product\/220543","targetHints":{"allow":["GET"]}}],"collection":[{"href":"https:\/\/tiendapadel5.com\/de\/wp-json\/wp\/v2\/product"}],"about":[{"href":"https:\/\/tiendapadel5.com\/de\/wp-json\/wp\/v2\/types\/product"}],"replies":[{"embeddable":true,"href":"https:\/\/tiendapadel5.com\/de\/wp-json\/wp\/v2\/comments?post=220543"}],"version-history":[{"count":2,"href":"https:\/\/tiendapadel5.com\/de\/wp-json\/wp\/v2\/product\/220543\/revisions"}],"predecessor-version":[{"id":244340,"href":"https:\/\/tiendapadel5.com\/de\/wp-json\/wp\/v2\/product\/220543\/revisions\/244340"}],"wp:featuredmedia":[{"embeddable":true,"href":"https:\/\/tiendapadel5.com\/de\/wp-json\/wp\/v2\/media\/220565"}],"wp:attachment":[{"href":"https:\/\/tiendapadel5.com\/de\/wp-json\/wp\/v2\/media?parent=220543"}],"wp:term":[{"taxonomy":"pwb-brand","embeddable":true,"href":"https:\/\/tiendapadel5.com\/de\/wp-json\/wp\/v2\/pwb-brand?post=220543"},{"taxonomy":"product_brand","embeddable":true,"href":"https:\/\/tiendapadel5.com\/de\/wp-json\/wp\/v2\/product_brand?post=220543"},{"taxonomy":"product_cat","embeddable":true,"href":"https:\/\/tiendapadel5.com\/de\/wp-json\/wp\/v2\/product_cat?post=220543"},{"taxonomy":"product_tag","embeddable":true,"href":"https:\/\/tiendapadel5.com\/de\/wp-json\/wp\/v2\/product_tag?post=220543"}],"curies":[{"name":"wp","href":"https:\/\/api.w.org\/{rel}","templated":true}]}}