{"id":220511,"date":"2025-09-26T13:51:29","date_gmt":"2025-09-26T11:51:29","guid":{"rendered":"https:\/\/tiendapadel5.com\/?post_type=product&#038;p=220511"},"modified":"2026-04-28T11:54:23","modified_gmt":"2026-04-28T09:54:23","slug":"nox-ea10-ventus-attack-12k-xtrem-by-edu-alonso","status":"publish","type":"product","link":"https:\/\/tiendapadel5.com\/de\/nox-ea10-ventus-attack-12k-xtrem-by-edu-alonso\/","title":{"rendered":"Nox Ea10 Ventus Attack 12K Xtrem 2026 By Edu Alonso"},"content":{"rendered":"<h1>Nox Ea10 Ventus Attack 12K Xtrem 2026 By Edu Alonso<\/h1>\n<p><strong>Caracter\u00edsticas:<\/strong><\/p>\n<ul>\n<li><strong>PESO:\u00a0<\/strong>360 &#8211; 375g<\/li>\n<li><strong>ANCHO:\u00a0<\/strong>38 mm<\/li>\n<li><strong>MARCO:\u00a0<\/strong>Carbono<\/li>\n<li><strong>NUCLEO:\u00a0<\/strong>MLD Black Eva<\/li>\n<li><strong>CARA:\u00a0<\/strong>Carbon Fiber 12K Xtrem<\/li>\n<li><strong>SUPERFICIE:\u00a0<\/strong>Dual Spin<\/li>\n<li><strong>FORMA:\u00a0<\/strong>Diamante<\/li>\n<\/ul>\n","protected":false},"excerpt":{"rendered":"<p>La Pala Nox Ea10 Ventus Attack 12K Xtrem 2026 By Edu Alonso, dise\u00f1ada en colaboraci\u00f3n con Edu Alonso, est\u00e1 pensada para jugadores que quieren dominar el juego ofensivo y marcar la diferencia en cada remate. Lleva el nuevo molde de la colecci\u00f3n 2026 de palas Luxury, que mejora la aerodin\u00e1mica y eleva el rendimiento en la pista.<\/p>\n<p>&nbsp;<\/p>\n","protected":false},"featured_media":220535,"comment_status":"open","ping_status":"closed","template":"","meta":{"_joinchat":[]},"pwb-brand":[34],"product_brand":[],"product_cat":[19,11134,412],"product_tag":[212,11132,11229,202,1146,11226,11228,130,11227,10571],"class_list":{"0":"post-220511","1":"product","2":"type-product","3":"status-publish","4":"has-post-thumbnail","6":"pwb-brand-nox","7":"product_cat-palas-padel","8":"product_cat-11134","9":"product_cat-nox","10":"product_tag-12k","11":"product_tag-11132","12":"product_tag-alonso","13":"product_tag-attack","14":"product_tag-by","15":"product_tag-ea10","16":"product_tag-edu","17":"product_tag-nox","18":"product_tag-ventus","19":"product_tag-xtrem","20":"pa_forma-diamante","21":"pa_marco-fibra-de-carbono","22":"pa_nivel-de-juego-avanzado-profesional","23":"pa_tipo-de-juego-potencia","25":"first","26":"instock","27":"sale","28":"taxable","29":"shipping-taxable","30":"purchasable","31":"product-type-simple"},"brands":[{"id":34,"name":"Nox","slug":"nox"}],"_links":{"self":[{"href":"https:\/\/tiendapadel5.com\/de\/wp-json\/wp\/v2\/product\/220511","targetHints":{"allow":["GET"]}}],"collection":[{"href":"https:\/\/tiendapadel5.com\/de\/wp-json\/wp\/v2\/product"}],"about":[{"href":"https:\/\/tiendapadel5.com\/de\/wp-json\/wp\/v2\/types\/product"}],"replies":[{"embeddable":true,"href":"https:\/\/tiendapadel5.com\/de\/wp-json\/wp\/v2\/comments?post=220511"}],"version-history":[{"count":2,"href":"https:\/\/tiendapadel5.com\/de\/wp-json\/wp\/v2\/product\/220511\/revisions"}],"predecessor-version":[{"id":254756,"href":"https:\/\/tiendapadel5.com\/de\/wp-json\/wp\/v2\/product\/220511\/revisions\/254756"}],"wp:featuredmedia":[{"embeddable":true,"href":"https:\/\/tiendapadel5.com\/de\/wp-json\/wp\/v2\/media\/220535"}],"wp:attachment":[{"href":"https:\/\/tiendapadel5.com\/de\/wp-json\/wp\/v2\/media?parent=220511"}],"wp:term":[{"taxonomy":"pwb-brand","embeddable":true,"href":"https:\/\/tiendapadel5.com\/de\/wp-json\/wp\/v2\/pwb-brand?post=220511"},{"taxonomy":"product_brand","embeddable":true,"href":"https:\/\/tiendapadel5.com\/de\/wp-json\/wp\/v2\/product_brand?post=220511"},{"taxonomy":"product_cat","embeddable":true,"href":"https:\/\/tiendapadel5.com\/de\/wp-json\/wp\/v2\/product_cat?post=220511"},{"taxonomy":"product_tag","embeddable":true,"href":"https:\/\/tiendapadel5.com\/de\/wp-json\/wp\/v2\/product_tag?post=220511"}],"curies":[{"name":"wp","href":"https:\/\/api.w.org\/{rel}","templated":true}]}}