{"id":218259,"date":"2025-09-05T16:29:03","date_gmt":"2025-09-05T15:29:03","guid":{"rendered":"https:\/\/tiendapadel5.com\/?post_type=product&#038;p=218259"},"modified":"2025-09-05T16:29:19","modified_gmt":"2025-09-05T15:29:19","slug":"camiseta-tirantes-adidas-y-tank-powder-yellow-2025","status":"publish","type":"product","link":"https:\/\/tiendapadel5.com\/de\/camiseta-tirantes-adidas-y-tank-powder-yellow-2025\/","title":{"rendered":"Camiseta Tirantes Adidas Y-Tank Powder Yellow 2025"},"content":{"rendered":"<h2>Camiseta Tirantes Adidas Y-Tank Powder Yellow 2025<\/h2>\n<p><strong>Caracter\u00edsticas:<\/strong><\/p>\n<table class=\"table table-striped table-product-dimensions table-light table-bordered- table-sm mt-3\">\n<tbody>\n<tr>\n<td class=\"font-weight-500\">1-<\/td>\n<td>Slim fit<\/td>\n<\/tr>\n<tr>\n<td class=\"font-weight-500\">3-<\/td>\n<td>79% polyester (recycled), 21% elastane<\/td>\n<\/tr>\n<tr>\n<td class=\"font-weight-500\">5-<\/td>\n<td>CLIMACOOL<\/td>\n<\/tr>\n<tr>\n<td class=\"font-weight-500\">8-<\/td>\n<td>Integrated, reinforced bra<\/td>\n<\/tr>\n<tr>\n<td class=\"font-weight-500\">Composici\u00f3n<\/td>\n<td>100% rec.Polyester<\/td>\n<\/tr>\n<\/tbody>\n<\/table>\n","protected":false},"excerpt":{"rendered":"<p>La Camiseta Tirantes Adidas Y-Tank Powder Yellow 2025, sal a la pista con confianza en los d\u00edas m\u00e1s soleados. Este top adidas Gameset de tirantes en Y tiene un ajuste ce\u00f1ido y aerodin\u00e1mico. Con la tecnolog\u00eda CLIMACOOL, el sudor desaparece y te mantiene fresca, seca y sin distracciones.<\/p>\n","protected":false},"featured_media":218268,"comment_status":"open","ping_status":"closed","template":"","meta":{"_joinchat":[]},"pwb-brand":[28],"product_brand":[],"product_cat":[21,4948,47,5904],"product_tag":[9781,143,83,11208,597,11209,1209],"class_list":{"0":"post-218259","1":"product","2":"type-product","3":"status-publish","4":"has-post-thumbnail","6":"pwb-brand-adidas-padel","7":"product_cat-ropa-padel","8":"product_cat-ropa-adidas","9":"product_cat-mujer","10":"product_cat-tops","11":"product_tag-9781","12":"product_tag-adidas","13":"product_tag-camiseta","14":"product_tag-powder","15":"product_tag-tirantes","16":"product_tag-y-tank","17":"product_tag-yellow","18":"pa_talla-l","19":"pa_talla-m","20":"pa_talla-s","21":"pa_talla-xl","22":"pa_talla-xs","24":"first","25":"instock","26":"sale","27":"taxable","28":"shipping-taxable","29":"purchasable","30":"product-type-variable"},"brands":[{"id":28,"name":"Adidas Padel","slug":"adidas-padel"}],"_links":{"self":[{"href":"https:\/\/tiendapadel5.com\/de\/wp-json\/wp\/v2\/product\/218259","targetHints":{"allow":["GET"]}}],"collection":[{"href":"https:\/\/tiendapadel5.com\/de\/wp-json\/wp\/v2\/product"}],"about":[{"href":"https:\/\/tiendapadel5.com\/de\/wp-json\/wp\/v2\/types\/product"}],"replies":[{"embeddable":true,"href":"https:\/\/tiendapadel5.com\/de\/wp-json\/wp\/v2\/comments?post=218259"}],"version-history":[{"count":0,"href":"https:\/\/tiendapadel5.com\/de\/wp-json\/wp\/v2\/product\/218259\/revisions"}],"wp:featuredmedia":[{"embeddable":true,"href":"https:\/\/tiendapadel5.com\/de\/wp-json\/wp\/v2\/media\/218268"}],"wp:attachment":[{"href":"https:\/\/tiendapadel5.com\/de\/wp-json\/wp\/v2\/media?parent=218259"}],"wp:term":[{"taxonomy":"pwb-brand","embeddable":true,"href":"https:\/\/tiendapadel5.com\/de\/wp-json\/wp\/v2\/pwb-brand?post=218259"},{"taxonomy":"product_brand","embeddable":true,"href":"https:\/\/tiendapadel5.com\/de\/wp-json\/wp\/v2\/product_brand?post=218259"},{"taxonomy":"product_cat","embeddable":true,"href":"https:\/\/tiendapadel5.com\/de\/wp-json\/wp\/v2\/product_cat?post=218259"},{"taxonomy":"product_tag","embeddable":true,"href":"https:\/\/tiendapadel5.com\/de\/wp-json\/wp\/v2\/product_tag?post=218259"}],"curies":[{"name":"wp","href":"https:\/\/api.w.org\/{rel}","templated":true}]}}