{"id":217305,"date":"2025-09-03T11:11:39","date_gmt":"2025-09-03T10:11:39","guid":{"rendered":"https:\/\/tiendapadel5.com\/?post_type=product&#038;p=217305"},"modified":"2026-04-28T11:38:20","modified_gmt":"2026-04-28T09:38:20","slug":"bullpadel-hack-04-2026","status":"publish","type":"product","link":"https:\/\/tiendapadel5.com\/de\/bullpadel-hack-04-2026\/","title":{"rendered":"Bullpadel Hack 04 2026"},"content":{"rendered":"<h2>Bullpadel Hack 04 2026<\/h2>\n<p><strong>Caracter\u00edsticas:<\/strong><\/p>\n<p><strong>\u2022 Peso aprox:<\/strong> 365-375 g.<\/p>\n<p><strong>\u2022 Perfil:<\/strong> 38mm.<\/p>\n<p><strong>\u2022 Balance<\/strong>: \u2248 26,4<\/p>\n<p><strong>\u2022 Superficie de juego:<\/strong> 522 cm\u00b2<\/p>\n<p><strong>\u2022 Forma:<\/strong> Diamante.<\/p>\n<p><strong>\u2022 Comp. Exterior:<\/strong> TriCarbon 18K.<\/p>\n<p><strong>\u2022 Comp. Interior:<\/strong> Multieva.<\/p>\n<p><strong>\u2022 Acabado Rugoso:<\/strong> Tipo 3D<\/p>\n<p><strong>\u2022 Nivel:<\/strong> Profesional<\/p>\n<p><strong>\u2022 Ideal para:<\/strong> Acelerar y Atacar<\/p>\n","protected":false},"excerpt":{"rendered":"<p>La Bullpadel Hack 04 2026, es una pala m\u00e1s r\u00e1pida, potente y s\u00faper \u00e1gil. Hecha para que cada golpe prenda fuego a la bola, gracias a su exclusivo Total Channel y un sweet spot enorme que te permite pegar con m\u00e1s facilidad y llevar tu juego al siguiente nivel<\/p>\n","protected":false},"featured_media":217328,"comment_status":"open","ping_status":"closed","template":"","meta":{"_joinchat":[]},"pwb-brand":[31],"product_brand":[],"product_cat":[1860,11144,1868],"product_tag":[5887,11591,1881,1925],"class_list":{"0":"post-217305","1":"product","2":"type-product","3":"status-publish","4":"has-post-thumbnail","6":"pwb-brand-bullpadel","7":"product_cat-padel-rackets","8":"product_cat-2026-en","9":"product_cat-bullpadel-en","10":"product_tag-04-en","11":"product_tag-11591","12":"product_tag-bullpadel-en","13":"product_tag-hack-en","14":"pa_forma-diamond","15":"pa_marco-carbon-fiber","16":"pa_nivel-de-juego-advanced-professional-en-2","17":"pa_tipo-de-juego-power","19":"first","20":"instock","21":"sale","22":"taxable","23":"shipping-taxable","24":"purchasable","25":"product-type-simple"},"brands":[{"id":31,"name":"Bullpadel","slug":"bullpadel"}],"_links":{"self":[{"href":"https:\/\/tiendapadel5.com\/de\/wp-json\/wp\/v2\/product\/217305","targetHints":{"allow":["GET"]}}],"collection":[{"href":"https:\/\/tiendapadel5.com\/de\/wp-json\/wp\/v2\/product"}],"about":[{"href":"https:\/\/tiendapadel5.com\/de\/wp-json\/wp\/v2\/types\/product"}],"replies":[{"embeddable":true,"href":"https:\/\/tiendapadel5.com\/de\/wp-json\/wp\/v2\/comments?post=217305"}],"version-history":[{"count":1,"href":"https:\/\/tiendapadel5.com\/de\/wp-json\/wp\/v2\/product\/217305\/revisions"}],"predecessor-version":[{"id":244698,"href":"https:\/\/tiendapadel5.com\/de\/wp-json\/wp\/v2\/product\/217305\/revisions\/244698"}],"wp:featuredmedia":[{"embeddable":true,"href":"https:\/\/tiendapadel5.com\/de\/wp-json\/wp\/v2\/media\/217328"}],"wp:attachment":[{"href":"https:\/\/tiendapadel5.com\/de\/wp-json\/wp\/v2\/media?parent=217305"}],"wp:term":[{"taxonomy":"pwb-brand","embeddable":true,"href":"https:\/\/tiendapadel5.com\/de\/wp-json\/wp\/v2\/pwb-brand?post=217305"},{"taxonomy":"product_brand","embeddable":true,"href":"https:\/\/tiendapadel5.com\/de\/wp-json\/wp\/v2\/product_brand?post=217305"},{"taxonomy":"product_cat","embeddable":true,"href":"https:\/\/tiendapadel5.com\/de\/wp-json\/wp\/v2\/product_cat?post=217305"},{"taxonomy":"product_tag","embeddable":true,"href":"https:\/\/tiendapadel5.com\/de\/wp-json\/wp\/v2\/product_tag?post=217305"}],"curies":[{"name":"wp","href":"https:\/\/api.w.org\/{rel}","templated":true}]}}