{"id":216205,"date":"2025-08-21T13:48:34","date_gmt":"2025-08-21T12:48:34","guid":{"rendered":"https:\/\/tiendapadel5.com\/?post_type=product&#038;p=216205"},"modified":"2025-08-21T13:48:41","modified_gmt":"2025-08-21T12:48:41","slug":"camiseta-tecnica-izas-creus-m-big-logo-white-multicolor","status":"publish","type":"product","link":"https:\/\/tiendapadel5.com\/de\/camiseta-tecnica-izas-creus-m-big-logo-white-multicolor\/","title":{"rendered":"Camiseta T\u00e9cnica Izas Creus M Big Logo White\/Multicolor"},"content":{"rendered":"<h2>Camiseta T\u00e9cnica Izas Creus M Big Logo White\/Multicolor<\/h2>\n<p><strong>Caracter\u00edsticas:<\/strong><\/p>\n<ul>\n<li>Camiseta t\u00e9cnica de manga corta.<\/li>\n<li>Tejido con tecnolog\u00eda DRY e Hydrospeed: ligero, transpirable y de secado r\u00e1pido.<\/li>\n<li>El vapor corporal pasa a trav\u00e9s del tejido.<\/li>\n<li>Costuras planas para evitar los roces.<\/li>\n<\/ul>\n","protected":false},"excerpt":{"rendered":"<p>La Camiseta T\u00e9cnica Izas Creus M Big Logo White\/Multicolor, dise\u00f1ada\u00a0para rendir al m\u00e1ximo en cualquier actividad. Con la tecnolog\u00eda DRY e Hydrospeed, es s\u00faper ligera, muy transpirable y se seca en nada, as\u00ed que siempre te mantiene fresco y seco mientras entrenas. Su dise\u00f1o ayuda a que circule el aire y te sientas c\u00f3modo, y las costuras planas evitan rozaduras para que el ajuste sea suave todo el tiempo.<\/p>\n","protected":false},"featured_media":216215,"comment_status":"open","ping_status":"closed","template":"","meta":{"_joinchat":[]},"pwb-brand":[11181],"product_brand":[],"product_cat":[21,87,11182,46],"product_tag":[685,83,11187,11179,1220,956,1041,1202,519],"class_list":{"0":"post-216205","1":"product","2":"type-product","3":"status-publish","4":"has-post-thumbnail","6":"pwb-brand-izas","7":"product_cat-ropa-padel","8":"product_cat-camisetas","9":"product_cat-ropa-izas","10":"product_cat-hombre","11":"product_tag-big","12":"product_tag-camiseta","13":"product_tag-creus","14":"product_tag-izas","15":"product_tag-logo","16":"product_tag-m","17":"product_tag-multicolor","18":"product_tag-tecnica","19":"product_tag-white","20":"pa_talla-l","21":"pa_talla-m","22":"pa_talla-s","24":"first","25":"instock","26":"sale","27":"taxable","28":"shipping-taxable","29":"purchasable","30":"product-type-variable"},"brands":[{"id":11181,"name":"Izas","slug":"izas"}],"_links":{"self":[{"href":"https:\/\/tiendapadel5.com\/de\/wp-json\/wp\/v2\/product\/216205","targetHints":{"allow":["GET"]}}],"collection":[{"href":"https:\/\/tiendapadel5.com\/de\/wp-json\/wp\/v2\/product"}],"about":[{"href":"https:\/\/tiendapadel5.com\/de\/wp-json\/wp\/v2\/types\/product"}],"replies":[{"embeddable":true,"href":"https:\/\/tiendapadel5.com\/de\/wp-json\/wp\/v2\/comments?post=216205"}],"version-history":[{"count":0,"href":"https:\/\/tiendapadel5.com\/de\/wp-json\/wp\/v2\/product\/216205\/revisions"}],"wp:featuredmedia":[{"embeddable":true,"href":"https:\/\/tiendapadel5.com\/de\/wp-json\/wp\/v2\/media\/216215"}],"wp:attachment":[{"href":"https:\/\/tiendapadel5.com\/de\/wp-json\/wp\/v2\/media?parent=216205"}],"wp:term":[{"taxonomy":"pwb-brand","embeddable":true,"href":"https:\/\/tiendapadel5.com\/de\/wp-json\/wp\/v2\/pwb-brand?post=216205"},{"taxonomy":"product_brand","embeddable":true,"href":"https:\/\/tiendapadel5.com\/de\/wp-json\/wp\/v2\/product_brand?post=216205"},{"taxonomy":"product_cat","embeddable":true,"href":"https:\/\/tiendapadel5.com\/de\/wp-json\/wp\/v2\/product_cat?post=216205"},{"taxonomy":"product_tag","embeddable":true,"href":"https:\/\/tiendapadel5.com\/de\/wp-json\/wp\/v2\/product_tag?post=216205"}],"curies":[{"name":"wp","href":"https:\/\/api.w.org\/{rel}","templated":true}]}}