{"id":216029,"date":"2025-08-21T09:13:21","date_gmt":"2025-08-21T08:13:21","guid":{"rendered":"https:\/\/tiendapadel5.com\/?post_type=product&#038;p=216029"},"modified":"2025-08-21T13:06:15","modified_gmt":"2025-08-21T12:06:15","slug":"polo-tecnico-izas-prato-white","status":"publish","type":"product","link":"https:\/\/tiendapadel5.com\/de\/polo-tecnico-izas-prato-white\/","title":{"rendered":"Polo Tecnico Izas Prato White"},"content":{"rendered":"<h2>Polo Tecnico Izas Prato White<\/h2>\n<p><strong>Caracter\u00edsticas:<\/strong><\/p>\n<ul>\n<li>Polo t\u00e9cnico de tirantes.<\/li>\n<li>Cierre en el pecho con cremallera.<\/li>\n<li>Tejido con tecnolog\u00eda DRY y HYDROSPEED: ligero,<\/li>\n<li>transpirable y de secado r\u00e1pido.<\/li>\n<li>El vapor corporal pasa a trav\u00e9s del tejido.<\/li>\n<\/ul>\n","protected":false},"excerpt":{"rendered":"<p>El Polo Tecnico Izas Prato White, esta dise\u00f1ado con tirantes pensado para rendir al m\u00e1ximo. Su tela con tecnolog\u00eda DRY y HYDROSPEED es ligera, transpirable y se seca rapid\u00edsimo. Deja salir el calor de tu cuerpo para que est\u00e9s siempre seco y c\u00f3modo.<\/p>\n","protected":false},"featured_media":216039,"comment_status":"open","ping_status":"closed","template":"","meta":{"_joinchat":[]},"pwb-brand":[11181],"product_brand":[],"product_cat":[21,5903,11182,47],"product_tag":[11179,400,11183,1043,519],"class_list":{"0":"post-216029","1":"product","2":"type-product","3":"status-publish","4":"has-post-thumbnail","6":"pwb-brand-izas","7":"product_cat-ropa-padel","8":"product_cat-camisetass","9":"product_cat-ropa-izas","10":"product_cat-mujer","11":"product_tag-izas","12":"product_tag-polo","13":"product_tag-prato","14":"product_tag-tecnico","15":"product_tag-white","16":"pa_talla-2xl","17":"pa_talla-l","18":"pa_talla-m","19":"pa_talla-s","20":"pa_talla-xl","22":"first","23":"instock","24":"sale","25":"taxable","26":"shipping-taxable","27":"purchasable","28":"product-type-variable"},"brands":[{"id":11181,"name":"Izas","slug":"izas"}],"_links":{"self":[{"href":"https:\/\/tiendapadel5.com\/de\/wp-json\/wp\/v2\/product\/216029","targetHints":{"allow":["GET"]}}],"collection":[{"href":"https:\/\/tiendapadel5.com\/de\/wp-json\/wp\/v2\/product"}],"about":[{"href":"https:\/\/tiendapadel5.com\/de\/wp-json\/wp\/v2\/types\/product"}],"replies":[{"embeddable":true,"href":"https:\/\/tiendapadel5.com\/de\/wp-json\/wp\/v2\/comments?post=216029"}],"version-history":[{"count":0,"href":"https:\/\/tiendapadel5.com\/de\/wp-json\/wp\/v2\/product\/216029\/revisions"}],"wp:featuredmedia":[{"embeddable":true,"href":"https:\/\/tiendapadel5.com\/de\/wp-json\/wp\/v2\/media\/216039"}],"wp:attachment":[{"href":"https:\/\/tiendapadel5.com\/de\/wp-json\/wp\/v2\/media?parent=216029"}],"wp:term":[{"taxonomy":"pwb-brand","embeddable":true,"href":"https:\/\/tiendapadel5.com\/de\/wp-json\/wp\/v2\/pwb-brand?post=216029"},{"taxonomy":"product_brand","embeddable":true,"href":"https:\/\/tiendapadel5.com\/de\/wp-json\/wp\/v2\/product_brand?post=216029"},{"taxonomy":"product_cat","embeddable":true,"href":"https:\/\/tiendapadel5.com\/de\/wp-json\/wp\/v2\/product_cat?post=216029"},{"taxonomy":"product_tag","embeddable":true,"href":"https:\/\/tiendapadel5.com\/de\/wp-json\/wp\/v2\/product_tag?post=216029"}],"curies":[{"name":"wp","href":"https:\/\/api.w.org\/{rel}","templated":true}]}}