{"id":215634,"date":"2025-08-15T16:54:29","date_gmt":"2025-08-15T15:54:29","guid":{"rendered":"https:\/\/tiendapadel5.com\/?post_type=product&#038;p=215634"},"modified":"2026-04-06T17:18:34","modified_gmt":"2026-04-06T15:18:34","slug":"adidas-rx-200-light-2022","status":"publish","type":"product","link":"https:\/\/tiendapadel5.com\/de\/adidas-rx-200-light-2022\/","title":{"rendered":"Adidas Rx 200 Light 2022"},"content":{"rendered":"<h2>Adidas Rx 200 Light 2022<\/h2>\n<p><strong>Caracter\u00edsticas:<\/strong><\/p>\n<p><span class=\"info\"><strong>Forma:<\/strong> Lagrima<\/span><\/p>\n<p><span class=\"info\"><strong>Nivel:<\/strong> Intermedio<\/span><\/p>\n<p><span class=\"info\"><strong>Juego:<\/strong> Polivalente<\/span><\/p>\n<p><span class=\"info\"><strong>Peso:<\/strong> 350-360 gr.<\/span><\/p>\n<p><span class=\"info\"><strong>Perfil:<\/strong> 38 mm<\/span><\/p>\n<p><span class=\"info\"><strong>A\u00f1o:<\/strong> 2022<\/span><\/p>\n<p><span class=\"info\"><strong>N\u00facleo:<\/strong> Eva<\/span><\/p>\n<p><span class=\"info\"><strong>Tacto:<\/strong> Blando<\/span><\/p>\n<p><span class=\"info\"><strong>Material Principal:<\/strong> Fibra de vidrio<\/span><\/p>\n<p><span class=\"info\"><strong>Rugosidad:<\/strong> Sin rugosidad<\/span><\/p>\n","protected":false},"excerpt":{"rendered":"<p>La Adidas Rx 200 Light 2022, es una pala que esta dise\u00f1ada con peso bien repartido y una forma oversize, se adapta a cualquier estilo de juego. Adem\u00e1s, como es m\u00e1s liviana, se te va a hacer mucho m\u00e1s f\u00e1cil de manejar.<\/p>\n","protected":false},"featured_media":215656,"comment_status":"open","ping_status":"closed","template":"","meta":{"_joinchat":[]},"pwb-brand":[28],"product_brand":[],"product_cat":[19,4373,406],"product_tag":[11177,1144,143,587,1141],"class_list":{"0":"post-215634","1":"product","2":"type-product","3":"status-publish","4":"has-post-thumbnail","6":"pwb-brand-adidas-padel","7":"product_cat-palas-padel","8":"product_cat-palas-padel-2022","9":"product_cat-adidas","10":"product_tag-11177","11":"product_tag-1144","12":"product_tag-adidas","13":"product_tag-light","14":"product_tag-rx","15":"pa_forma-lagrima","16":"pa_marco-fibra-de-vidrio","17":"pa_nivel-de-juego-intermedio","18":"pa_tipo-de-juego-polivalente","20":"first","21":"instock","22":"sale","23":"taxable","24":"shipping-taxable","25":"purchasable","26":"product-type-simple"},"brands":[{"id":28,"name":"Adidas Padel","slug":"adidas-padel"}],"_links":{"self":[{"href":"https:\/\/tiendapadel5.com\/de\/wp-json\/wp\/v2\/product\/215634","targetHints":{"allow":["GET"]}}],"collection":[{"href":"https:\/\/tiendapadel5.com\/de\/wp-json\/wp\/v2\/product"}],"about":[{"href":"https:\/\/tiendapadel5.com\/de\/wp-json\/wp\/v2\/types\/product"}],"replies":[{"embeddable":true,"href":"https:\/\/tiendapadel5.com\/de\/wp-json\/wp\/v2\/comments?post=215634"}],"version-history":[{"count":0,"href":"https:\/\/tiendapadel5.com\/de\/wp-json\/wp\/v2\/product\/215634\/revisions"}],"wp:featuredmedia":[{"embeddable":true,"href":"https:\/\/tiendapadel5.com\/de\/wp-json\/wp\/v2\/media\/215656"}],"wp:attachment":[{"href":"https:\/\/tiendapadel5.com\/de\/wp-json\/wp\/v2\/media?parent=215634"}],"wp:term":[{"taxonomy":"pwb-brand","embeddable":true,"href":"https:\/\/tiendapadel5.com\/de\/wp-json\/wp\/v2\/pwb-brand?post=215634"},{"taxonomy":"product_brand","embeddable":true,"href":"https:\/\/tiendapadel5.com\/de\/wp-json\/wp\/v2\/product_brand?post=215634"},{"taxonomy":"product_cat","embeddable":true,"href":"https:\/\/tiendapadel5.com\/de\/wp-json\/wp\/v2\/product_cat?post=215634"},{"taxonomy":"product_tag","embeddable":true,"href":"https:\/\/tiendapadel5.com\/de\/wp-json\/wp\/v2\/product_tag?post=215634"}],"curies":[{"name":"wp","href":"https:\/\/api.w.org\/{rel}","templated":true}]}}