{"id":213632,"date":"2025-08-05T16:07:28","date_gmt":"2025-08-05T15:07:28","guid":{"rendered":"https:\/\/tiendapadel5.com\/?post_type=product&#038;p=213632"},"modified":"2026-01-20T18:44:53","modified_gmt":"2026-01-20T17:44:53","slug":"pala-pickleball-head-attitude-suprm","status":"publish","type":"product","link":"https:\/\/tiendapadel5.com\/de\/pala-pickleball-head-attitude-suprm\/","title":{"rendered":"Pala Pickleball Head Attitude SUPRM"},"content":{"rendered":"<h2>Pala Pickleball Head Attitude SUPRM<\/h2>\n<p><strong>Caracter\u00edsticas:<\/strong><\/p>\n<ul class=\"productInformation-specsBlock-gga\">\n<li>\n<div class=\"productInformation-title-VwF\"><strong>Grosor:<\/strong> 15 mm \/ 3\/5 in<\/div>\n<\/li>\n<li>\n<div class=\"productInformation-title-VwF\"><strong>Longitud:<\/strong> 408 mm \/ 16 in<\/div>\n<\/li>\n<li>\n<div class=\"productInformation-title-VwF\"><strong>Grip Length:<\/strong> 127 mm \/ 5 in<\/div>\n<\/li>\n<li>\n<div class=\"productInformation-title-VwF\"><strong>Equilibrio:<\/strong> 235 mm \/ 9.3 in<\/div>\n<\/li>\n<li>\n<div class=\"productInformation-title-VwF\"><strong>Width:<\/strong> 198 mm \/ 7 7\/8 in<\/div>\n<\/li>\n<li>\n<div class=\"productInformation-title-VwF\"><strong>Peso:<\/strong> 230 g \/ 8.1 oz<\/div>\n<\/li>\n<\/ul>\n","protected":false},"excerpt":{"rendered":"<p>La Pala Pickleball Head Attitude SUPRM, es ideal si est\u00e1s empezando y quieres algo que rinda bien. Te da buena potencia, efecto y adem\u00e1s dura un mont\u00f3n. Una gran opci\u00f3n para dar tus primeros pasos en la pista.<\/p>\n","protected":false},"featured_media":213633,"comment_status":"open","ping_status":"closed","template":"","meta":{"_joinchat":[]},"pwb-brand":[33],"product_brand":[],"product_cat":[10584,11152,11081],"product_tag":[11149,160,577,10593,11150],"class_list":{"0":"post-213632","1":"product","2":"type-product","3":"status-publish","4":"has-post-thumbnail","6":"pwb-brand-head","7":"product_cat-palas-pickleball","8":"product_cat-pick-head","9":"product_cat-pickleball","10":"product_tag-attitude","11":"product_tag-head","12":"product_tag-pala","13":"product_tag-pickleball","14":"product_tag-suprm","16":"first","17":"instock","18":"sale","19":"taxable","20":"shipping-taxable","21":"purchasable","22":"product-type-simple"},"brands":[{"id":33,"name":"Head","slug":"head"}],"_links":{"self":[{"href":"https:\/\/tiendapadel5.com\/de\/wp-json\/wp\/v2\/product\/213632","targetHints":{"allow":["GET"]}}],"collection":[{"href":"https:\/\/tiendapadel5.com\/de\/wp-json\/wp\/v2\/product"}],"about":[{"href":"https:\/\/tiendapadel5.com\/de\/wp-json\/wp\/v2\/types\/product"}],"replies":[{"embeddable":true,"href":"https:\/\/tiendapadel5.com\/de\/wp-json\/wp\/v2\/comments?post=213632"}],"version-history":[{"count":0,"href":"https:\/\/tiendapadel5.com\/de\/wp-json\/wp\/v2\/product\/213632\/revisions"}],"wp:featuredmedia":[{"embeddable":true,"href":"https:\/\/tiendapadel5.com\/de\/wp-json\/wp\/v2\/media\/213633"}],"wp:attachment":[{"href":"https:\/\/tiendapadel5.com\/de\/wp-json\/wp\/v2\/media?parent=213632"}],"wp:term":[{"taxonomy":"pwb-brand","embeddable":true,"href":"https:\/\/tiendapadel5.com\/de\/wp-json\/wp\/v2\/pwb-brand?post=213632"},{"taxonomy":"product_brand","embeddable":true,"href":"https:\/\/tiendapadel5.com\/de\/wp-json\/wp\/v2\/product_brand?post=213632"},{"taxonomy":"product_cat","embeddable":true,"href":"https:\/\/tiendapadel5.com\/de\/wp-json\/wp\/v2\/product_cat?post=213632"},{"taxonomy":"product_tag","embeddable":true,"href":"https:\/\/tiendapadel5.com\/de\/wp-json\/wp\/v2\/product_tag?post=213632"}],"curies":[{"name":"wp","href":"https:\/\/api.w.org\/{rel}","templated":true}]}}