{"id":213128,"date":"2025-07-29T23:52:36","date_gmt":"2025-07-29T22:52:36","guid":{"rendered":"https:\/\/tiendapadel5.com\/?post_type=product&#038;p=213128"},"modified":"2026-04-17T10:15:51","modified_gmt":"2026-04-17T08:15:51","slug":"bullpadel-pearl-2026","status":"publish","type":"product","link":"https:\/\/tiendapadel5.com\/de\/bullpadel-pearl-2026\/","title":{"rendered":"Bullpadel Pearl 2026"},"content":{"rendered":"<h2>Bullpadel Pearl 2026<\/h2>\n<p><strong>Caracter\u00edsticas:<\/strong><\/p>\n<p><strong>Tecnolog\u00edas:<\/strong> Trinamic, Air React Channel, Custom Weight, Vibradrive, Multieva, Fibrix.<\/p>\n<p><strong>Peso:<\/strong> 355-365 gramos<\/p>\n<p><strong>Perfil:<\/strong> 38 mm<\/p>\n<p><strong>Balance:<\/strong> \u2248 26<\/p>\n<p><strong>Superficie de juego:<\/strong> 531 cm2<\/p>\n<p><strong>Forma:<\/strong> Diamante<\/p>\n<p><strong>Composici\u00f3n Exterior:<\/strong> Fibrix<\/p>\n<p><strong>Composici\u00f3n Interior:<\/strong> Multieva<\/p>\n<p><strong>Acabado rugoso:<\/strong> Tipo 3D<\/p>\n<p><strong>Nivel:<\/strong> Avanzado<\/p>\n<p><strong>Ideal para:<\/strong> Mejorar tu ataque<\/p>\n","protected":false},"excerpt":{"rendered":"<p>La Pala Bullpadel Pearl 2026, dise\u00f1ada para jugadoras como Bea Gonzalez, que lo dan todo en la pista con fuerza, rapidez y sin complicarse, la Pearl es una pala que va como un tiro y se siente genial desde el primer golpe. Su forma estilizada y el n\u00facleo que lleva hacen que puedas acelerar los golpes sin perder el control en ning\u00fan momento. La desarroll\u00f3 el equipo de Bullpadel-Lab con lo \u00faltimo en tecnolog\u00eda, para que tengas esa sensaci\u00f3n de potencia f\u00e1cil y un juego s\u00faper fluido.<\/p>\n","protected":false},"featured_media":213150,"comment_status":"open","ping_status":"closed","template":"","meta":{"_joinchat":[]},"pwb-brand":[31],"product_brand":[],"product_cat":[19,11134,409],"product_tag":[11132,319,9693],"class_list":{"0":"post-213128","1":"product","2":"type-product","3":"status-publish","4":"has-post-thumbnail","6":"pwb-brand-bullpadel","7":"product_cat-palas-padel","8":"product_cat-11134","9":"product_cat-bullpadel","10":"product_tag-11132","11":"product_tag-bullpadel","12":"product_tag-pearl-2","13":"pa_forma-diamante","14":"pa_marco-fibra-de-carbono","15":"pa_nivel-de-juego-avanzado-profesional","16":"pa_tipo-de-juego-polivalente","18":"first","19":"instock","20":"sale","21":"taxable","22":"shipping-taxable","23":"product-type-simple"},"brands":[{"id":31,"name":"Bullpadel","slug":"bullpadel"}],"_links":{"self":[{"href":"https:\/\/tiendapadel5.com\/de\/wp-json\/wp\/v2\/product\/213128","targetHints":{"allow":["GET"]}}],"collection":[{"href":"https:\/\/tiendapadel5.com\/de\/wp-json\/wp\/v2\/product"}],"about":[{"href":"https:\/\/tiendapadel5.com\/de\/wp-json\/wp\/v2\/types\/product"}],"replies":[{"embeddable":true,"href":"https:\/\/tiendapadel5.com\/de\/wp-json\/wp\/v2\/comments?post=213128"}],"version-history":[{"count":1,"href":"https:\/\/tiendapadel5.com\/de\/wp-json\/wp\/v2\/product\/213128\/revisions"}],"predecessor-version":[{"id":244699,"href":"https:\/\/tiendapadel5.com\/de\/wp-json\/wp\/v2\/product\/213128\/revisions\/244699"}],"wp:featuredmedia":[{"embeddable":true,"href":"https:\/\/tiendapadel5.com\/de\/wp-json\/wp\/v2\/media\/213150"}],"wp:attachment":[{"href":"https:\/\/tiendapadel5.com\/de\/wp-json\/wp\/v2\/media?parent=213128"}],"wp:term":[{"taxonomy":"pwb-brand","embeddable":true,"href":"https:\/\/tiendapadel5.com\/de\/wp-json\/wp\/v2\/pwb-brand?post=213128"},{"taxonomy":"product_brand","embeddable":true,"href":"https:\/\/tiendapadel5.com\/de\/wp-json\/wp\/v2\/product_brand?post=213128"},{"taxonomy":"product_cat","embeddable":true,"href":"https:\/\/tiendapadel5.com\/de\/wp-json\/wp\/v2\/product_cat?post=213128"},{"taxonomy":"product_tag","embeddable":true,"href":"https:\/\/tiendapadel5.com\/de\/wp-json\/wp\/v2\/product_tag?post=213128"}],"curies":[{"name":"wp","href":"https:\/\/api.w.org\/{rel}","templated":true}]}}