{"id":211694,"date":"2025-07-14T09:50:47","date_gmt":"2025-07-14T08:50:47","guid":{"rendered":"https:\/\/tiendapadel5.com\/?post_type=product&#038;p=211694"},"modified":"2026-04-28T14:43:37","modified_gmt":"2026-04-28T12:43:37","slug":"nox-at10-luxury-genius-18k-alum-buenos-aires-exclusive-edition","status":"publish","type":"product","link":"https:\/\/tiendapadel5.com\/de\/nox-at10-luxury-genius-18k-alum-buenos-aires-exclusive-edition\/","title":{"rendered":"Nox AT10 Luxury Genius 18K Alum Buenos Aires Exclusive Edition"},"content":{"rendered":"<h2>Nox AT10 Luxury Genius 18K Alum Buenos Aires Exclusive Edition<\/h2>\n<p><strong>Caracter\u00edsticas:<\/strong><\/p>\n<ul>\n<li><strong>PESO:\u00a0<\/strong>360 &#8211; 375g<\/li>\n<li><strong>ANCHO:\u00a0<\/strong>38 mm<\/li>\n<li><strong>MARCO:\u00a0<\/strong>100% carbono<\/li>\n<li><strong>N\u00daCLEO:\u00a0<\/strong>MLD Black Eva<\/li>\n<li><strong>CARA:\u00a0<\/strong>Carbon Alum 18K<\/li>\n<li><strong>SUPERFICIE:\u00a0<\/strong>Patr\u00f3n exclusivo SPIN 3D y\u00a0rugoso de arena<\/li>\n<li><strong>FORMA:\u00a0<\/strong>Gota \/ L\u00e1grima<\/li>\n<li><strong>POTENCIA:\u00a0<\/strong>90\/100<\/li>\n<li><strong>CONTROL:\u00a0<\/strong>100\/100<\/li>\n<\/ul>\n","protected":false},"excerpt":{"rendered":"<p>La Pala Nox AT10 Luxury Genius 18K Alum Buenos Aires Exclusive Edition, es la pala fabricada para el jugador Agust\u00edn Tapia para el PremierPadel de Buenos Aires. Representa una versi\u00f3n optimizada de la AT10 Luxury Genius 18K Alum, destac\u00e1ndose por su equilibrio excepcional y una velocidad de juego sobresaliente.<\/p>\n","protected":false},"featured_media":233317,"comment_status":"open","ping_status":"closed","template":"","meta":{"_joinchat":[]},"pwb-brand":[34],"product_brand":[],"product_cat":[19,11024,412],"product_tag":[11114,11116,946,11115,500,11117,134,178,130],"class_list":{"0":"post-211694","1":"product","2":"type-product","3":"status-publish","4":"has-post-thumbnail","6":"pwb-brand-nox","7":"product_cat-palas-padel","8":"product_cat-palas-de-padel-2025","9":"product_cat-nox","10":"product_tag-18k-alum","11":"product_tag-aires","12":"product_tag-at10","13":"product_tag-buenos","14":"product_tag-edition","15":"product_tag-exclusive-2","16":"product_tag-genius","17":"product_tag-luxury","18":"product_tag-nox","19":"pa_forma-lagrima","20":"pa_marco-fibra-de-carbono","21":"pa_nivel-de-juego-avanzado-profesional","22":"pa_tipo-de-juego-control","24":"first","25":"instock","26":"sale","27":"taxable","28":"shipping-taxable","29":"purchasable","30":"product-type-simple"},"brands":[{"id":34,"name":"Nox","slug":"nox"}],"_links":{"self":[{"href":"https:\/\/tiendapadel5.com\/de\/wp-json\/wp\/v2\/product\/211694","targetHints":{"allow":["GET"]}}],"collection":[{"href":"https:\/\/tiendapadel5.com\/de\/wp-json\/wp\/v2\/product"}],"about":[{"href":"https:\/\/tiendapadel5.com\/de\/wp-json\/wp\/v2\/types\/product"}],"replies":[{"embeddable":true,"href":"https:\/\/tiendapadel5.com\/de\/wp-json\/wp\/v2\/comments?post=211694"}],"version-history":[{"count":0,"href":"https:\/\/tiendapadel5.com\/de\/wp-json\/wp\/v2\/product\/211694\/revisions"}],"wp:featuredmedia":[{"embeddable":true,"href":"https:\/\/tiendapadel5.com\/de\/wp-json\/wp\/v2\/media\/233317"}],"wp:attachment":[{"href":"https:\/\/tiendapadel5.com\/de\/wp-json\/wp\/v2\/media?parent=211694"}],"wp:term":[{"taxonomy":"pwb-brand","embeddable":true,"href":"https:\/\/tiendapadel5.com\/de\/wp-json\/wp\/v2\/pwb-brand?post=211694"},{"taxonomy":"product_brand","embeddable":true,"href":"https:\/\/tiendapadel5.com\/de\/wp-json\/wp\/v2\/product_brand?post=211694"},{"taxonomy":"product_cat","embeddable":true,"href":"https:\/\/tiendapadel5.com\/de\/wp-json\/wp\/v2\/product_cat?post=211694"},{"taxonomy":"product_tag","embeddable":true,"href":"https:\/\/tiendapadel5.com\/de\/wp-json\/wp\/v2\/product_tag?post=211694"}],"curies":[{"name":"wp","href":"https:\/\/api.w.org\/{rel}","templated":true}]}}