{"id":211481,"date":"2025-07-10T23:46:40","date_gmt":"2025-07-10T22:46:40","guid":{"rendered":"https:\/\/tiendapadel5.com\/?post_type=product&#038;p=211481"},"modified":"2025-07-10T23:46:44","modified_gmt":"2025-07-10T22:46:44","slug":"falda-endless-ripley-black","status":"publish","type":"product","link":"https:\/\/tiendapadel5.com\/de\/falda-endless-ripley-black\/","title":{"rendered":"Falda Endless Ripley Black"},"content":{"rendered":"<h2>Falda Endless Ripley Black<\/h2>\n<p><strong>Caracter\u00edsticas:<\/strong><\/p>\n<p><strong>Composici\u00f3n:<\/strong> 80% Poliamida \u2013 20% LycraSport<\/p>\n","protected":false},"excerpt":{"rendered":"<p>La Falda Endless Ripley Black, est\u00e1 dise\u00f1ada con cintura alta para proporcionarte comodidad y seguridad durante el juego. Su fald\u00f3n ligero realza la silueta y facilita tus movimientos con total libertad.<\/p>\n","protected":false},"featured_media":211489,"comment_status":"open","ping_status":"closed","template":"","meta":{"_joinchat":[]},"pwb-brand":[11105],"product_brand":[],"product_cat":[21,96,11108,47],"product_tag":[203,11103,506,11113],"class_list":{"0":"post-211481","1":"product","2":"type-product","3":"status-publish","4":"has-post-thumbnail","6":"pwb-brand-endless","7":"product_cat-ropa-padel","8":"product_cat-faldas","9":"product_cat-ropa-de-padel-endless","10":"product_cat-mujer","11":"product_tag-black","12":"product_tag-endless","13":"product_tag-falda","14":"product_tag-ripley","15":"pa_talla-l","16":"pa_talla-m","17":"pa_talla-s","18":"pa_talla-xl","20":"first","21":"instock","22":"sale","23":"taxable","24":"shipping-taxable","25":"purchasable","26":"product-type-variable"},"brands":[{"id":11105,"name":"Endless","slug":"endless"}],"_links":{"self":[{"href":"https:\/\/tiendapadel5.com\/de\/wp-json\/wp\/v2\/product\/211481","targetHints":{"allow":["GET"]}}],"collection":[{"href":"https:\/\/tiendapadel5.com\/de\/wp-json\/wp\/v2\/product"}],"about":[{"href":"https:\/\/tiendapadel5.com\/de\/wp-json\/wp\/v2\/types\/product"}],"replies":[{"embeddable":true,"href":"https:\/\/tiendapadel5.com\/de\/wp-json\/wp\/v2\/comments?post=211481"}],"version-history":[{"count":0,"href":"https:\/\/tiendapadel5.com\/de\/wp-json\/wp\/v2\/product\/211481\/revisions"}],"wp:featuredmedia":[{"embeddable":true,"href":"https:\/\/tiendapadel5.com\/de\/wp-json\/wp\/v2\/media\/211489"}],"wp:attachment":[{"href":"https:\/\/tiendapadel5.com\/de\/wp-json\/wp\/v2\/media?parent=211481"}],"wp:term":[{"taxonomy":"pwb-brand","embeddable":true,"href":"https:\/\/tiendapadel5.com\/de\/wp-json\/wp\/v2\/pwb-brand?post=211481"},{"taxonomy":"product_brand","embeddable":true,"href":"https:\/\/tiendapadel5.com\/de\/wp-json\/wp\/v2\/product_brand?post=211481"},{"taxonomy":"product_cat","embeddable":true,"href":"https:\/\/tiendapadel5.com\/de\/wp-json\/wp\/v2\/product_cat?post=211481"},{"taxonomy":"product_tag","embeddable":true,"href":"https:\/\/tiendapadel5.com\/de\/wp-json\/wp\/v2\/product_tag?post=211481"}],"curies":[{"name":"wp","href":"https:\/\/api.w.org\/{rel}","templated":true}]}}